{"id":1032,"date":"2023-05-23T21:28:02","date_gmt":"2023-05-23T21:28:02","guid":{"rendered":"http:\/\/grafstil.es\/?page_id=1032"},"modified":"2023-06-05T18:31:39","modified_gmt":"2023-06-05T18:31:39","slug":"maquinaria-cnc","status":"publish","type":"page","link":"https:\/\/grafstil.es\/ca\/maquinaria-cnc\/","title":{"rendered":"Maquin\u00e0ria (CNC)"},"content":{"rendered":"<div data-elementor-type=\"wp-page\" data-elementor-id=\"1032\" class=\"elementor elementor-1032\">\n\t\t\t\t\t\t\t\t\t<section class=\"elementor-section elementor-top-section elementor-element elementor-element-08e6c8f elementor-section-full_width elementor-section-height-min-height elementor-section-height-default elementor-section-items-middle\" data-id=\"08e6c8f\" data-element_type=\"section\" data-settings=\"{&quot;background_background&quot;:&quot;video&quot;,&quot;background_video_link&quot;:&quot;http:\\\/\\\/grafstil.es\\\/wp-content\\\/uploads\\\/2023\\\/05\\\/MAQUINARIA.mp4&quot;,&quot;background_play_on_mobile&quot;:&quot;yes&quot;}\">\n\t\t\t\t\t\t\t\t<div class=\"elementor-background-video-container\">\n\t\t\t\t\t\t\t\t\t\t\t\t\t<video class=\"elementor-background-video-hosted elementor-html5-video\" autoplay muted playsinline loop><\/video>\n\t\t\t\t\t\t\t\t\t\t\t<\/div>\n\t\t\t\t\t\t\t\t\t<div class=\"elementor-background-overlay\"><\/div>\n\t\t\t\t\t\t\t<div class=\"elementor-container elementor-column-gap-default\">\n\t\t\t\t\t<div class=\"elementor-column elementor-col-100 elementor-top-column elementor-element elementor-element-8831a54\" data-id=\"8831a54\" data-element_type=\"column\">\n\t\t\t<div class=\"elementor-widget-wrap elementor-element-populated\">\n\t\t\t\t\t\t\t\t<div class=\"elementor-element elementor-element-51570ac5 elementor-widget elementor-widget-jkit_heading\" data-id=\"51570ac5\" data-element_type=\"widget\" data-settings=\"{&quot;motion_fx_motion_fx_scrolling&quot;:&quot;yes&quot;,&quot;motion_fx_devices&quot;:[&quot;desktop&quot;,&quot;tablet&quot;,&quot;mobile&quot;]}\" data-widget_type=\"jkit_heading.default\">\n\t\t\t\t<div class=\"elementor-widget-container\">\n\t\t\t<div  class=\"jeg-elementor-kit jkit-heading  align-center align-tablet- align-mobile- jeg_module___69e31eea52ace\" ><div class=\"heading-section-title  display-inline-block\"><h2 class=\"heading-title\">MAQUIN\u00c0RIA (CNC)<\/h2><\/div><div class=\"heading-section-separator\"><div class=\"separator-wrapper style-solid\"><\/div><\/div><\/div>\t\t<\/div>\n\t\t\t\t<\/div>\n\t\t\t\t\t<\/div>\n\t\t<\/div>\n\t\t\t\t\t\t\t<\/div>\n\t\t<\/section>\n\t\t\t\t<section class=\"elementor-section elementor-top-section elementor-element elementor-element-101f3b8e elementor-section-boxed elementor-section-height-default elementor-section-height-default\" data-id=\"101f3b8e\" data-element_type=\"section\">\n\t\t\t\t\t\t<div class=\"elementor-container elementor-column-gap-default\">\n\t\t\t\t\t<div class=\"elementor-column elementor-col-100 elementor-top-column elementor-element elementor-element-38dc8c76\" data-id=\"38dc8c76\" data-element_type=\"column\">\n\t\t\t<div class=\"elementor-widget-wrap elementor-element-populated\">\n\t\t\t\t\t\t\t\t<section class=\"elementor-section elementor-inner-section elementor-element elementor-element-689efd6 elementor-section-full_width elementor-section-height-default elementor-section-height-default\" data-id=\"689efd6\" data-element_type=\"section\">\n\t\t\t\t\t\t<div class=\"elementor-container elementor-column-gap-default\">\n\t\t\t\t\t<div class=\"elementor-column elementor-col-100 elementor-inner-column elementor-element elementor-element-5cdd88f\" data-id=\"5cdd88f\" data-element_type=\"column\">\n\t\t\t<div class=\"elementor-widget-wrap elementor-element-populated\">\n\t\t\t\t\t\t\t\t<div class=\"elementor-element elementor-element-f601b07 elementor-invisible elementor-widget elementor-widget-text-editor\" data-id=\"f601b07\" data-element_type=\"widget\" data-settings=\"{&quot;_animation&quot;:&quot;fadeIn&quot;}\" data-widget_type=\"text-editor.default\">\n\t\t\t\t<div class=\"elementor-widget-container\">\n\t\t\t<style>\/*! elementor - v3.13.3 - 28-05-2023 *\/\n.elementor-widget-text-editor.elementor-drop-cap-view-stacked .elementor-drop-cap{background-color:#69727d;color:#fff}.elementor-widget-text-editor.elementor-drop-cap-view-framed .elementor-drop-cap{color:#69727d;border:3px solid;background-color:transparent}.elementor-widget-text-editor:not(.elementor-drop-cap-view-default) .elementor-drop-cap{margin-top:8px}.elementor-widget-text-editor:not(.elementor-drop-cap-view-default) .elementor-drop-cap-letter{width:1em;height:1em}.elementor-widget-text-editor .elementor-drop-cap{float:left;text-align:center;line-height:1;font-size:50px}.elementor-widget-text-editor .elementor-drop-cap-letter{display:inline-block}<\/style>\t\t\t\t<p>En Grafstil, la nostra maquin\u00e0ria \u00e9s d&#039;avantguarda, ens permet oferir <strong>solucions t\u00e8cniques de l&#039;alta qualitat<\/strong>:<\/p><ul><li><strong>Tallador i gravador, l\u00e0ser<\/strong>: Hem l\u00e0ser talladors en dos formats de ferro (900 x 1300 mm 1500 x 3000 mm), que ens permeten fer talls i gravats descripcions en una \u00e0mplia gamma de materials, prestaci\u00f3 de versatilitat i excepcional detall per els vostres projectes.<\/li><li><strong>Corredisses veure taula de tall recte<\/strong>: La nostra lliscament de la taula va veure assegura precisa talls nets i en una gran varietat de materials, garantint la qualitat dels resultats i ajust perfecte a cada pe\u00e7a.<\/li><li><strong>Bender-calenta<\/strong>: Amb una capacitat de 2.200 mm x 4 plecs, la nostra plegadora calenta ofereix plecs perfecta i duradora, en determinats materials, garantint un acabat impecable.<\/li><li><strong>Centre de mecanitzat<\/strong>: El nostre centre de mecanitzat de format 1500 x 3500 mm ens permet realitzar d&#039;alta precisi\u00f3, treball i qualitat en diferents materials, oferint resultats consistents i detallada.<\/li><li><strong>Departament de manipulaci\u00f3 i muntatge<\/strong>: Disposem d&#039;un equip especialitzat en la manipulaci\u00f3 i muntatge, assegurant que cada pe\u00e7a encaixa adequadament i garantir final acabats de la m\u00e0xima qualitat.<\/li><\/ul><p><strong>Amb el nostre estat de l&#039;art de la maquin\u00e0ria i la nostra focalitzaci\u00f3 en l&#039;excel\u00b7l\u00e8ncia t\u00e8cnica, en Grafstil us proporcionem solucions que compleixen amb els m\u00e9s alts est\u00e0ndards de qualitat i la precisi\u00f3 en cada etapa de la producci\u00f3.<\/strong><\/p>\t\t\t\t\t\t<\/div>\n\t\t\t\t<\/div>\n\t\t\t\t<div class=\"elementor-element elementor-element-bc59a33 elementor-align-left elementor-mobile-align-center elementor-invisible elementor-widget elementor-widget-button\" data-id=\"bc59a33\" data-element_type=\"widget\" data-settings=\"{&quot;_animation&quot;:&quot;fadeIn&quot;}\" data-widget_type=\"button.default\">\n\t\t\t\t<div class=\"elementor-widget-container\">\n\t\t\t\t\t<div class=\"elementor-button-wrapper\">\n\t\t\t<a href=\"https:\/\/grafstil.es\/ca\/contacto\/\" class=\"elementor-button-link elementor-button elementor-size-sm\" role=\"button\">\n\t\t\t\t\t\t<span class=\"elementor-button-content-wrapper\">\n\t\t\t\t\t\t<span class=\"elementor-button-text\">CONTACTE<\/span>\n\t\t<\/span>\n\t\t\t\t\t<\/a>\n\t\t<\/div>\n\t\t\t\t<\/div>\n\t\t\t\t<\/div>\n\t\t\t\t\t<\/div>\n\t\t<\/div>\n\t\t\t\t\t\t\t<\/div>\n\t\t<\/section>\n\t\t\t\t\t<\/div>\n\t\t<\/div>\n\t\t\t\t\t\t\t<\/div>\n\t\t<\/section>\n\t\t\t\t<section class=\"elementor-section elementor-top-section elementor-element elementor-element-3823ca5 elementor-section-boxed elementor-section-height-default elementor-section-height-default\" data-id=\"3823ca5\" data-element_type=\"section\" data-settings=\"{&quot;background_background&quot;:&quot;classic&quot;}\">\n\t\t\t\t\t\t<div class=\"elementor-container elementor-column-gap-default\">\n\t\t\t\t\t<div class=\"elementor-column elementor-col-100 elementor-top-column elementor-element elementor-element-4c32708\" data-id=\"4c32708\" data-element_type=\"column\">\n\t\t\t<div class=\"elementor-widget-wrap elementor-element-populated\">\n\t\t\t\t\t\t\t\t<div class=\"elementor-element elementor-element-5a73170 elementor-arrows-position-inside elementor-pagination-position-outside elementor-widget elementor-widget-image-carousel\" data-id=\"5a73170\" data-element_type=\"widget\" data-settings=\"{&quot;navigation&quot;:&quot;both&quot;,&quot;autoplay&quot;:&quot;yes&quot;,&quot;pause_on_hover&quot;:&quot;yes&quot;,&quot;pause_on_interaction&quot;:&quot;yes&quot;,&quot;autoplay_speed&quot;:5000,&quot;infinite&quot;:&quot;yes&quot;,&quot;speed&quot;:500}\" data-widget_type=\"image-carousel.default\">\n\t\t\t\t<div class=\"elementor-widget-container\">\n\t\t\t<style>\/*! elementor - v3.13.3 - 28-05-2023 *\/\n.elementor-widget-image-carousel .swiper,.elementor-widget-image-carousel .swiper-container{position:static}.elementor-widget-image-carousel .swiper-container .swiper-slide figure,.elementor-widget-image-carousel .swiper .swiper-slide figure{line-height:inherit}.elementor-widget-image-carousel .swiper-slide{text-align:center}.elementor-image-carousel-wrapper:not(.swiper-container-initialized):not(.swiper-initialized) .swiper-slide{max-width:calc(100% \/ var(--e-image-carousel-slides-to-show, 3))}<\/style>\t\t<div class=\"elementor-image-carousel-wrapper swiper\" dir=\"ltr\">\n\t\t\t<div class=\"elementor-image-carousel swiper-wrapper\">\n\t\t\t\t\t\t\t\t<div class=\"swiper-slide\"><a data-elementor-open-lightbox=\"yes\" data-elementor-lightbox-slideshow=\"5a73170\" data-elementor-lightbox-title=\"MAQUINARIA CNC (2)\" data-elementor-lightbox-description=\"Maquinaria CNC para ofrecer las diferentes soluciones t\u00e9cnicas de alta calidad en cada etapa de producci\u00f3n\" data-e-action-hash=\"#elementor-action%3Aaction%3Dlightbox%26settings%3DeyJpZCI6MTYyNSwidXJsIjoiaHR0cHM6XC9cL2dyYWZzdGlsLmVzXC93cC1jb250ZW50XC91cGxvYWRzXC8yMDIzXC8wNlwvTUFRVUlOQVJJQS1DTkMtMi5qcGciLCJzbGlkZXNob3ciOiI1YTczMTcwIn0%3D\" href=\"https:\/\/grafstil.es\/wp-content\/uploads\/2023\/06\/MAQUINARIA-CNC-2.jpg\"><figure class=\"swiper-slide-inner\"><img decoding=\"async\" class=\"swiper-slide-image\" src=\"https:\/\/grafstil.es\/wp-content\/uploads\/2023\/06\/MAQUINARIA-CNC-2.jpg\" alt=\"Maquinaria CNC para ofrecer las diferentes soluciones t\u00e9cnicas de alta calidad en cada etapa de producci\u00f3n\" \/><\/figure><\/a><\/div><div class=\"swiper-slide\"><a data-elementor-open-lightbox=\"yes\" data-elementor-lightbox-slideshow=\"5a73170\" data-elementor-lightbox-title=\"MAQUINARIA CNC (3)\" data-elementor-lightbox-description=\"Maquinaria CNC de corte y grabado l\u00e1ser para crear cortes y grabados detallados con precisi\u00f3n milim\u00e9trica\" data-e-action-hash=\"#elementor-action%3Aaction%3Dlightbox%26settings%3DeyJpZCI6MTYyNiwidXJsIjoiaHR0cHM6XC9cL2dyYWZzdGlsLmVzXC93cC1jb250ZW50XC91cGxvYWRzXC8yMDIzXC8wNlwvTUFRVUlOQVJJQS1DTkMtMy5qcGciLCJzbGlkZXNob3ciOiI1YTczMTcwIn0%3D\" href=\"https:\/\/grafstil.es\/wp-content\/uploads\/2023\/06\/MAQUINARIA-CNC-3.jpg\"><figure class=\"swiper-slide-inner\"><img decoding=\"async\" class=\"swiper-slide-image\" src=\"https:\/\/grafstil.es\/wp-content\/uploads\/2023\/06\/MAQUINARIA-CNC-3.jpg\" alt=\"Maquinaria CNC de corte y grabado l\u00e1ser para crear cortes y grabados detallados con precisi\u00f3n milim\u00e9trica\" \/><\/figure><\/a><\/div><div class=\"swiper-slide\"><a data-elementor-open-lightbox=\"yes\" data-elementor-lightbox-slideshow=\"5a73170\" data-elementor-lightbox-title=\"MAQUINARIA CNC (4)\" data-elementor-lightbox-description=\"Maquinaria CNC donde se puede apreciar que hay un cartel negro de peligro que avisa de las consecuencias que pueden acarrear en caso de dejar el l\u00e1ser trabajando solo\" data-e-action-hash=\"#elementor-action%3Aaction%3Dlightbox%26settings%3DeyJpZCI6MTYyNywidXJsIjoiaHR0cHM6XC9cL2dyYWZzdGlsLmVzXC93cC1jb250ZW50XC91cGxvYWRzXC8yMDIzXC8wNlwvTUFRVUlOQVJJQS1DTkMtNC5qcGciLCJzbGlkZXNob3ciOiI1YTczMTcwIn0%3D\" href=\"https:\/\/grafstil.es\/wp-content\/uploads\/2023\/06\/MAQUINARIA-CNC-4.jpg\"><figure class=\"swiper-slide-inner\"><img decoding=\"async\" class=\"swiper-slide-image\" src=\"https:\/\/grafstil.es\/wp-content\/uploads\/2023\/06\/MAQUINARIA-CNC-4.jpg\" alt=\"Maquinaria CNC donde se puede apreciar que hay un cartel negro de peligro que avisa de las consecuencias que pueden acarrear en caso de dejar el l\u00e1ser trabajando solo\" \/><\/figure><\/a><\/div><div class=\"swiper-slide\"><a data-elementor-open-lightbox=\"yes\" data-elementor-lightbox-slideshow=\"5a73170\" data-elementor-lightbox-title=\"MAQUINARIA CNC (5)\" data-elementor-lightbox-description=\"Maquinaria CNC para cortar con precisi\u00f3n detallada\" data-e-action-hash=\"#elementor-action%3Aaction%3Dlightbox%26settings%3DeyJpZCI6MTYyOCwidXJsIjoiaHR0cHM6XC9cL2dyYWZzdGlsLmVzXC93cC1jb250ZW50XC91cGxvYWRzXC8yMDIzXC8wNlwvTUFRVUlOQVJJQS1DTkMtNS5qcGciLCJzbGlkZXNob3ciOiI1YTczMTcwIn0%3D\" href=\"https:\/\/grafstil.es\/wp-content\/uploads\/2023\/06\/MAQUINARIA-CNC-5.jpg\"><figure class=\"swiper-slide-inner\"><img decoding=\"async\" class=\"swiper-slide-image\" src=\"https:\/\/grafstil.es\/wp-content\/uploads\/2023\/06\/MAQUINARIA-CNC-5.jpg\" alt=\"Maquinaria CNC para cortar con precisi\u00f3n detallada\" \/><\/figure><\/a><\/div><div class=\"swiper-slide\"><a data-elementor-open-lightbox=\"yes\" data-elementor-lightbox-slideshow=\"5a73170\" data-elementor-lightbox-title=\"MAQUINARIA CNC (6)\" data-elementor-lightbox-description=\"M\u00e1quina que realiza cortes de precisi\u00f3n a medida y milim\u00e9trica\" data-e-action-hash=\"#elementor-action%3Aaction%3Dlightbox%26settings%3DeyJpZCI6MTYyOSwidXJsIjoiaHR0cHM6XC9cL2dyYWZzdGlsLmVzXC93cC1jb250ZW50XC91cGxvYWRzXC8yMDIzXC8wNlwvTUFRVUlOQVJJQS1DTkMtNi5qcGciLCJzbGlkZXNob3ciOiI1YTczMTcwIn0%3D\" href=\"https:\/\/grafstil.es\/wp-content\/uploads\/2023\/06\/MAQUINARIA-CNC-6.jpg\"><figure class=\"swiper-slide-inner\"><img decoding=\"async\" class=\"swiper-slide-image\" src=\"https:\/\/grafstil.es\/wp-content\/uploads\/2023\/06\/MAQUINARIA-CNC-6.jpg\" alt=\"M\u00e1quina que realiza cortes de precisi\u00f3n a medida y milim\u00e9trica\" \/><\/figure><\/a><\/div><div class=\"swiper-slide\"><a data-elementor-open-lightbox=\"yes\" data-elementor-lightbox-slideshow=\"5a73170\" data-elementor-lightbox-title=\"MAQUINARIA CNC (7)\" data-elementor-lightbox-description=\"Trabajador poniendo en la pantalla de la maquinaria CNC las medidas que tiene que cortar\" data-e-action-hash=\"#elementor-action%3Aaction%3Dlightbox%26settings%3DeyJpZCI6MTYzMCwidXJsIjoiaHR0cHM6XC9cL2dyYWZzdGlsLmVzXC93cC1jb250ZW50XC91cGxvYWRzXC8yMDIzXC8wNlwvTUFRVUlOQVJJQS1DTkMtNy5qcGciLCJzbGlkZXNob3ciOiI1YTczMTcwIn0%3D\" href=\"https:\/\/grafstil.es\/wp-content\/uploads\/2023\/06\/MAQUINARIA-CNC-7.jpg\"><figure class=\"swiper-slide-inner\"><img decoding=\"async\" class=\"swiper-slide-image\" src=\"https:\/\/grafstil.es\/wp-content\/uploads\/2023\/06\/MAQUINARIA-CNC-7.jpg\" alt=\"Trabajador poniendo en la pantalla de la maquinaria CNC las medidas que tiene que cortar\" \/><\/figure><\/a><\/div><div class=\"swiper-slide\"><a data-elementor-open-lightbox=\"yes\" data-elementor-lightbox-slideshow=\"5a73170\" data-elementor-lightbox-title=\"MAQUINARIA CNC\" data-elementor-lightbox-description=\"Maquinaria CNC de Bermaq\" data-e-action-hash=\"#elementor-action%3Aaction%3Dlightbox%26settings%3DeyJpZCI6MTYzMSwidXJsIjoiaHR0cHM6XC9cL2dyYWZzdGlsLmVzXC93cC1jb250ZW50XC91cGxvYWRzXC8yMDIzXC8wNlwvTUFRVUlOQVJJQS1DTkMuanBnIiwic2xpZGVzaG93IjoiNWE3MzE3MCJ9\" href=\"https:\/\/grafstil.es\/wp-content\/uploads\/2023\/06\/MAQUINARIA-CNC.jpg\"><figure class=\"swiper-slide-inner\"><img decoding=\"async\" class=\"swiper-slide-image\" src=\"https:\/\/grafstil.es\/wp-content\/uploads\/2023\/06\/MAQUINARIA-CNC.jpg\" alt=\"Maquinaria CNC de Bermaq\" \/><\/figure><\/a><\/div>\t\t\t<\/div>\n\t\t\t\t\t\t\t\t\t\t\t\t<div class=\"swiper-pagination\"><\/div>\n\t\t\t\t\t\t\t\t\t\t\t\t\t<div class=\"elementor-swiper-button elementor-swiper-button-prev\" role=\"button\" tabindex=\"0\">\n\t\t\t\t\t\t<i aria-hidden=\"true\" class=\"eicon-chevron-left\"><\/i>\t\t\t\t\t\t<span class=\"elementor-screen-only\">Previous image<\/span>\n\t\t\t\t\t<\/div>\n\t\t\t\t\t<div class=\"elementor-swiper-button elementor-swiper-button-next\" role=\"button\" tabindex=\"0\">\n\t\t\t\t\t\t<i aria-hidden=\"true\" class=\"eicon-chevron-right\"><\/i>\t\t\t\t\t\t<span class=\"elementor-screen-only\">Next image<\/span>\n\t\t\t\t\t<\/div>\n\t\t\t\t\t\t\t\t\t<\/div>\n\t\t\t\t<\/div>\n\t\t\t\t<\/div>\n\t\t\t\t\t<\/div>\n\t\t<\/div>\n\t\t\t\t\t\t\t<\/div>\n\t\t<\/section>\n\t\t\t\t\t\t\t<\/div>","protected":false},"excerpt":{"rendered":"<p>MAQUIN\u00c0RIA (CNC) A Grafstil, la nostra maquin\u00e0ria d&#039;avantguarda ens permet oferir solucions t\u00e8cniques d&#039;alta qualitat: Talladora i gravadora l\u00e0ser: Comptem amb talladores l\u00e0ser en dos formats de planxa (900 x 1300 mm i 1500 x 3000 mm), que ens permeten realitzar talls i gravats precisos en una \u00e0mplia gamma de materials, brindant versatilitat i \u2026<\/p>\n<p class=\"read-more\"> <a class=\"\" href=\"https:\/\/grafstil.es\/ca\/maquinaria-cnc\/\"> <span class=\"screen-reader-text\">Maquin\u00e0ria (CNC)<\/span> Llegeix m\u00e9s \u00bb<\/a><\/p>","protected":false},"author":1,"featured_media":0,"parent":0,"menu_order":0,"comment_status":"closed","ping_status":"closed","template":"","meta":{"site-sidebar-layout":"no-sidebar","site-content-layout":"page-builder","ast-global-header-display":"","ast-banner-title-visibility":"","ast-main-header-display":"","ast-hfb-above-header-display":"","ast-hfb-below-header-display":"","ast-hfb-mobile-header-display":"","site-post-title":"disabled","ast-breadcrumbs-content":"","ast-featured-img":"disabled","footer-sml-layout":"","theme-transparent-header-meta":"default","adv-header-id-meta":"","stick-header-meta":"","header-above-stick-meta":"","header-main-stick-meta":"","header-below-stick-meta":"","footnotes":""},"class_list":["post-1032","page","type-page","status-publish","hentry"],"yoast_head":"<!-- This site is optimized with the Yoast SEO plugin v20.9 - https:\/\/yoast.com\/wordpress\/plugins\/seo\/ -->\n<title>Maquinaria (CNC) - Grafstil<\/title>\n<meta name=\"description\" content=\"Cortadoras l\u00e1ser, escuadradora, plegadora en caliente, centro mecanizado y departamento de manipulado. Excelencia en cada etapa de producci\u00f3n.\" \/>\n<meta name=\"robots\" content=\"index, follow, max-snippet:-1, max-image-preview:large, max-video-preview:-1\" \/>\n<link rel=\"canonical\" href=\"https:\/\/grafstil.es\/ca\/maquinaria-cnc\/\" \/>\n<meta property=\"og:locale\" content=\"ca_ES\" \/>\n<meta property=\"og:type\" content=\"article\" \/>\n<meta property=\"og:title\" content=\"Maquinaria (CNC) - Grafstil\" \/>\n<meta property=\"og:description\" content=\"Cortadoras l\u00e1ser, escuadradora, plegadora en caliente, centro mecanizado y departamento de manipulado. Excelencia en cada etapa de producci\u00f3n.\" \/>\n<meta property=\"og:url\" content=\"https:\/\/grafstil.es\/ca\/maquinaria-cnc\/\" \/>\n<meta property=\"og:site_name\" content=\"Grafstil Displays | Serigraf\u00eda e Impresi\u00f3n digital\" \/>\n<meta property=\"article:modified_time\" content=\"2023-06-05T18:31:39+00:00\" \/>\n<meta property=\"og:image\" content=\"http:\/\/grafstil.es\/wp-content\/uploads\/2023\/06\/MAQUINARIA-CNC-2.jpg\" \/>\n<meta name=\"twitter:card\" content=\"summary_large_image\" \/>\n<meta name=\"twitter:label1\" content=\"Temps estimat de lectura\" \/>\n\t<meta name=\"twitter:data1\" content=\"1 minut\" \/>\n<script type=\"application\/ld+json\" class=\"yoast-schema-graph\">{\"@context\":\"https:\/\/schema.org\",\"@graph\":[{\"@type\":\"WebPage\",\"@id\":\"https:\/\/grafstil.es\/maquinaria-cnc\/\",\"url\":\"https:\/\/grafstil.es\/maquinaria-cnc\/\",\"name\":\"Maquinaria (CNC) - Grafstil\",\"isPartOf\":{\"@id\":\"https:\/\/grafstil.es\/#website\"},\"datePublished\":\"2023-05-23T21:28:02+00:00\",\"dateModified\":\"2023-06-05T18:31:39+00:00\",\"description\":\"Cortadoras l\u00e1ser, escuadradora, plegadora en caliente, centro mecanizado y departamento de manipulado. Excelencia en cada etapa de producci\u00f3n.\",\"breadcrumb\":{\"@id\":\"https:\/\/grafstil.es\/maquinaria-cnc\/#breadcrumb\"},\"inLanguage\":\"ca\",\"potentialAction\":[{\"@type\":\"ReadAction\",\"target\":[\"https:\/\/grafstil.es\/maquinaria-cnc\/\"]}]},{\"@type\":\"BreadcrumbList\",\"@id\":\"https:\/\/grafstil.es\/maquinaria-cnc\/#breadcrumb\",\"itemListElement\":[{\"@type\":\"ListItem\",\"position\":1,\"name\":\"Portada\",\"item\":\"https:\/\/grafstil.es\/\"},{\"@type\":\"ListItem\",\"position\":2,\"name\":\"Maquinaria (CNC)\"}]},{\"@type\":\"WebSite\",\"@id\":\"https:\/\/grafstil.es\/#website\",\"url\":\"https:\/\/grafstil.es\/\",\"name\":\"Grafstil Displays | Serigraf\u00eda e Impresi\u00f3n digital\",\"description\":\"Estamos especializados en el dise\u00f1o y fabricaci\u00f3n de expositores de todo tipo, ofrecemos un gran surtido en cuanto a publicidad se refiere empleando para su desarrollo los sistemas de serigraf\u00eda, impresi\u00f3n digital, rotulaci\u00f3n, corte y grabado l\u00e1ser.\",\"potentialAction\":[{\"@type\":\"SearchAction\",\"target\":{\"@type\":\"EntryPoint\",\"urlTemplate\":\"https:\/\/grafstil.es\/?s={search_term_string}\"},\"query-input\":\"required name=search_term_string\"}],\"inLanguage\":\"ca\"}]}<\/script>\n<!-- \/ Yoast SEO plugin. -->","yoast_head_json":{"title":"Maquinaria (CNC) - Grafstil","description":"Cortadoras l\u00e1ser, escuadradora, plegadora en caliente, centro mecanizado y departamento de manipulado. Excelencia en cada etapa de producci\u00f3n.","robots":{"index":"index","follow":"follow","max-snippet":"max-snippet:-1","max-image-preview":"max-image-preview:large","max-video-preview":"max-video-preview:-1"},"canonical":"https:\/\/grafstil.es\/ca\/maquinaria-cnc\/","og_locale":"ca_ES","og_type":"article","og_title":"Maquinaria (CNC) - Grafstil","og_description":"Cortadoras l\u00e1ser, escuadradora, plegadora en caliente, centro mecanizado y departamento de manipulado. Excelencia en cada etapa de producci\u00f3n.","og_url":"https:\/\/grafstil.es\/ca\/maquinaria-cnc\/","og_site_name":"Grafstil Displays | Serigraf\u00eda e Impresi\u00f3n digital","article_modified_time":"2023-06-05T18:31:39+00:00","og_image":[{"url":"http:\/\/grafstil.es\/wp-content\/uploads\/2023\/06\/MAQUINARIA-CNC-2.jpg"}],"twitter_card":"summary_large_image","twitter_misc":{"Temps estimat de lectura":"1 minut"},"schema":{"@context":"https:\/\/schema.org","@graph":[{"@type":"WebPage","@id":"https:\/\/grafstil.es\/maquinaria-cnc\/","url":"https:\/\/grafstil.es\/maquinaria-cnc\/","name":"Maquinaria (CNC) - Grafstil","isPartOf":{"@id":"https:\/\/grafstil.es\/#website"},"datePublished":"2023-05-23T21:28:02+00:00","dateModified":"2023-06-05T18:31:39+00:00","description":"Cortadoras l\u00e1ser, escuadradora, plegadora en caliente, centro mecanizado y departamento de manipulado. Excelencia en cada etapa de producci\u00f3n.","breadcrumb":{"@id":"https:\/\/grafstil.es\/maquinaria-cnc\/#breadcrumb"},"inLanguage":"ca","potentialAction":[{"@type":"ReadAction","target":["https:\/\/grafstil.es\/maquinaria-cnc\/"]}]},{"@type":"BreadcrumbList","@id":"https:\/\/grafstil.es\/maquinaria-cnc\/#breadcrumb","itemListElement":[{"@type":"ListItem","position":1,"name":"Portada","item":"https:\/\/grafstil.es\/"},{"@type":"ListItem","position":2,"name":"Maquinaria (CNC)"}]},{"@type":"WebSite","@id":"https:\/\/grafstil.es\/#website","url":"https:\/\/grafstil.es\/","name":"Grafstil Displays | Serigraf\u00eda e Impresi\u00f3n digital","description":"Estamos especializados en el dise\u00f1o y fabricaci\u00f3n de expositores de todo tipo, ofrecemos un gran surtido en cuanto a publicidad se refiere empleando para su desarrollo los sistemas de serigraf\u00eda, impresi\u00f3n digital, rotulaci\u00f3n, corte y grabado l\u00e1ser.","potentialAction":[{"@type":"SearchAction","target":{"@type":"EntryPoint","urlTemplate":"https:\/\/grafstil.es\/?s={search_term_string}"},"query-input":"required name=search_term_string"}],"inLanguage":"ca"}]}},"_links":{"self":[{"href":"https:\/\/grafstil.es\/ca\/wp-json\/wp\/v2\/pages\/1032","targetHints":{"allow":["GET"]}}],"collection":[{"href":"https:\/\/grafstil.es\/ca\/wp-json\/wp\/v2\/pages"}],"about":[{"href":"https:\/\/grafstil.es\/ca\/wp-json\/wp\/v2\/types\/page"}],"author":[{"embeddable":true,"href":"https:\/\/grafstil.es\/ca\/wp-json\/wp\/v2\/users\/1"}],"replies":[{"embeddable":true,"href":"https:\/\/grafstil.es\/ca\/wp-json\/wp\/v2\/comments?post=1032"}],"version-history":[{"count":28,"href":"https:\/\/grafstil.es\/ca\/wp-json\/wp\/v2\/pages\/1032\/revisions"}],"predecessor-version":[{"id":1635,"href":"https:\/\/grafstil.es\/ca\/wp-json\/wp\/v2\/pages\/1032\/revisions\/1635"}],"wp:attachment":[{"href":"https:\/\/grafstil.es\/ca\/wp-json\/wp\/v2\/media?parent=1032"}],"curies":[{"name":"wp","href":"https:\/\/api.w.org\/{rel}","templated":true}]}}