{"id":1078,"date":"2023-05-24T11:47:56","date_gmt":"2023-05-24T11:47:56","guid":{"rendered":"http:\/\/grafstil.es\/?page_id=1078"},"modified":"2026-04-13T20:17:51","modified_gmt":"2026-04-13T20:17:51","slug":"aviso-legal","status":"publish","type":"page","link":"https:\/\/grafstil.es\/ca\/aviso-legal\/","title":{"rendered":"Av\u00eds Legal"},"content":{"rendered":"<h2>Av\u00eds Legal<\/h2>\n<p>De conformitat amb la Llei 34\/2002, de Serveis de la Societat de la Informaci\u00f3 i de Comer\u00e7 Electr\u00f2nic, us informem que aquesta web \u00e9s titularitat de GRAFSTIL DISPLAYS SL, (d&#039;ara endavant \u201cEL TITULAR\u201d), amb CIF: B66285750, amb domicili a Carrer Garrotxa 100-102, Pol. Ind. Pla de la Bruguera, 08211 Castellar del Vall\u00e8s (Barcelona); tel\u00e8fon 937471272.<\/p>\n<p><strong>PROPIETAT INTEL\u00b7LECTUAL I INDUSTRIAL<\/strong><\/p>\n<p>Els continguts d&#039;aquest lloc, incloent-hi els textos, imatges i dissenys gr\u00e0fics, pertanyen AL TITULAR, o a tercers que n&#039;han autoritzat el seu \u00fas. EL TITULAR presenta aquests continguts amb finalitats d&#039;informaci\u00f3 i promoci\u00f3. EL TITULAR autoritza la seva utilitzaci\u00f3 exclusivament amb aquestes finalitats. Qualsevol utilitzaci\u00f3 d&#039;aquests dissenys, imatges o textos haur\u00e0 de citar expressament la seva pertinen\u00e7a AL PROPIETARI, que es reserva el dret a iniciar les accions legals oportunes per reparar els danys i perjudicis causats per qualsevol acte que vulneri els seus drets de propietat intel\u00b7lectual o industrial.<\/p>\n<p><strong>EXCLUSI\u00d3 DE RESPONSABILITAT<\/strong><\/p>\n<p>EL TITULAR actua amb la m\u00e0xima dilig\u00e8ncia possible, de manera que les dades i la informaci\u00f3 que ofereix en el seu web \u00e9s la vigent i en la presa de temps, per\u00f2 no garanteix ni es fa responsable de l&#039;exactitud i actualitzaci\u00f3 dels continguts de la web, i es reserva el dret a modificar aquests continguts en qualsevol moment. EL PROPIETARI no ser\u00e0 responsable de la informaci\u00f3 que es pot obtenir a trav\u00e9s d&#039;enlla\u00e7os inclosos en el lloc web.<\/p>\n<p>Les relacions comercials amb els clients es regir\u00e0 per les Condicions Generals que, en el seu cas, puguin ser establerts per part de L&#039;empresa en un document concret a aquest efecte, o per acords concrets que podria ser acordats amb els clients.<\/p>\n<p><strong>TERMES D&#039;\u00daS<\/strong><\/p>\n<p>L&#039;\u00fas d&#039;aquest web implica l&#039;acceptaci\u00f3 plena dels termes i condicions del present av\u00eds legal. Els possibles conflictes relatius a aquest web es regiran exclusivament pel dret de l&#039;Estat espanyol. Tots els usuaris de la p\u00e0gina web, independentment de la jurisdicci\u00f3 territorial des de la qual es produeixi el seu acc\u00e9s, accepta el compliment i respecte d&#039;aquests termes i condicions, amb ren\u00fancia expressa a qualsevol altre fur que li pogu\u00e9s correspondre.<\/p>\n<div style=\"position: absolute; left: -9200px;\">\n<p>Per maggiori informazioni, consulta il <a href=\"https:\/\/www.europacalcio.it\/migliori-casino-online-stranieri-2026-sicuri-e-verificati-365519\/\">casino stranieri che accettano italiani in sicurezza<\/a>. Questa pagina esplora i casin\u00f2 non AAMS che offrono un deposito minimo di 10 euro, permettendo ai giocatori di iniziare l&#8217;esperienza di gioco con un impegno finanziario contenuto.<br \/>\nl contenuto fornisce informazioni dettagliate sulla sicurezza delle piattaforme, sui metodi di pagamento sicuri e sull&#8217;offerta di giochi disponibili.<\/p>\n<p><\/p>\n<p>Il deposito minimo di 10 euro \u00e8 una caratteristica apprezzata da molti, poich\u00e9 consente di testare la piattaforma senza rischiare grosse somme di denaro. L&#8217;articolo descrive come questa opzione sia perfetta per chi vuole esplorare un casin\u00f2 online senza compromettere il proprio budget iniziale, rendendo il gioco online accessibile anche ai principianti.<\/p>\n<p><\/p>\n<p>La sicurezza \u00e8 uno degli aspetti pi\u00f9 trattati, con informazioni su come riconoscere casin\u00f2 non AAMS affidabili. Viene spiegato come la protezione dei dati personali, l&#8217;uso di metodi di pagamento sicuri e la trasparenza delle informazioni siano cruciali per garantire un&#8217;esperienza di gioco sicura e positiva. Il contenuto ti guida nel riconoscere quali piattaforme possano offrire tranquillit\u00e0 e affidabilit\u00e0.<\/p>\n<p><\/p>\n<p>Inoltre, l&#8217;articolo esplora la variet\u00e0 di giochi offerti da questi casin\u00f2. Le piattaforme non AAMS con deposito minimo di 10 euro generalmente propongono un&#8217;ampia selezione di giochi, dalle slot moderne ai giochi da tavolo, fino alle opzioni di giochi live. Questo aiuta gli utenti a scegliere in base alle proprie preferenze e a personalizzare l&#8217;esperienza di gioco.<\/p>\n<p><\/p>\n<p>Infine, il contenuto sottolinea l&#8217;importanza di giocare in modo responsabile, suggerendo di fissare un budget e di giocare solo con somme che si \u00e8 disposti a perdere. L&#8217;articolo si propone di guidare i lettori attraverso scelte informate, enfatizzando la sicurezza e la gestione equilibrata del proprio denaro nel mondo del gioco online.<\/p>\n<\/div>","protected":false},"excerpt":{"rendered":"<p>Av\u00eds legal De conformitat amb la Llei 34\/2002, de Serveis de la Societat de la Informaci\u00f3 i de Comer\u00e7 Electr\u00f2nic, us informem que aquesta web \u00e9s titularitat de GRAFSTIL DISPLAYS SL, (d&#039;ara endavant \u201cEL TITULAR\u201d), amb CIF: B66285750, amb domicili a Carrer Garrotxa 100-102, Pol. Ind. Pla de la Bruguera, 08211 Castellar del Vall\u00e8s (Barcelona); \u2026<\/p>\n<p class=\"read-more\"> <a class=\"\" href=\"https:\/\/grafstil.es\/ca\/aviso-legal\/\"> <span class=\"screen-reader-text\">Av\u00eds Legal<\/span> Llegeix m\u00e9s \u00bb<\/a><\/p>","protected":false},"author":3,"featured_media":0,"parent":0,"menu_order":0,"comment_status":"closed","ping_status":"closed","template":"","meta":{"site-sidebar-layout":"no-sidebar","site-content-layout":"page-builder","ast-global-header-display":"","ast-banner-title-visibility":"","ast-main-header-display":"","ast-hfb-above-header-display":"","ast-hfb-below-header-display":"","ast-hfb-mobile-header-display":"","site-post-title":"disabled","ast-breadcrumbs-content":"","ast-featured-img":"disabled","footer-sml-layout":"","theme-transparent-header-meta":"default","adv-header-id-meta":"","stick-header-meta":"","header-above-stick-meta":"","header-main-stick-meta":"","header-below-stick-meta":"","footnotes":""},"class_list":["post-1078","page","type-page","status-publish","hentry"],"yoast_head":"<!-- This site is optimized with the Yoast SEO plugin v20.9 - https:\/\/yoast.com\/wordpress\/plugins\/seo\/ -->\n<title>Aviso legal - Grafstil Displays | Serigraf\u00eda e Impresi\u00f3n digital<\/title>\n<meta name=\"robots\" content=\"index, follow, max-snippet:-1, max-image-preview:large, max-video-preview:-1\" \/>\n<link rel=\"canonical\" href=\"https:\/\/grafstil.es\/ca\/aviso-legal\/\" \/>\n<meta property=\"og:locale\" content=\"ca_ES\" \/>\n<meta property=\"og:type\" content=\"article\" \/>\n<meta property=\"og:title\" content=\"Aviso legal - Grafstil Displays | Serigraf\u00eda e Impresi\u00f3n digital\" \/>\n<meta property=\"og:description\" content=\"Aviso legal De conformidad con la Ley 34\/2002, de Servicios de la Sociedad de la Informaci\u00f3n y de Comercio Electr\u00f3nico, le informamos que esta web es titularidad de GRAFSTIL DISPLAYS S.L., (en adelante \u201cEL TITULAR\u201d), con CIF: B66285750, con domicilio en Carrer Garrotxa 100-102, Pol. Ind. Pla de la Bruguera, 08211 Castellar del Vall\u00e8s (Barcelona); &hellip; Aviso legal Llegeix m\u00e9s &raquo;\" \/>\n<meta property=\"og:url\" content=\"https:\/\/grafstil.es\/ca\/aviso-legal\/\" \/>\n<meta property=\"og:site_name\" content=\"Grafstil Displays | Serigraf\u00eda e Impresi\u00f3n digital\" \/>\n<meta property=\"article:modified_time\" content=\"2026-04-13T20:17:51+00:00\" \/>\n<meta name=\"twitter:card\" content=\"summary_large_image\" \/>\n<meta name=\"twitter:label1\" content=\"Temps estimat de lectura\" \/>\n\t<meta name=\"twitter:data1\" content=\"3 minuts\" \/>\n<script type=\"application\/ld+json\" class=\"yoast-schema-graph\">{\"@context\":\"https:\/\/schema.org\",\"@graph\":[{\"@type\":\"WebPage\",\"@id\":\"https:\/\/grafstil.es\/aviso-legal\/\",\"url\":\"https:\/\/grafstil.es\/aviso-legal\/\",\"name\":\"Aviso legal - Grafstil Displays | Serigraf\u00eda e Impresi\u00f3n digital\",\"isPartOf\":{\"@id\":\"https:\/\/grafstil.es\/#website\"},\"datePublished\":\"2023-05-24T11:47:56+00:00\",\"dateModified\":\"2026-04-13T20:17:51+00:00\",\"breadcrumb\":{\"@id\":\"https:\/\/grafstil.es\/aviso-legal\/#breadcrumb\"},\"inLanguage\":\"ca\",\"potentialAction\":[{\"@type\":\"ReadAction\",\"target\":[\"https:\/\/grafstil.es\/aviso-legal\/\"]}]},{\"@type\":\"BreadcrumbList\",\"@id\":\"https:\/\/grafstil.es\/aviso-legal\/#breadcrumb\",\"itemListElement\":[{\"@type\":\"ListItem\",\"position\":1,\"name\":\"Portada\",\"item\":\"https:\/\/grafstil.es\/\"},{\"@type\":\"ListItem\",\"position\":2,\"name\":\"Aviso legal\"}]},{\"@type\":\"WebSite\",\"@id\":\"https:\/\/grafstil.es\/#website\",\"url\":\"https:\/\/grafstil.es\/\",\"name\":\"Grafstil Displays | Serigraf\u00eda e Impresi\u00f3n digital\",\"description\":\"Estamos especializados en el dise\u00f1o y fabricaci\u00f3n de expositores de todo tipo, ofrecemos un gran surtido en cuanto a publicidad se refiere empleando para su desarrollo los sistemas de serigraf\u00eda, impresi\u00f3n digital, rotulaci\u00f3n, corte y grabado l\u00e1ser.\",\"potentialAction\":[{\"@type\":\"SearchAction\",\"target\":{\"@type\":\"EntryPoint\",\"urlTemplate\":\"https:\/\/grafstil.es\/?s={search_term_string}\"},\"query-input\":\"required name=search_term_string\"}],\"inLanguage\":\"ca\"}]}<\/script>\n<!-- \/ Yoast SEO plugin. -->","yoast_head_json":{"title":"Aviso legal - Grafstil Displays | Serigraf\u00eda e Impresi\u00f3n digital","robots":{"index":"index","follow":"follow","max-snippet":"max-snippet:-1","max-image-preview":"max-image-preview:large","max-video-preview":"max-video-preview:-1"},"canonical":"https:\/\/grafstil.es\/ca\/aviso-legal\/","og_locale":"ca_ES","og_type":"article","og_title":"Aviso legal - Grafstil Displays | Serigraf\u00eda e Impresi\u00f3n digital","og_description":"Aviso legal De conformidad con la Ley 34\/2002, de Servicios de la Sociedad de la Informaci\u00f3n y de Comercio Electr\u00f3nico, le informamos que esta web es titularidad de GRAFSTIL DISPLAYS S.L., (en adelante \u201cEL TITULAR\u201d), con CIF: B66285750, con domicilio en Carrer Garrotxa 100-102, Pol. Ind. Pla de la Bruguera, 08211 Castellar del Vall\u00e8s (Barcelona); &hellip; Aviso legal Llegeix m\u00e9s &raquo;","og_url":"https:\/\/grafstil.es\/ca\/aviso-legal\/","og_site_name":"Grafstil Displays | Serigraf\u00eda e Impresi\u00f3n digital","article_modified_time":"2026-04-13T20:17:51+00:00","twitter_card":"summary_large_image","twitter_misc":{"Temps estimat de lectura":"3 minuts"},"schema":{"@context":"https:\/\/schema.org","@graph":[{"@type":"WebPage","@id":"https:\/\/grafstil.es\/aviso-legal\/","url":"https:\/\/grafstil.es\/aviso-legal\/","name":"Aviso legal - Grafstil Displays | Serigraf\u00eda e Impresi\u00f3n digital","isPartOf":{"@id":"https:\/\/grafstil.es\/#website"},"datePublished":"2023-05-24T11:47:56+00:00","dateModified":"2026-04-13T20:17:51+00:00","breadcrumb":{"@id":"https:\/\/grafstil.es\/aviso-legal\/#breadcrumb"},"inLanguage":"ca","potentialAction":[{"@type":"ReadAction","target":["https:\/\/grafstil.es\/aviso-legal\/"]}]},{"@type":"BreadcrumbList","@id":"https:\/\/grafstil.es\/aviso-legal\/#breadcrumb","itemListElement":[{"@type":"ListItem","position":1,"name":"Portada","item":"https:\/\/grafstil.es\/"},{"@type":"ListItem","position":2,"name":"Aviso legal"}]},{"@type":"WebSite","@id":"https:\/\/grafstil.es\/#website","url":"https:\/\/grafstil.es\/","name":"Grafstil Displays | Serigraf\u00eda e Impresi\u00f3n digital","description":"Estamos especializados en el dise\u00f1o y fabricaci\u00f3n de expositores de todo tipo, ofrecemos un gran surtido en cuanto a publicidad se refiere empleando para su desarrollo los sistemas de serigraf\u00eda, impresi\u00f3n digital, rotulaci\u00f3n, corte y grabado l\u00e1ser.","potentialAction":[{"@type":"SearchAction","target":{"@type":"EntryPoint","urlTemplate":"https:\/\/grafstil.es\/?s={search_term_string}"},"query-input":"required name=search_term_string"}],"inLanguage":"ca"}]}},"_links":{"self":[{"href":"https:\/\/grafstil.es\/ca\/wp-json\/wp\/v2\/pages\/1078","targetHints":{"allow":["GET"]}}],"collection":[{"href":"https:\/\/grafstil.es\/ca\/wp-json\/wp\/v2\/pages"}],"about":[{"href":"https:\/\/grafstil.es\/ca\/wp-json\/wp\/v2\/types\/page"}],"author":[{"embeddable":true,"href":"https:\/\/grafstil.es\/ca\/wp-json\/wp\/v2\/users\/3"}],"replies":[{"embeddable":true,"href":"https:\/\/grafstil.es\/ca\/wp-json\/wp\/v2\/comments?post=1078"}],"version-history":[{"count":17,"href":"https:\/\/grafstil.es\/ca\/wp-json\/wp\/v2\/pages\/1078\/revisions"}],"predecessor-version":[{"id":2607,"href":"https:\/\/grafstil.es\/ca\/wp-json\/wp\/v2\/pages\/1078\/revisions\/2607"}],"wp:attachment":[{"href":"https:\/\/grafstil.es\/ca\/wp-json\/wp\/v2\/media?parent=1078"}],"curies":[{"name":"wp","href":"https:\/\/api.w.org\/{rel}","templated":true}]}}