{"id":1097,"date":"2023-05-24T11:57:56","date_gmt":"2023-05-24T11:57:56","guid":{"rendered":"http:\/\/grafstil.es\/?page_id=1097"},"modified":"2023-05-24T12:01:57","modified_gmt":"2023-05-24T12:01:57","slug":"politica-de-cookies","status":"publish","type":"page","link":"https:\/\/grafstil.es\/ca\/politica-de-cookies\/","title":{"rendered":"Galetes pol\u00edtica"},"content":{"rendered":"<div data-elementor-type=\"wp-page\" data-elementor-id=\"1097\" class=\"elementor elementor-1097\">\n\t\t\t\t\t\t\t\t\t<section class=\"elementor-section elementor-top-section elementor-element elementor-element-08e6c8f elementor-section-full_width elementor-section-height-min-height elementor-section-height-default elementor-section-items-middle\" data-id=\"08e6c8f\" data-element_type=\"section\" data-settings=\"{&quot;background_background&quot;:&quot;classic&quot;}\">\n\t\t\t\t\t\t\t<div class=\"elementor-background-overlay\"><\/div>\n\t\t\t\t\t\t\t<div class=\"elementor-container elementor-column-gap-default\">\n\t\t\t\t\t<div class=\"elementor-column elementor-col-100 elementor-top-column elementor-element elementor-element-8831a54\" data-id=\"8831a54\" data-element_type=\"column\">\n\t\t\t<div class=\"elementor-widget-wrap elementor-element-populated\">\n\t\t\t\t\t\t\t\t<div class=\"elementor-element elementor-element-51570ac5 elementor-widget elementor-widget-jkit_heading\" data-id=\"51570ac5\" data-element_type=\"widget\" data-settings=\"{&quot;motion_fx_motion_fx_scrolling&quot;:&quot;yes&quot;,&quot;motion_fx_devices&quot;:[&quot;desktop&quot;,&quot;tablet&quot;,&quot;mobile&quot;]}\" data-widget_type=\"jkit_heading.default\">\n\t\t\t\t<div class=\"elementor-widget-container\">\n\t\t\t<div  class=\"jeg-elementor-kit jkit-heading  align-center align-tablet- align-mobile- jeg_module___69f3bd734d878\" ><div class=\"heading-section-title  display-inline-block\"><h2 class=\"heading-title\">Galetes pol\u00edtica<\/h2><\/div><div class=\"heading-section-separator\"><div class=\"separator-wrapper style-solid\"><\/div><\/div><\/div>\t\t<\/div>\n\t\t\t\t<\/div>\n\t\t\t\t\t<\/div>\n\t\t<\/div>\n\t\t\t\t\t\t\t<\/div>\n\t\t<\/section>\n\t\t\t\t<section class=\"elementor-section elementor-top-section elementor-element elementor-element-101f3b8e elementor-section-boxed elementor-section-height-default elementor-section-height-default\" data-id=\"101f3b8e\" data-element_type=\"section\">\n\t\t\t\t\t\t<div class=\"elementor-container elementor-column-gap-default\">\n\t\t\t\t\t<div class=\"elementor-column elementor-col-100 elementor-top-column elementor-element elementor-element-38dc8c76\" data-id=\"38dc8c76\" data-element_type=\"column\">\n\t\t\t<div class=\"elementor-widget-wrap elementor-element-populated\">\n\t\t\t\t\t\t\t\t<section class=\"elementor-section elementor-inner-section elementor-element elementor-element-689efd6 elementor-section-full_width elementor-section-height-default elementor-section-height-default\" data-id=\"689efd6\" data-element_type=\"section\">\n\t\t\t\t\t\t<div class=\"elementor-container elementor-column-gap-default\">\n\t\t\t\t\t<div class=\"elementor-column elementor-col-100 elementor-inner-column elementor-element elementor-element-5cdd88f\" data-id=\"5cdd88f\" data-element_type=\"column\">\n\t\t\t<div class=\"elementor-widget-wrap elementor-element-populated\">\n\t\t\t\t\t\t\t\t<div class=\"elementor-element elementor-element-f601b07 elementor-widget elementor-widget-text-editor\" data-id=\"f601b07\" data-element_type=\"widget\" data-widget_type=\"text-editor.default\">\n\t\t\t\t<div class=\"elementor-widget-container\">\n\t\t\t<style>\/*! elementor - v3.13.3 - 28-05-2023 *\/\n.elementor-widget-text-editor.elementor-drop-cap-view-stacked .elementor-drop-cap{background-color:#69727d;color:#fff}.elementor-widget-text-editor.elementor-drop-cap-view-framed .elementor-drop-cap{color:#69727d;border:3px solid;background-color:transparent}.elementor-widget-text-editor:not(.elementor-drop-cap-view-default) .elementor-drop-cap{margin-top:8px}.elementor-widget-text-editor:not(.elementor-drop-cap-view-default) .elementor-drop-cap-letter{width:1em;height:1em}.elementor-widget-text-editor .elementor-drop-cap{float:left;text-align:center;line-height:1;font-size:50px}.elementor-widget-text-editor .elementor-drop-cap-letter{display:inline-block}<\/style>\t\t\t\t<p>El nostre lloc web https:\/\/grafstil.es\/ utilitza una tecnologia anomenada &#039;cookie&#039;, per tal de poder obtenir informaci\u00f3 sobre l&#039;\u00fas del lloc web, millorar l&#039;experi\u00e8ncia de l&#039;usuari i garantir-ne el funcionament correcte.<\/p><p><strong>Definici\u00f3 de Galeta<\/strong><\/p><p>Una cookie \u00e9s un petit fragment de text que els llocs web d&#039;enviar al navegador i s&#039;emmagatzema en una terminal d&#039;usuari (ordinador o dispositiu m\u00f2bil). Aquests fitxers tenen la finalitat d&#039;emmagatzemar les dades que es poden actualitzar i recuperat per l&#039;entitat responsable de la seva instal\u00b7laci\u00f3. Aix\u00ed, cada vegada que l&#039;usuari torna a la mateixa web, el navegador recupera el fitxer i l&#039;envia al servidor del lloc web. Les Cookies tenen diverses funcions, com ara recollir informaci\u00f3 sobre les seves prefer\u00e8ncies i recordar-lo, i, en general, per a facilitar l&#039;\u00fas del web per l&#039;usuari, fent que el lloc sigui m\u00e9s \u00fatil per personalitzar el seu contingut.<\/p><p><strong>Les galetes es poden classificar a partir de diferents par\u00e0metres:<\/strong><\/p><ol><li>T\u00edtol: primer partit de les galetes i les galetes de tercers: en funci\u00f3 de l&#039;entitat que gestiona el domini del que s\u00f3n les cookies enviades i tractar les dades obtingudes.<\/li><li>Durada: galetes de la sessi\u00f3 i les galetes persistents: d&#039;acord amb el per\u00edode de temps que es quedaran emmagatzemades a la terminal d&#039;usuari.<\/li><li>Finalitat: t\u00e8cnic galetes, galetes, la personalitzaci\u00f3 de les galetes, l&#039;an\u00e0lisi de les galetes, galetes de publicitat publicitat comportamental, d&#039;acord amb la finalitat per a la qual es processen les dades obtingudes.<\/li><\/ol><ul><li style=\"list-style-type: none;\"><ul><li>T\u00e8cnic Cookies: s\u00f3n aquells que permeten a l&#039;usuari navegar a trav\u00e9s de la p\u00e0gina web o aplicaci\u00f3 i \u00fas de les diferents opcions o serveis que existeixen. Per exemple, control de tr\u00e0nsit i de comunicaci\u00f3 de dades, identificar la sessi\u00f3 o accedir a la web parts d&#039;acc\u00e9s restringit.<\/li><li>Galetes de personalitzaci\u00f3: s\u00f3n aquelles que permeten a l&#039;usuari accedir al servei amb alguns trets de car\u00e0cter general per defecte en el vostre terminal o que l&#039;usuari defineix. Per exemple, l&#039;idioma, el tipus de navegador a trav\u00e9s de la qual accedeix al servei, o el disseny de continguts seleccionats.<\/li><li>Galetes d&#039;an\u00e0lisi: s\u00f3n aquells que, o b\u00e9 per nosaltres o tercers, ens permeten quantificar el nombre d&#039;usuaris i per tant, realitzar una an\u00e0lisi estad\u00edstica de l&#039;\u00fas que els usuaris fan del servei ofert. Per aix\u00f2, analitzar la seva navegaci\u00f3 per la nostra p\u00e0gina web per tal de millorar l&#039;oferta de productes o serveis que oferim.<\/li><li>Comercial Cookies: s\u00f3n aquelles que permeten la gesti\u00f3, de la manera m\u00e9s eficient possible, dels espais publicitaris que, si s&#039;escau, l&#039;editor ha incl\u00f2s en una p\u00e0gina web, aplicaci\u00f3 o plataforma des de la que proporciona el servei sol\u00b7licitat basat en criteris com la redacci\u00f3 de continguts o la freq\u00fc\u00e8ncia en qu\u00e8 es mostren els anuncis.<\/li><li>Galetes de publicitat comportamental: s\u00f3n aquelles que permeten la gesti\u00f3, de la manera m\u00e9s eficient possible, dels espais publicitaris que, si s&#039;escau, l&#039;editor ha incl\u00f2s en una p\u00e0gina web, aplicaci\u00f3 o plataforma d&#039;oferir el servei sol\u00b7licitat. Aquestes cookies no emmagatzemen informaci\u00f3 de l&#039;usuari comportament obtingut a trav\u00e9s d&#039;continuar l&#039;observaci\u00f3 dels seus h\u00e0bits de navegaci\u00f3, que permet desenvolupar un perfil espec\u00edfic per a mostrar la publicitat en funci\u00f3 de la mateixa.<\/li><\/ul><\/li><\/ul><p><strong>Les Cookies utilitzades en el nostre lloc web:<\/strong><\/p><p>La nostra p\u00e0gina web fa servir galetes internes, que s\u00f3n enviats al dispositiu i gestionat exclusivament per nosaltres per al millor funcionament de la p\u00e0gina web, com les galetes de tercers, la funci\u00f3 dels quals \u00e9s servir com a eina per a l&#039;an\u00e0lisi de la interacci\u00f3 de l&#039;usuari amb la nostra p\u00e0gina web, gr\u00e0cies a ells, podem obtenir una informaci\u00f3 que pot ajudar a millorar la navegaci\u00f3 i oferir un millor servei als usuaris.<\/p><p>Ens \u00fas tant temporal galetes de sessi\u00f3 com a persistent galetes. Les galetes de sessi\u00f3 emmagatzemar dades nom\u00e9s mentre que l&#039;usuari accedeixi a la web i persistent galetes emmagatzemar dades a la terminal a ser consultat i utilitzat en m\u00e9s d&#039;una sessi\u00f3.<\/p><p>Concretament les cookies utilitzades en el nostre lloc web s\u00f3n:<\/p><ul><li>Primer partit de Galetes:<\/li><\/ul><p>Primer partit de cookies utilitzades en el nostre lloc web s\u00f3n de naturalesa t\u00e8cnica, que s\u00f3n essencials per al funcionament de la p\u00e0gina web.<\/p><ul><li>Les Galetes de tercers:<\/li><\/ul><p style=\"padding-left: 40px;\">Galeta: __utmz, __ utmc, __utma, __utmb,__utmt, __ga, __gat<\/p><p style=\"padding-left: 40px;\">Propietari: Google Inc. (Google Analytics)<\/p><p style=\"padding-left: 40px;\">Finalitat: Anal\u00edtica. Analitza el tr\u00e0nsit d&#039;aquest lloc web.<\/p><p style=\"padding-left: 40px;\">Durada: Sessi\u00f3 i persistent.<\/p><p>Per a m\u00e9s informaci\u00f3 sobre les galetes i\/o per a la seva desactivaci\u00f3 pot fer clic als enlla\u00e7os en el nom de les diferents propietaris.<\/p><p>Finalment, tamb\u00e9 fem servir les galetes complement (plug-in) per a l&#039;intercanvi de contingut social.<\/p><p><strong>Consentiment<\/strong><\/p><p>Quan la navegaci\u00f3 i continuar en el nostre lloc web vost\u00e8 ser\u00e0 consentint l&#039;\u00fas de cookies, abans de fixar per els per\u00edodes indicats i en les condicions contingudes en aquesta Galeta Pol\u00edtica.<\/p><p>Tamb\u00e9 us informem que si veus contingut al nostre lloc web estan allotjats en p\u00e0gines web de tercers, aquests tenen la seva pr\u00f2pia galeta pol\u00edtica.<\/p><p><strong>La revocaci\u00f3 del consentiment<\/strong><\/p><p>L&#039;usuari podr\u00e0 revocar el seu consentiment en qualsevol moment en relaci\u00f3 amb aquesta Galeta Pol\u00edtica, per aix\u00f2 necessitar\u00e0 esborrar les cookies que existeixin al seu ordinador usant les opcions i configuracions del teu navegador d&#039;Internet.<\/p><p><strong>Modificaci\u00f3 de la configuraci\u00f3 de les galetes<\/strong><\/p><p>L&#039;usuari pot restringir, bloquejar o esborrar les cookies des de qualsevol lloc web utilitzant el seu navegador. A cada navegador de l&#039;operaci\u00f3 \u00e9s diferent, per tal de comprovar els enlla\u00e7os que apareixen a continuaci\u00f3 com fer-ho<\/p><ul><li>Internet Explorer: <a href=\"https:\/\/support.microsoft.com\/es-es\/help\/17442\/windows-internet-explorer-delete-manage-cookies#ie=ie-11\">https:\/\/support.microsoft.com\/es-es\/help\/17442\/windows-internet-explorer-delete-manage-cookies#ie=ie-11<\/a><\/li><li>Vora: <a href=\"https:\/\/support.microsoft.com\/es-es\/help\/4468242\/microsoft-edge-browsing-data-and-privacy-microsoft-privacy\">https:\/\/support.microsoft.com\/es-es\/help\/4468242\/microsoft-edge-browsing-data-and-privacy-microsoft-privacy<\/a><\/li><li>FireFox: <a href=\"https:\/\/support.mozilla.org\/es\/kb\/clear-cookies-and-site-data-firefox\">https:\/\/support.mozilla.org\/es\/kb\/clear-cookies-and-site-data-firefox<\/a><\/li><li>Chrome: <a href=\"https:\/\/support.google.com\/chrome\/answer\/95647?hl=es\">https:\/\/support.google.com\/chrome\/answer\/95647?hl=es<\/a><\/li><li>Safari (mac): <a href=\"https:\/\/support.apple.com\/es-es\/guide\/safari\/manage-cookies-and-website-data-sfri11471\/mac\">https:\/\/support.apple.com\/es-es\/guide\/safari\/manage-cookies-and-website-data-sfri11471\/mac<\/a><\/li><li>Safari (iPhone\/iPad): <a href=\"https:\/\/support.apple.com\/es-es\/HT201265\">https:\/\/support.apple.com\/es-es\/HT201265<\/a><\/li><li>Opera: <a href=\"https:\/\/help.opera.com\/en\/latest\/web-preferences\/#cookies\">https:\/\/help.opera.com\/en\/latest\/web-preferences\/#cookies<\/a><\/li><\/ul><p>Per a m\u00e9s informaci\u00f3 sobre esborrar o desactivar el bloqueig de galetes tamb\u00e9 poden visitar:<br \/><a href=\"http:\/\/www.aboutcookies.org\/Default.aspx?page=2\">http:\/\/www.aboutcookies.org\/Default.aspx?page=2<\/a><\/p><p><strong>Actualitzar la pol\u00edtica de galetes<\/strong><\/p><p>Aquest lloc web pot modificar aquesta Galeta Pol\u00edtica, per tant, us recomanem que reviseu aquesta pol\u00edtica cada vegada que accedeixi a la nostra p\u00e0gina web per tal d&#039;estar ben informats sobre l&#039;\u00fas que fem de les cookies.<\/p>\t\t\t\t\t\t<\/div>\n\t\t\t\t<\/div>\n\t\t\t\t\t<\/div>\n\t\t<\/div>\n\t\t\t\t\t\t\t<\/div>\n\t\t<\/section>\n\t\t\t\t\t<\/div>\n\t\t<\/div>\n\t\t\t\t\t\t\t<\/div>\n\t\t<\/section>\n\t\t\t\t\t\t\t<\/div>","protected":false},"excerpt":{"rendered":"<p>Pol\u00edtica de cookies El nostre lloc web https:\/\/grafstil.es\/ utilitza una tecnologia anomenada &#039;cookie&#039;, per tal de poder obtenir informaci\u00f3 sobre l&#039;\u00fas del lloc web, millorar l&#039;experi\u00e8ncia de l&#039;usuari i garantir-ne el funcionament correcte. Definici\u00f3 de Cookie Una &#039;cookie&#039; \u00e9s un petit fragment de text que els llocs web envien al navegador i \u2026<\/p>\n<p class=\"read-more\"> <a class=\"\" href=\"https:\/\/grafstil.es\/ca\/politica-de-cookies\/\"> <span class=\"screen-reader-text\">Galetes pol\u00edtica<\/span> Llegeix m\u00e9s \u00bb<\/a><\/p>","protected":false},"author":3,"featured_media":0,"parent":0,"menu_order":0,"comment_status":"closed","ping_status":"closed","template":"","meta":{"site-sidebar-layout":"no-sidebar","site-content-layout":"page-builder","ast-global-header-display":"","ast-banner-title-visibility":"","ast-main-header-display":"","ast-hfb-above-header-display":"","ast-hfb-below-header-display":"","ast-hfb-mobile-header-display":"","site-post-title":"disabled","ast-breadcrumbs-content":"","ast-featured-img":"disabled","footer-sml-layout":"","theme-transparent-header-meta":"default","adv-header-id-meta":"","stick-header-meta":"","header-above-stick-meta":"","header-main-stick-meta":"","header-below-stick-meta":"","footnotes":""},"class_list":["post-1097","page","type-page","status-publish","hentry"],"yoast_head":"<!-- This site is optimized with the Yoast SEO plugin v20.9 - https:\/\/yoast.com\/wordpress\/plugins\/seo\/ -->\n<title>Pol\u00edtica de cookies - Grafstil Displays | Serigraf\u00eda e Impresi\u00f3n digital<\/title>\n<meta name=\"robots\" content=\"index, follow, max-snippet:-1, max-image-preview:large, max-video-preview:-1\" \/>\n<link rel=\"canonical\" href=\"https:\/\/grafstil.es\/ca\/politica-de-cookies\/\" \/>\n<meta property=\"og:locale\" content=\"ca_ES\" \/>\n<meta property=\"og:type\" content=\"article\" \/>\n<meta property=\"og:title\" content=\"Pol\u00edtica de cookies - Grafstil Displays | Serigraf\u00eda e Impresi\u00f3n digital\" \/>\n<meta property=\"og:description\" content=\"Pol\u00edtica de cookies Nuestro sitio web https:\/\/grafstil.es\/ utiliza una tecnolog\u00eda llamada \u2018cookie\u2019, con el fin de poder obtener informaci\u00f3n sobre el uso del sitio web, mejorar la experiencia del usuario y garantizar el su correcto funcionamiento. Definici\u00f3n de Cookie Una \u2018cookie\u2019 es un peque\u00f1o fragmento de texto que los sitios web env\u00edan al navegador y &hellip; Pol\u00edtica de cookies Llegeix m\u00e9s &raquo;\" \/>\n<meta property=\"og:url\" content=\"https:\/\/grafstil.es\/ca\/politica-de-cookies\/\" \/>\n<meta property=\"og:site_name\" content=\"Grafstil Displays | Serigraf\u00eda e Impresi\u00f3n digital\" \/>\n<meta property=\"article:modified_time\" content=\"2023-05-24T12:01:57+00:00\" \/>\n<meta name=\"twitter:card\" content=\"summary_large_image\" \/>\n<meta name=\"twitter:label1\" content=\"Temps estimat de lectura\" \/>\n\t<meta name=\"twitter:data1\" content=\"6 minuts\" \/>\n<script type=\"application\/ld+json\" class=\"yoast-schema-graph\">{\"@context\":\"https:\/\/schema.org\",\"@graph\":[{\"@type\":\"WebPage\",\"@id\":\"https:\/\/grafstil.es\/politica-de-cookies\/\",\"url\":\"https:\/\/grafstil.es\/politica-de-cookies\/\",\"name\":\"Pol\u00edtica de cookies - Grafstil Displays | Serigraf\u00eda e Impresi\u00f3n digital\",\"isPartOf\":{\"@id\":\"https:\/\/grafstil.es\/#website\"},\"datePublished\":\"2023-05-24T11:57:56+00:00\",\"dateModified\":\"2023-05-24T12:01:57+00:00\",\"breadcrumb\":{\"@id\":\"https:\/\/grafstil.es\/politica-de-cookies\/#breadcrumb\"},\"inLanguage\":\"ca\",\"potentialAction\":[{\"@type\":\"ReadAction\",\"target\":[\"https:\/\/grafstil.es\/politica-de-cookies\/\"]}]},{\"@type\":\"BreadcrumbList\",\"@id\":\"https:\/\/grafstil.es\/politica-de-cookies\/#breadcrumb\",\"itemListElement\":[{\"@type\":\"ListItem\",\"position\":1,\"name\":\"Portada\",\"item\":\"https:\/\/grafstil.es\/\"},{\"@type\":\"ListItem\",\"position\":2,\"name\":\"Pol\u00edtica de cookies\"}]},{\"@type\":\"WebSite\",\"@id\":\"https:\/\/grafstil.es\/#website\",\"url\":\"https:\/\/grafstil.es\/\",\"name\":\"Grafstil Displays | Serigraf\u00eda e Impresi\u00f3n digital\",\"description\":\"Estamos especializados en el dise\u00f1o y fabricaci\u00f3n de expositores de todo tipo, ofrecemos un gran surtido en cuanto a publicidad se refiere empleando para su desarrollo los sistemas de serigraf\u00eda, impresi\u00f3n digital, rotulaci\u00f3n, corte y grabado l\u00e1ser.\",\"potentialAction\":[{\"@type\":\"SearchAction\",\"target\":{\"@type\":\"EntryPoint\",\"urlTemplate\":\"https:\/\/grafstil.es\/?s={search_term_string}\"},\"query-input\":\"required name=search_term_string\"}],\"inLanguage\":\"ca\"}]}<\/script>\n<!-- \/ Yoast SEO plugin. -->","yoast_head_json":{"title":"Pol\u00edtica de cookies - Grafstil Displays | Serigraf\u00eda e Impresi\u00f3n digital","robots":{"index":"index","follow":"follow","max-snippet":"max-snippet:-1","max-image-preview":"max-image-preview:large","max-video-preview":"max-video-preview:-1"},"canonical":"https:\/\/grafstil.es\/ca\/politica-de-cookies\/","og_locale":"ca_ES","og_type":"article","og_title":"Pol\u00edtica de cookies - Grafstil Displays | Serigraf\u00eda e Impresi\u00f3n digital","og_description":"Pol\u00edtica de cookies Nuestro sitio web https:\/\/grafstil.es\/ utiliza una tecnolog\u00eda llamada \u2018cookie\u2019, con el fin de poder obtener informaci\u00f3n sobre el uso del sitio web, mejorar la experiencia del usuario y garantizar el su correcto funcionamiento. Definici\u00f3n de Cookie Una \u2018cookie\u2019 es un peque\u00f1o fragmento de texto que los sitios web env\u00edan al navegador y &hellip; Pol\u00edtica de cookies Llegeix m\u00e9s &raquo;","og_url":"https:\/\/grafstil.es\/ca\/politica-de-cookies\/","og_site_name":"Grafstil Displays | Serigraf\u00eda e Impresi\u00f3n digital","article_modified_time":"2023-05-24T12:01:57+00:00","twitter_card":"summary_large_image","twitter_misc":{"Temps estimat de lectura":"6 minuts"},"schema":{"@context":"https:\/\/schema.org","@graph":[{"@type":"WebPage","@id":"https:\/\/grafstil.es\/politica-de-cookies\/","url":"https:\/\/grafstil.es\/politica-de-cookies\/","name":"Pol\u00edtica de cookies - Grafstil Displays | Serigraf\u00eda e Impresi\u00f3n digital","isPartOf":{"@id":"https:\/\/grafstil.es\/#website"},"datePublished":"2023-05-24T11:57:56+00:00","dateModified":"2023-05-24T12:01:57+00:00","breadcrumb":{"@id":"https:\/\/grafstil.es\/politica-de-cookies\/#breadcrumb"},"inLanguage":"ca","potentialAction":[{"@type":"ReadAction","target":["https:\/\/grafstil.es\/politica-de-cookies\/"]}]},{"@type":"BreadcrumbList","@id":"https:\/\/grafstil.es\/politica-de-cookies\/#breadcrumb","itemListElement":[{"@type":"ListItem","position":1,"name":"Portada","item":"https:\/\/grafstil.es\/"},{"@type":"ListItem","position":2,"name":"Pol\u00edtica de cookies"}]},{"@type":"WebSite","@id":"https:\/\/grafstil.es\/#website","url":"https:\/\/grafstil.es\/","name":"Grafstil Displays | Serigraf\u00eda e Impresi\u00f3n digital","description":"Estamos especializados en el dise\u00f1o y fabricaci\u00f3n de expositores de todo tipo, ofrecemos un gran surtido en cuanto a publicidad se refiere empleando para su desarrollo los sistemas de serigraf\u00eda, impresi\u00f3n digital, rotulaci\u00f3n, corte y grabado l\u00e1ser.","potentialAction":[{"@type":"SearchAction","target":{"@type":"EntryPoint","urlTemplate":"https:\/\/grafstil.es\/?s={search_term_string}"},"query-input":"required name=search_term_string"}],"inLanguage":"ca"}]}},"_links":{"self":[{"href":"https:\/\/grafstil.es\/ca\/wp-json\/wp\/v2\/pages\/1097","targetHints":{"allow":["GET"]}}],"collection":[{"href":"https:\/\/grafstil.es\/ca\/wp-json\/wp\/v2\/pages"}],"about":[{"href":"https:\/\/grafstil.es\/ca\/wp-json\/wp\/v2\/types\/page"}],"author":[{"embeddable":true,"href":"https:\/\/grafstil.es\/ca\/wp-json\/wp\/v2\/users\/3"}],"replies":[{"embeddable":true,"href":"https:\/\/grafstil.es\/ca\/wp-json\/wp\/v2\/comments?post=1097"}],"version-history":[{"count":5,"href":"https:\/\/grafstil.es\/ca\/wp-json\/wp\/v2\/pages\/1097\/revisions"}],"predecessor-version":[{"id":1105,"href":"https:\/\/grafstil.es\/ca\/wp-json\/wp\/v2\/pages\/1097\/revisions\/1105"}],"wp:attachment":[{"href":"https:\/\/grafstil.es\/ca\/wp-json\/wp\/v2\/media?parent=1097"}],"curies":[{"name":"wp","href":"https:\/\/api.w.org\/{rel}","templated":true}]}}