{"id":1106,"date":"2023-05-24T12:03:15","date_gmt":"2023-05-24T12:03:15","guid":{"rendered":"http:\/\/grafstil.es\/?page_id=1106"},"modified":"2023-05-24T12:16:20","modified_gmt":"2023-05-24T12:16:20","slug":"politica-de-proteccion-de-datos","status":"publish","type":"page","link":"https:\/\/grafstil.es\/ca\/politica-de-proteccion-de-datos\/","title":{"rendered":"Pol\u00edtica de protecci\u00f3 de dades"},"content":{"rendered":"<div data-elementor-type=\"wp-page\" data-elementor-id=\"1106\" class=\"elementor elementor-1106\">\n\t\t\t\t\t\t\t\t\t<section class=\"elementor-section elementor-top-section elementor-element elementor-element-08e6c8f elementor-section-full_width elementor-section-height-min-height elementor-section-height-default elementor-section-items-middle\" data-id=\"08e6c8f\" data-element_type=\"section\" data-settings=\"{&quot;background_background&quot;:&quot;classic&quot;}\">\n\t\t\t\t\t\t\t<div class=\"elementor-background-overlay\"><\/div>\n\t\t\t\t\t\t\t<div class=\"elementor-container elementor-column-gap-default\">\n\t\t\t\t\t<div class=\"elementor-column elementor-col-100 elementor-top-column elementor-element elementor-element-8831a54\" data-id=\"8831a54\" data-element_type=\"column\">\n\t\t\t<div class=\"elementor-widget-wrap elementor-element-populated\">\n\t\t\t\t\t\t\t\t<div class=\"elementor-element elementor-element-51570ac5 elementor-widget elementor-widget-jkit_heading\" data-id=\"51570ac5\" data-element_type=\"widget\" data-settings=\"{&quot;motion_fx_motion_fx_scrolling&quot;:&quot;yes&quot;,&quot;motion_fx_devices&quot;:[&quot;desktop&quot;,&quot;tablet&quot;,&quot;mobile&quot;]}\" data-widget_type=\"jkit_heading.default\">\n\t\t\t\t<div class=\"elementor-widget-container\">\n\t\t\t<div  class=\"jeg-elementor-kit jkit-heading  align-center align-tablet- align-mobile- jeg_module___69e31ebb980e7\" ><div class=\"heading-section-title  display-inline-block\"><h2 class=\"heading-title\">Pol\u00edtica de protecci\u00f3 de dades<\/h2><\/div><div class=\"heading-section-separator\"><div class=\"separator-wrapper style-solid\"><\/div><\/div><\/div>\t\t<\/div>\n\t\t\t\t<\/div>\n\t\t\t\t\t<\/div>\n\t\t<\/div>\n\t\t\t\t\t\t\t<\/div>\n\t\t<\/section>\n\t\t\t\t<section class=\"elementor-section elementor-top-section elementor-element elementor-element-101f3b8e elementor-section-boxed elementor-section-height-default elementor-section-height-default\" data-id=\"101f3b8e\" data-element_type=\"section\">\n\t\t\t\t\t\t<div class=\"elementor-container elementor-column-gap-default\">\n\t\t\t\t\t<div class=\"elementor-column elementor-col-100 elementor-top-column elementor-element elementor-element-38dc8c76\" data-id=\"38dc8c76\" data-element_type=\"column\">\n\t\t\t<div class=\"elementor-widget-wrap elementor-element-populated\">\n\t\t\t\t\t\t\t\t<section class=\"elementor-section elementor-inner-section elementor-element elementor-element-689efd6 elementor-section-full_width elementor-section-height-default elementor-section-height-default\" data-id=\"689efd6\" data-element_type=\"section\">\n\t\t\t\t\t\t<div class=\"elementor-container elementor-column-gap-default\">\n\t\t\t\t\t<div class=\"elementor-column elementor-col-100 elementor-inner-column elementor-element elementor-element-5cdd88f\" data-id=\"5cdd88f\" data-element_type=\"column\">\n\t\t\t<div class=\"elementor-widget-wrap elementor-element-populated\">\n\t\t\t\t\t\t\t\t<div class=\"elementor-element elementor-element-f601b07 elementor-widget elementor-widget-text-editor\" data-id=\"f601b07\" data-element_type=\"widget\" data-widget_type=\"text-editor.default\">\n\t\t\t\t<div class=\"elementor-widget-container\">\n\t\t\t<style>\/*! elementor - v3.13.3 - 28-05-2023 *\/\n.elementor-widget-text-editor.elementor-drop-cap-view-stacked .elementor-drop-cap{background-color:#69727d;color:#fff}.elementor-widget-text-editor.elementor-drop-cap-view-framed .elementor-drop-cap{color:#69727d;border:3px solid;background-color:transparent}.elementor-widget-text-editor:not(.elementor-drop-cap-view-default) .elementor-drop-cap{margin-top:8px}.elementor-widget-text-editor:not(.elementor-drop-cap-view-default) .elementor-drop-cap-letter{width:1em;height:1em}.elementor-widget-text-editor .elementor-drop-cap{float:left;text-align:center;line-height:1;font-size:50px}.elementor-widget-text-editor .elementor-drop-cap-letter{display:inline-block}<\/style>\t\t\t\t<p>EL PROPIETARI es compromet a protegir la privacitat dels usuaris que accedeixin a aquest lloc web i\/o de qualsevol dels seus serveis. L&#039;\u00fas del lloc web i\/o de qualsevol dels serveis oferts pel PROPIETARI implica l&#039;acceptaci\u00f3 per l&#039;usuari de les disposicions incloses en aquesta Pol\u00edtica de Privacitat i que les seves dades personals siguin tractades d&#039;acord en aix\u00f2. Si us plau, tingueu en compte que malgrat el fet que hi pot haver enlla\u00e7os des del nostre lloc web a altres llocs web i les xarxes socials, aquesta Pol\u00edtica de Privacitat no s&#039;aplica a les p\u00e0gines web d&#039;altres empreses o organitzacions per a que la p\u00e0gina web es redirigeix. EL PROPIETARI no controla el contingut dels llocs de tercers, ni assumeix cap responsabilitat pel contingut o les pol\u00edtiques de privacitat d&#039;aquests llocs web.<\/p><p><strong>Informaci\u00f3 b\u00e0sica de processament de dades (Reglament (UE) 2016\/679 i QUE 3\/2018) <\/strong><\/p><ul><li>Responsable del tractament: EL PROPIETARI. Les nostres dades contingudes en l&#039; <a href=\"https:\/\/grafstil.es\/ca\/aviso-legal\/\">av\u00eds legal<\/a> d&#039;aquest lloc web.<\/li><li>Finalitat del tractament: Oferir i gestionar els nostres productes i\/o serveis.<\/li><li>Legitimaci\u00f3: el Consentiment de l&#039;interessat. Realitzaci\u00f3 del servei d&#039;acord.<\/li><li>Destinataris: Les dades no ser\u00e0 comunicada a tercers, llevat que aix\u00ed ho requereixi la Llei o \u00e9s necessari per complir amb la finalitat del tractament.<\/li><li>Drets de les persones: els interessats tenen dret a exercir els drets d&#039;acc\u00e9s, rectificaci\u00f3, limitaci\u00f3 de tractament, eliminaci\u00f3, la portabilitat i oposici\u00f3, dirigint la seva sol\u00b7licitud a l&#039;adre\u00e7a electr\u00f2nica.<\/li><li>Termini de conservaci\u00f3 de les dades: mentre la relaci\u00f3 comercial o durant els anys necessaris per a complir amb les obligacions legals.<\/li><li>Reclamaci\u00f3: els interessats poden contactar amb l&#039;AEPD per a presentar la reclamaci\u00f3 que considereu convenient.<\/li><li>Informaci\u00f3 addicional: Podeu consultar la addicionals i informaci\u00f3 detallada a continuaci\u00f3 en les &#034;Preguntes sobre la privacitat&#034;.<\/li><\/ul><p><strong>Preguntes sobre la privacitat<\/strong><\/p><p>De conformitat amb el Reglament (UE) 2016\/679 del Parlament Europeu i del Consell, de 27 d&#039;abril de 2016, (RGPD), i de la Llei Org\u00e0nica 3\/2018, de 5 de desembre, de Protecci\u00f3 de Dades Personals i la garantia de drets digitals (LOPDGDD us oferim la seg\u00fcent informaci\u00f3 sobre el tractament de les seves dades de car\u00e0cter personal:<\/p><p><strong>Qui \u00e9s el responsable del tractament de les seves dades?<\/strong><\/p><p>EL TITULAR.<br \/>Les nostres dades contingudes en l&#039; <a href=\"https:\/\/grafstil.es\/ca\/aviso-legal\/\">av\u00eds legal<\/a> d&#039;aquest lloc web.<\/p><p><strong>Quin prop\u00f2sit podem tractar les vostres dades personals?<\/strong><\/p><ul><li>Tractem la informaci\u00f3 que vost\u00e8 ens proporciona, per oferir i bill els nostres serveis i productes.<\/li><li>Si ens donen el seu consentiment tamb\u00e9 podem tractament de les seves dades per enviar-li informaci\u00f3 sobre les nostres activitats, serveis i productes.<\/li><li>Si participeu en algun dels nostres sortejos i\/o concursos nosaltres posarem el teu nom i cognoms, i la seva imatge en els diferents espais i mitjans de comunicaci\u00f3 i difusi\u00f3 que fem servir, incloent-hi les xarxes socials, amb la finalitat de difondre les nostres activitats, serveis i productes.<\/li><\/ul><p><strong>Quant de temps hem de mantenir les vostres dades?<\/strong><\/p><p>Les dades personals facilitades es guardaran mentre vost\u00e8 \u00e9s un usuari dels nostres serveis o vols rebre informaci\u00f3, i si participen en la promoci\u00f3, mentre que vost\u00e8 est\u00e0 actiu, i despr\u00e9s, durant els per\u00edodes establerts per complir amb les nostres obligacions legals.<\/p><p><strong>Quina \u00e9s la legitimaci\u00f3 per al tractament de les seves dades?<\/strong><\/p><p>La base legal per al tractament de les seves dades s\u00f3n les que consenteix que vost\u00e8 ens d\u00f3na.<\/p><p>Respecte a la informaci\u00f3 que s&#039;envia per a menors de 16 anys, s&#039;ent\u00e9n que el que ha estat, amb el consentiment dels seus representants legals. Si no, el representant legal d&#039;un menor d&#039;edat ha de notificar-nos-ho tan aviat com tingui coneixement.<\/p><p><strong>Quins destinataris s&#039;comunicar les vostres dades a?<\/strong><\/p><p>Les dades no seran comunicades a tercers, llevat que sigui necessari per a fer-ho per Llei o \u00e9s necessari per complir amb la finalitat del tractament.<\/p><p><strong>Quins s\u00f3n els seus drets quan ens faciliteu les vostres dades?<\/strong><\/p><ul><li>Qualsevol persona t\u00e9 dret a obtenir la confirmaci\u00f3 sobre si volem o no de les seves dades de car\u00e0cter personal.<\/li><li>Les persones interessades tenen dret a accedir a les seves dades de car\u00e0cter personal, aix\u00ed com a sol\u00b7licitar la rectificaci\u00f3 de dades inexactes o, si escau, sol\u00b7licitar la seva eliminaci\u00f3 quan, entre altres raons, dades, ja no s\u00f3n necess\u00e0ries per a la finalitat per la qual van ser recollits.<\/li><li>En determinades circumst\u00e0ncies, les persones interessades podran sol\u00b7licitar la limitaci\u00f3 del tractament de les seves dades, en aquest cas nom\u00e9s conservar-lo per a l&#039;exercici o la defensa de les reclamacions.<\/li><li>Tamb\u00e9, en determinades circumst\u00e0ncies, i per motius relacionats amb la seva situaci\u00f3 particular, els interessats podran oposar-se al tractament de les seves dades.<\/li><li>Els interessats tenen dret a la portabilitat de les dades.<\/li><li>Finalment, els interessats tenen dret a presentar una reclamaci\u00f3 davant de la competent Autoritat supervisora.<\/li><\/ul><p><strong>Com us podeu exercir els vostres drets?<\/strong><\/p><p>Per escrit i adjuntant c\u00f2pia d&#039;un document que us identifiqui, a la nostra adre\u00e7a f\u00edsica o electr\u00f2nica.<\/p><p><strong>Com els hem obtingut les dades?<\/strong><\/p><p>Les dades personals que ens provenen de l&#039;interessat. L&#039;interessat garanteix que les dades personals facilitades s\u00f3n certes i es fa responsable de comunicar qualsevol modificaci\u00f3 d&#039;aquestes. Les dades que estan marcades amb un asterisc ser\u00e0 obligat\u00f2ria per a poder donar el servei sol\u00b7licitat.<\/p><p><strong>Quines dades podem tractar?<\/strong><\/p><p>Les categories de dades que tractem en la prestaci\u00f3 dels nostres serveis s\u00f3n:<\/p><ul><li>Dades de car\u00e0cter identificaci\u00f3<\/li><li>Adre\u00e7a Postal o electr\u00f2nica a les adreces<\/li><li>Altres dades que es sol\u00b7liciten en els nostres formularis<\/li><\/ul><p>Les dades s\u00f3n limitades, ja que nom\u00e9s tracta les dades necess\u00e0ries per a la prestaci\u00f3 dels nostres serveis i la gesti\u00f3 de la nostra activitat.<\/p><p><strong>Fem servir cookies?<\/strong><\/p><p>Vam utilitzar cookies durant la navegaci\u00f3 en la nostra web amb el consentiment informat de l&#039;usuari. L&#039;usuari pot configurar el seu navegador per a ser avisat de la utilitzaci\u00f3 de cookies i per impedir la seva utilitzaci\u00f3. Per a m\u00e9s informaci\u00f3, visiteu la nostra <a href=\"https:\/\/grafstil.es\/ca\/politica-de-cookies\/\">pol\u00edtica de galetes.<\/a><\/p><p><strong>Quines mesures de seguretat hem d&#039;aplicar?<\/strong><\/p><p>Aplicar les mesures de seguretat establertes en l&#039;article 32 de la RGPD, per tant, hem adoptat les mesures de seguretat necess\u00e0ries per garantir un nivell de seguretat apropiat al risc del tractament de dades que duem a terme, amb mecanismes que ens permetin garantir la confidencialitat, la integritat, la disponibilitat i la capacitat de recuperaci\u00f3 de la permanent i sistemes de tractament de serveis.<\/p><p>Algunes d&#039;aquestes mesures s\u00f3n:<\/p><ul><li>Informaci\u00f3 de la pol\u00edtica de tractament de dades personal.<\/li><li>Realitzaci\u00f3 de c\u00f2pies de seguretat regulars.<\/li><li>Control d&#039;acc\u00e9s a les dades.<\/li><li>Processos de verificaci\u00f3, avaluaci\u00f3 i avaluaci\u00f3 en base regular.<\/li><\/ul>\t\t\t\t\t\t<\/div>\n\t\t\t\t<\/div>\n\t\t\t\t\t<\/div>\n\t\t<\/div>\n\t\t\t\t\t\t\t<\/div>\n\t\t<\/section>\n\t\t\t\t\t<\/div>\n\t\t<\/div>\n\t\t\t\t\t\t\t<\/div>\n\t\t<\/section>\n\t\t\t\t\t\t\t<\/div>","protected":false},"excerpt":{"rendered":"<p>Pol\u00edtica de protecci\u00f3 de dades EL TITULAR es compromet a protegir la privadesa dels usuaris que accedeixin a aquesta web i\/o qualsevol dels seus serveis. La utilitzaci\u00f3 de la web i\/o de qualsevol dels serveis oferts per EL TITULAR implica l&#039;acceptaci\u00f3 per l&#039;usuari de les disposicions contingudes a la present Pol\u00edtica \u2026<\/p>\n<p class=\"read-more\"> <a class=\"\" href=\"https:\/\/grafstil.es\/ca\/politica-de-proteccion-de-datos\/\"> <span class=\"screen-reader-text\">Pol\u00edtica de protecci\u00f3 de dades<\/span> Llegeix m\u00e9s \u00bb<\/a><\/p>","protected":false},"author":3,"featured_media":0,"parent":0,"menu_order":0,"comment_status":"closed","ping_status":"closed","template":"","meta":{"site-sidebar-layout":"no-sidebar","site-content-layout":"page-builder","ast-global-header-display":"","ast-banner-title-visibility":"","ast-main-header-display":"","ast-hfb-above-header-display":"","ast-hfb-below-header-display":"","ast-hfb-mobile-header-display":"","site-post-title":"disabled","ast-breadcrumbs-content":"","ast-featured-img":"disabled","footer-sml-layout":"","theme-transparent-header-meta":"default","adv-header-id-meta":"","stick-header-meta":"","header-above-stick-meta":"","header-main-stick-meta":"","header-below-stick-meta":"","footnotes":""},"class_list":["post-1106","page","type-page","status-publish","hentry"],"yoast_head":"<!-- This site is optimized with the Yoast SEO plugin v20.9 - https:\/\/yoast.com\/wordpress\/plugins\/seo\/ -->\n<title>Pol\u00edtica de protecci\u00f3n de datos - Grafstil Displays | Serigraf\u00eda e Impresi\u00f3n digital<\/title>\n<meta name=\"robots\" content=\"index, follow, max-snippet:-1, max-image-preview:large, max-video-preview:-1\" \/>\n<link rel=\"canonical\" href=\"https:\/\/grafstil.es\/ca\/politica-de-proteccion-de-datos\/\" \/>\n<meta property=\"og:locale\" content=\"ca_ES\" \/>\n<meta property=\"og:type\" content=\"article\" \/>\n<meta property=\"og:title\" content=\"Pol\u00edtica de protecci\u00f3n de datos - Grafstil Displays | Serigraf\u00eda e Impresi\u00f3n digital\" \/>\n<meta property=\"og:description\" content=\"Pol\u00edtica de proteccion de datos EL TITULAR se compromete a proteger la privacidad de los usuarios que accedan a esta web y\/o cualquiera de sus servicios. La utilizaci\u00f3n de la web y\/o de cualquiera de los servicios ofrecidos por EL TITULAR implica la aceptaci\u00f3n por el usuario de las disposiciones contenidas en la presente Pol\u00edtica &hellip; Pol\u00edtica de protecci\u00f3n de datos Llegeix m\u00e9s &raquo;\" \/>\n<meta property=\"og:url\" content=\"https:\/\/grafstil.es\/ca\/politica-de-proteccion-de-datos\/\" \/>\n<meta property=\"og:site_name\" content=\"Grafstil Displays | Serigraf\u00eda e Impresi\u00f3n digital\" \/>\n<meta property=\"article:modified_time\" content=\"2023-05-24T12:16:20+00:00\" \/>\n<meta name=\"twitter:card\" content=\"summary_large_image\" \/>\n<meta name=\"twitter:label1\" content=\"Temps estimat de lectura\" \/>\n\t<meta name=\"twitter:data1\" content=\"5 minuts\" \/>\n<script type=\"application\/ld+json\" class=\"yoast-schema-graph\">{\"@context\":\"https:\/\/schema.org\",\"@graph\":[{\"@type\":\"WebPage\",\"@id\":\"https:\/\/grafstil.es\/politica-de-proteccion-de-datos\/\",\"url\":\"https:\/\/grafstil.es\/politica-de-proteccion-de-datos\/\",\"name\":\"Pol\u00edtica de protecci\u00f3n de datos - Grafstil Displays | Serigraf\u00eda e Impresi\u00f3n digital\",\"isPartOf\":{\"@id\":\"https:\/\/grafstil.es\/#website\"},\"datePublished\":\"2023-05-24T12:03:15+00:00\",\"dateModified\":\"2023-05-24T12:16:20+00:00\",\"breadcrumb\":{\"@id\":\"https:\/\/grafstil.es\/politica-de-proteccion-de-datos\/#breadcrumb\"},\"inLanguage\":\"ca\",\"potentialAction\":[{\"@type\":\"ReadAction\",\"target\":[\"https:\/\/grafstil.es\/politica-de-proteccion-de-datos\/\"]}]},{\"@type\":\"BreadcrumbList\",\"@id\":\"https:\/\/grafstil.es\/politica-de-proteccion-de-datos\/#breadcrumb\",\"itemListElement\":[{\"@type\":\"ListItem\",\"position\":1,\"name\":\"Portada\",\"item\":\"https:\/\/grafstil.es\/\"},{\"@type\":\"ListItem\",\"position\":2,\"name\":\"Pol\u00edtica de protecci\u00f3n de datos\"}]},{\"@type\":\"WebSite\",\"@id\":\"https:\/\/grafstil.es\/#website\",\"url\":\"https:\/\/grafstil.es\/\",\"name\":\"Grafstil Displays | Serigraf\u00eda e Impresi\u00f3n digital\",\"description\":\"Estamos especializados en el dise\u00f1o y fabricaci\u00f3n de expositores de todo tipo, ofrecemos un gran surtido en cuanto a publicidad se refiere empleando para su desarrollo los sistemas de serigraf\u00eda, impresi\u00f3n digital, rotulaci\u00f3n, corte y grabado l\u00e1ser.\",\"potentialAction\":[{\"@type\":\"SearchAction\",\"target\":{\"@type\":\"EntryPoint\",\"urlTemplate\":\"https:\/\/grafstil.es\/?s={search_term_string}\"},\"query-input\":\"required name=search_term_string\"}],\"inLanguage\":\"ca\"}]}<\/script>\n<!-- \/ Yoast SEO plugin. -->","yoast_head_json":{"title":"Pol\u00edtica de protecci\u00f3n de datos - Grafstil Displays | Serigraf\u00eda e Impresi\u00f3n digital","robots":{"index":"index","follow":"follow","max-snippet":"max-snippet:-1","max-image-preview":"max-image-preview:large","max-video-preview":"max-video-preview:-1"},"canonical":"https:\/\/grafstil.es\/ca\/politica-de-proteccion-de-datos\/","og_locale":"ca_ES","og_type":"article","og_title":"Pol\u00edtica de protecci\u00f3n de datos - Grafstil Displays | Serigraf\u00eda e Impresi\u00f3n digital","og_description":"Pol\u00edtica de proteccion de datos EL TITULAR se compromete a proteger la privacidad de los usuarios que accedan a esta web y\/o cualquiera de sus servicios. La utilizaci\u00f3n de la web y\/o de cualquiera de los servicios ofrecidos por EL TITULAR implica la aceptaci\u00f3n por el usuario de las disposiciones contenidas en la presente Pol\u00edtica &hellip; Pol\u00edtica de protecci\u00f3n de datos Llegeix m\u00e9s &raquo;","og_url":"https:\/\/grafstil.es\/ca\/politica-de-proteccion-de-datos\/","og_site_name":"Grafstil Displays | Serigraf\u00eda e Impresi\u00f3n digital","article_modified_time":"2023-05-24T12:16:20+00:00","twitter_card":"summary_large_image","twitter_misc":{"Temps estimat de lectura":"5 minuts"},"schema":{"@context":"https:\/\/schema.org","@graph":[{"@type":"WebPage","@id":"https:\/\/grafstil.es\/politica-de-proteccion-de-datos\/","url":"https:\/\/grafstil.es\/politica-de-proteccion-de-datos\/","name":"Pol\u00edtica de protecci\u00f3n de datos - Grafstil Displays | Serigraf\u00eda e Impresi\u00f3n digital","isPartOf":{"@id":"https:\/\/grafstil.es\/#website"},"datePublished":"2023-05-24T12:03:15+00:00","dateModified":"2023-05-24T12:16:20+00:00","breadcrumb":{"@id":"https:\/\/grafstil.es\/politica-de-proteccion-de-datos\/#breadcrumb"},"inLanguage":"ca","potentialAction":[{"@type":"ReadAction","target":["https:\/\/grafstil.es\/politica-de-proteccion-de-datos\/"]}]},{"@type":"BreadcrumbList","@id":"https:\/\/grafstil.es\/politica-de-proteccion-de-datos\/#breadcrumb","itemListElement":[{"@type":"ListItem","position":1,"name":"Portada","item":"https:\/\/grafstil.es\/"},{"@type":"ListItem","position":2,"name":"Pol\u00edtica de protecci\u00f3n de datos"}]},{"@type":"WebSite","@id":"https:\/\/grafstil.es\/#website","url":"https:\/\/grafstil.es\/","name":"Grafstil Displays | Serigraf\u00eda e Impresi\u00f3n digital","description":"Estamos especializados en el dise\u00f1o y fabricaci\u00f3n de expositores de todo tipo, ofrecemos un gran surtido en cuanto a publicidad se refiere empleando para su desarrollo los sistemas de serigraf\u00eda, impresi\u00f3n digital, rotulaci\u00f3n, corte y grabado l\u00e1ser.","potentialAction":[{"@type":"SearchAction","target":{"@type":"EntryPoint","urlTemplate":"https:\/\/grafstil.es\/?s={search_term_string}"},"query-input":"required name=search_term_string"}],"inLanguage":"ca"}]}},"_links":{"self":[{"href":"https:\/\/grafstil.es\/ca\/wp-json\/wp\/v2\/pages\/1106","targetHints":{"allow":["GET"]}}],"collection":[{"href":"https:\/\/grafstil.es\/ca\/wp-json\/wp\/v2\/pages"}],"about":[{"href":"https:\/\/grafstil.es\/ca\/wp-json\/wp\/v2\/types\/page"}],"author":[{"embeddable":true,"href":"https:\/\/grafstil.es\/ca\/wp-json\/wp\/v2\/users\/3"}],"replies":[{"embeddable":true,"href":"https:\/\/grafstil.es\/ca\/wp-json\/wp\/v2\/comments?post=1106"}],"version-history":[{"count":7,"href":"https:\/\/grafstil.es\/ca\/wp-json\/wp\/v2\/pages\/1106\/revisions"}],"predecessor-version":[{"id":1130,"href":"https:\/\/grafstil.es\/ca\/wp-json\/wp\/v2\/pages\/1106\/revisions\/1130"}],"wp:attachment":[{"href":"https:\/\/grafstil.es\/ca\/wp-json\/wp\/v2\/media?parent=1106"}],"curies":[{"name":"wp","href":"https:\/\/api.w.org\/{rel}","templated":true}]}}