{"id":1112,"date":"2023-05-24T12:08:58","date_gmt":"2023-05-24T12:08:58","guid":{"rendered":"http:\/\/grafstil.es\/?page_id=1112"},"modified":"2023-05-24T12:12:15","modified_gmt":"2023-05-24T12:12:15","slug":"declaracion-de-accesibilidad","status":"publish","type":"page","link":"https:\/\/grafstil.es\/ca\/declaracion-de-accesibilidad\/","title":{"rendered":"Declaraci\u00f3 d&#039;accessibilitat"},"content":{"rendered":"<div data-elementor-type=\"wp-page\" data-elementor-id=\"1112\" class=\"elementor elementor-1112\">\n\t\t\t\t\t\t\t\t\t<section class=\"elementor-section elementor-top-section elementor-element elementor-element-08e6c8f elementor-section-full_width elementor-section-height-min-height elementor-section-height-default elementor-section-items-middle\" data-id=\"08e6c8f\" data-element_type=\"section\" data-settings=\"{&quot;background_background&quot;:&quot;classic&quot;}\">\n\t\t\t\t\t\t\t<div class=\"elementor-background-overlay\"><\/div>\n\t\t\t\t\t\t\t<div class=\"elementor-container elementor-column-gap-default\">\n\t\t\t\t\t<div class=\"elementor-column elementor-col-100 elementor-top-column elementor-element elementor-element-8831a54\" data-id=\"8831a54\" data-element_type=\"column\">\n\t\t\t<div class=\"elementor-widget-wrap elementor-element-populated\">\n\t\t\t\t\t\t\t\t<div class=\"elementor-element elementor-element-51570ac5 elementor-widget elementor-widget-jkit_heading\" data-id=\"51570ac5\" data-element_type=\"widget\" data-settings=\"{&quot;motion_fx_motion_fx_scrolling&quot;:&quot;yes&quot;,&quot;motion_fx_devices&quot;:[&quot;desktop&quot;,&quot;tablet&quot;,&quot;mobile&quot;]}\" data-widget_type=\"jkit_heading.default\">\n\t\t\t\t<div class=\"elementor-widget-container\">\n\t\t\t<div  class=\"jeg-elementor-kit jkit-heading  align-center align-tablet- align-mobile- jeg_module___69e31fae0fea1\" ><div class=\"heading-section-title  display-inline-block\"><h2 class=\"heading-title\">Declaraci\u00f3 d&#039;accessibilitat<\/h2><\/div><div class=\"heading-section-separator\"><div class=\"separator-wrapper style-solid\"><\/div><\/div><\/div>\t\t<\/div>\n\t\t\t\t<\/div>\n\t\t\t\t\t<\/div>\n\t\t<\/div>\n\t\t\t\t\t\t\t<\/div>\n\t\t<\/section>\n\t\t\t\t<section class=\"elementor-section elementor-top-section elementor-element elementor-element-101f3b8e elementor-section-boxed elementor-section-height-default elementor-section-height-default\" data-id=\"101f3b8e\" data-element_type=\"section\">\n\t\t\t\t\t\t<div class=\"elementor-container elementor-column-gap-default\">\n\t\t\t\t\t<div class=\"elementor-column elementor-col-100 elementor-top-column elementor-element elementor-element-38dc8c76\" data-id=\"38dc8c76\" data-element_type=\"column\">\n\t\t\t<div class=\"elementor-widget-wrap elementor-element-populated\">\n\t\t\t\t\t\t\t\t<section class=\"elementor-section elementor-inner-section elementor-element elementor-element-689efd6 elementor-section-full_width elementor-section-height-default elementor-section-height-default\" data-id=\"689efd6\" data-element_type=\"section\">\n\t\t\t\t\t\t<div class=\"elementor-container elementor-column-gap-default\">\n\t\t\t\t\t<div class=\"elementor-column elementor-col-100 elementor-inner-column elementor-element elementor-element-5cdd88f\" data-id=\"5cdd88f\" data-element_type=\"column\">\n\t\t\t<div class=\"elementor-widget-wrap elementor-element-populated\">\n\t\t\t\t\t\t\t\t<div class=\"elementor-element elementor-element-f601b07 elementor-widget elementor-widget-text-editor\" data-id=\"f601b07\" data-element_type=\"widget\" data-widget_type=\"text-editor.default\">\n\t\t\t\t<div class=\"elementor-widget-container\">\n\t\t\t<style>\/*! elementor - v3.13.3 - 28-05-2023 *\/\n.elementor-widget-text-editor.elementor-drop-cap-view-stacked .elementor-drop-cap{background-color:#69727d;color:#fff}.elementor-widget-text-editor.elementor-drop-cap-view-framed .elementor-drop-cap{color:#69727d;border:3px solid;background-color:transparent}.elementor-widget-text-editor:not(.elementor-drop-cap-view-default) .elementor-drop-cap{margin-top:8px}.elementor-widget-text-editor:not(.elementor-drop-cap-view-default) .elementor-drop-cap-letter{width:1em;height:1em}.elementor-widget-text-editor .elementor-drop-cap{float:left;text-align:center;line-height:1;font-size:50px}.elementor-widget-text-editor .elementor-drop-cap-letter{display:inline-block}<\/style>\t\t\t\t<p>GRAFSTIL MOSTRA SL es compromet a fer accessible el lloc web, d&#039;acord amb el Reial Decret 1112\/2018 de 7 de setembre, sobre l&#039;accessibilitat dels llocs web i aplicacions per a m\u00f2bils del sector p\u00fablic.<\/p><p>Aquesta declaraci\u00f3 d&#039;accessibilitat s&#039;aplica al web https:\/\/grafstil.es\/<\/p><p><strong>Estat de compliment<\/strong><\/p><p>Aquest web est\u00e0 desenvolupat d&#039;acord amb el RD 1112\/2018<\/p><p><strong>Preparaci\u00f3 per a la seg\u00fcent declaraci\u00f3 d&#039;accessibilitat<\/strong><\/p><p>Aquesta declaraci\u00f3 va ser elaborada el 2 de gener de 2023.<\/p><p>El m\u00e8tode utilitzat per preparar la declaraci\u00f3 ha estat a l&#039;auto-avaluaci\u00f3.<\/p><p><strong>Observacions i dades de contacte<\/strong><\/p><p>Podeu realitzar les comunicacions relatives als requisits d&#039;accessibilitat (article 10.2.a la RD 1112\/2018) com, per exemple:<\/p><ul><li>Informe de possibles errades en la part d&#039;aquest lloc web<\/li><li>Per transmetre altres dificultats d&#039;acc\u00e9s al contingut<\/li><li>Tenim altres dubtes o suggeriments de millora sobre l&#039;accessibilitat de la web<\/li><\/ul><p>a trav\u00e9s de la <a href=\"https:\/\/grafstil.es\/ca\/contacto\/\">formulari de contacte<\/a> d&#039;aquest lloc web o mitjan\u00e7ant el n\u00famero de tel\u00e8fon 937471272.<\/p><p>Podeu enviar:<\/p><ul><li>Queixa sobre el compliment de les exig\u00e8ncies del RD 1112\/2018 o<\/li><li>L&#039;aplicaci\u00f3 d&#039;accedir a la Informaci\u00f3 relacionada a:<ul><li>Continguts que estan exclosos de l&#039;\u00e0mbit d&#039;aplicaci\u00f3 del RD 1112\/2018 que estableix l&#039;article 3, par\u00e0graf 4<\/li><li>Els continguts que s\u00f3n exempts del compliment dels requisits d&#039;accessibilitat per a imposar una c\u00e0rrega desproporcionada<\/li><\/ul><\/li><\/ul><p>A la Sol\u00b7licitud d&#039;informaci\u00f3 accessible, s&#039;han de donar compte, amb tota claredat, els fets, raons i petici\u00f3 que permet veure que aquesta petici\u00f3 \u00e9s raonable i leg\u00edtim.<\/p><p>Les queixes o reclamacions sobre la informaci\u00f3 accessible s&#039;ha de fer a trav\u00e9s de la seu electr\u00f2nica (<a href=\"https:\/\/sede.red.gob.es\/procedimientos\/quejas-y-sugerencias\">https:\/\/sede.red.gob.es\/procedimientos\/quejas-y-sugerencias<\/a>), i seran rebuts i tractats per l&#039;\u00e0rea de Sistemes de la Informaci\u00f3 de la Xarxa.\u00e9s.<\/p><p><strong>Opcional contingut<\/strong><\/p><p>Si voleu canviar la mida de la lletra del text en el principal gr\u00e0fica navegadors web utilitza els seg\u00fcents men\u00fas:<\/p><ul><li>Internet Explorer, Mozilla i Firefox: Visualitza &gt; Mida del text<\/li><li>\u00d2pera: Veure &gt; Zoom<\/li><li>Safari: Visualitza &gt; Fer m\u00e9s gran el text<\/li><li>Chrome: Controls de la p\u00e0gina actual &gt; Mida del text<\/li><li>Per canviar la mida dels elements de la p\u00e0gina:<ul><li>Ctrl + + per augmentar<\/li><li>Ctrl + \u2013 per a disminuir<\/li><li>Ctrl + 0 per restaurar la mida original del text<\/li><li>Si el que vols \u00e9s substituir el full d&#039;estil o modificar el color del text, que podeu consultar a la p\u00e0gina Com Canviar la Mida del Text o Colors de la WAI, que es pot llegir tradu\u00eft a l&#039;espanyol en Com canviar la mida del text o de colors?<\/li><\/ul><\/li><\/ul>\t\t\t\t\t\t<\/div>\n\t\t\t\t<\/div>\n\t\t\t\t\t<\/div>\n\t\t<\/div>\n\t\t\t\t\t\t\t<\/div>\n\t\t<\/section>\n\t\t\t\t\t<\/div>\n\t\t<\/div>\n\t\t\t\t\t\t\t<\/div>\n\t\t<\/section>\n\t\t\t\t\t\t\t<\/div>","protected":false},"excerpt":{"rendered":"<p>Declaraci\u00f3 d&#039;accessibilitat GRAFSTIL DISPLAYS SL s&#039;ha comprom\u00e8s a fer accessible el vostre lloc web, de conformitat amb el Reial Decret 1112\/2018, de 7 de setembre, sobre accessibilitat dels llocs web i aplicacions per a dispositius m\u00f2bils del sector p\u00fablic. Aquesta declaraci\u00f3 d&#039;accessibilitat s&#039;aplica al lloc web https:\/\/grafstil.es\/ Situaci\u00f3 de compliment Aquest \u2026<\/p>\n<p class=\"read-more\"> <a class=\"\" href=\"https:\/\/grafstil.es\/ca\/declaracion-de-accesibilidad\/\"> <span class=\"screen-reader-text\">Declaraci\u00f3 d&#039;accessibilitat<\/span> Llegeix m\u00e9s \u00bb<\/a><\/p>","protected":false},"author":3,"featured_media":0,"parent":0,"menu_order":0,"comment_status":"closed","ping_status":"closed","template":"","meta":{"site-sidebar-layout":"no-sidebar","site-content-layout":"page-builder","ast-global-header-display":"","ast-banner-title-visibility":"","ast-main-header-display":"","ast-hfb-above-header-display":"","ast-hfb-below-header-display":"","ast-hfb-mobile-header-display":"","site-post-title":"disabled","ast-breadcrumbs-content":"","ast-featured-img":"disabled","footer-sml-layout":"","theme-transparent-header-meta":"default","adv-header-id-meta":"","stick-header-meta":"","header-above-stick-meta":"","header-main-stick-meta":"","header-below-stick-meta":"","footnotes":""},"class_list":["post-1112","page","type-page","status-publish","hentry"],"yoast_head":"<!-- This site is optimized with the Yoast SEO plugin v20.9 - https:\/\/yoast.com\/wordpress\/plugins\/seo\/ -->\n<title>Declaraci\u00f3n de accesibilidad - Grafstil Displays | Serigraf\u00eda e Impresi\u00f3n digital<\/title>\n<meta name=\"robots\" content=\"index, follow, max-snippet:-1, max-image-preview:large, max-video-preview:-1\" \/>\n<link rel=\"canonical\" href=\"https:\/\/grafstil.es\/ca\/declaracion-de-accesibilidad\/\" \/>\n<meta property=\"og:locale\" content=\"ca_ES\" \/>\n<meta property=\"og:type\" content=\"article\" \/>\n<meta property=\"og:title\" content=\"Declaraci\u00f3n de accesibilidad - Grafstil Displays | Serigraf\u00eda e Impresi\u00f3n digital\" \/>\n<meta property=\"og:description\" content=\"Declaracion de accesibilidad GRAFSTIL DISPLAYS S.L. se ha comprometido a hacer accesible su sitio web, de conformidad con el Real Decreto 1112\/2018, de 7 de septiembre, sobre accesibilidad de los sitios web y aplicaciones para dispositivos m\u00f3viles del sector p\u00fablico. La presente declaraci\u00f3n de accesibilidad se aplica al sitio web https:\/\/grafstil.es\/ Situaci\u00f3n de cumplimiento Este &hellip; Declaraci\u00f3n de accesibilidad Llegeix m\u00e9s &raquo;\" \/>\n<meta property=\"og:url\" content=\"https:\/\/grafstil.es\/ca\/declaracion-de-accesibilidad\/\" \/>\n<meta property=\"og:site_name\" content=\"Grafstil Displays | Serigraf\u00eda e Impresi\u00f3n digital\" \/>\n<meta property=\"article:modified_time\" content=\"2023-05-24T12:12:15+00:00\" \/>\n<meta name=\"twitter:card\" content=\"summary_large_image\" \/>\n<meta name=\"twitter:label1\" content=\"Temps estimat de lectura\" \/>\n\t<meta name=\"twitter:data1\" content=\"2 minuts\" \/>\n<script type=\"application\/ld+json\" class=\"yoast-schema-graph\">{\"@context\":\"https:\/\/schema.org\",\"@graph\":[{\"@type\":\"WebPage\",\"@id\":\"https:\/\/grafstil.es\/declaracion-de-accesibilidad\/\",\"url\":\"https:\/\/grafstil.es\/declaracion-de-accesibilidad\/\",\"name\":\"Declaraci\u00f3n de accesibilidad - Grafstil Displays | Serigraf\u00eda e Impresi\u00f3n digital\",\"isPartOf\":{\"@id\":\"https:\/\/grafstil.es\/#website\"},\"datePublished\":\"2023-05-24T12:08:58+00:00\",\"dateModified\":\"2023-05-24T12:12:15+00:00\",\"breadcrumb\":{\"@id\":\"https:\/\/grafstil.es\/declaracion-de-accesibilidad\/#breadcrumb\"},\"inLanguage\":\"ca\",\"potentialAction\":[{\"@type\":\"ReadAction\",\"target\":[\"https:\/\/grafstil.es\/declaracion-de-accesibilidad\/\"]}]},{\"@type\":\"BreadcrumbList\",\"@id\":\"https:\/\/grafstil.es\/declaracion-de-accesibilidad\/#breadcrumb\",\"itemListElement\":[{\"@type\":\"ListItem\",\"position\":1,\"name\":\"Portada\",\"item\":\"https:\/\/grafstil.es\/\"},{\"@type\":\"ListItem\",\"position\":2,\"name\":\"Declaraci\u00f3n de accesibilidad\"}]},{\"@type\":\"WebSite\",\"@id\":\"https:\/\/grafstil.es\/#website\",\"url\":\"https:\/\/grafstil.es\/\",\"name\":\"Grafstil Displays | Serigraf\u00eda e Impresi\u00f3n digital\",\"description\":\"Estamos especializados en el dise\u00f1o y fabricaci\u00f3n de expositores de todo tipo, ofrecemos un gran surtido en cuanto a publicidad se refiere empleando para su desarrollo los sistemas de serigraf\u00eda, impresi\u00f3n digital, rotulaci\u00f3n, corte y grabado l\u00e1ser.\",\"potentialAction\":[{\"@type\":\"SearchAction\",\"target\":{\"@type\":\"EntryPoint\",\"urlTemplate\":\"https:\/\/grafstil.es\/?s={search_term_string}\"},\"query-input\":\"required name=search_term_string\"}],\"inLanguage\":\"ca\"}]}<\/script>\n<!-- \/ Yoast SEO plugin. -->","yoast_head_json":{"title":"Declaraci\u00f3n de accesibilidad - Grafstil Displays | Serigraf\u00eda e Impresi\u00f3n digital","robots":{"index":"index","follow":"follow","max-snippet":"max-snippet:-1","max-image-preview":"max-image-preview:large","max-video-preview":"max-video-preview:-1"},"canonical":"https:\/\/grafstil.es\/ca\/declaracion-de-accesibilidad\/","og_locale":"ca_ES","og_type":"article","og_title":"Declaraci\u00f3n de accesibilidad - Grafstil Displays | Serigraf\u00eda e Impresi\u00f3n digital","og_description":"Declaracion de accesibilidad GRAFSTIL DISPLAYS S.L. se ha comprometido a hacer accesible su sitio web, de conformidad con el Real Decreto 1112\/2018, de 7 de septiembre, sobre accesibilidad de los sitios web y aplicaciones para dispositivos m\u00f3viles del sector p\u00fablico. La presente declaraci\u00f3n de accesibilidad se aplica al sitio web https:\/\/grafstil.es\/ Situaci\u00f3n de cumplimiento Este &hellip; Declaraci\u00f3n de accesibilidad Llegeix m\u00e9s &raquo;","og_url":"https:\/\/grafstil.es\/ca\/declaracion-de-accesibilidad\/","og_site_name":"Grafstil Displays | Serigraf\u00eda e Impresi\u00f3n digital","article_modified_time":"2023-05-24T12:12:15+00:00","twitter_card":"summary_large_image","twitter_misc":{"Temps estimat de lectura":"2 minuts"},"schema":{"@context":"https:\/\/schema.org","@graph":[{"@type":"WebPage","@id":"https:\/\/grafstil.es\/declaracion-de-accesibilidad\/","url":"https:\/\/grafstil.es\/declaracion-de-accesibilidad\/","name":"Declaraci\u00f3n de accesibilidad - Grafstil Displays | Serigraf\u00eda e Impresi\u00f3n digital","isPartOf":{"@id":"https:\/\/grafstil.es\/#website"},"datePublished":"2023-05-24T12:08:58+00:00","dateModified":"2023-05-24T12:12:15+00:00","breadcrumb":{"@id":"https:\/\/grafstil.es\/declaracion-de-accesibilidad\/#breadcrumb"},"inLanguage":"ca","potentialAction":[{"@type":"ReadAction","target":["https:\/\/grafstil.es\/declaracion-de-accesibilidad\/"]}]},{"@type":"BreadcrumbList","@id":"https:\/\/grafstil.es\/declaracion-de-accesibilidad\/#breadcrumb","itemListElement":[{"@type":"ListItem","position":1,"name":"Portada","item":"https:\/\/grafstil.es\/"},{"@type":"ListItem","position":2,"name":"Declaraci\u00f3n de accesibilidad"}]},{"@type":"WebSite","@id":"https:\/\/grafstil.es\/#website","url":"https:\/\/grafstil.es\/","name":"Grafstil Displays | Serigraf\u00eda e Impresi\u00f3n digital","description":"Estamos especializados en el dise\u00f1o y fabricaci\u00f3n de expositores de todo tipo, ofrecemos un gran surtido en cuanto a publicidad se refiere empleando para su desarrollo los sistemas de serigraf\u00eda, impresi\u00f3n digital, rotulaci\u00f3n, corte y grabado l\u00e1ser.","potentialAction":[{"@type":"SearchAction","target":{"@type":"EntryPoint","urlTemplate":"https:\/\/grafstil.es\/?s={search_term_string}"},"query-input":"required name=search_term_string"}],"inLanguage":"ca"}]}},"_links":{"self":[{"href":"https:\/\/grafstil.es\/ca\/wp-json\/wp\/v2\/pages\/1112","targetHints":{"allow":["GET"]}}],"collection":[{"href":"https:\/\/grafstil.es\/ca\/wp-json\/wp\/v2\/pages"}],"about":[{"href":"https:\/\/grafstil.es\/ca\/wp-json\/wp\/v2\/types\/page"}],"author":[{"embeddable":true,"href":"https:\/\/grafstil.es\/ca\/wp-json\/wp\/v2\/users\/3"}],"replies":[{"embeddable":true,"href":"https:\/\/grafstil.es\/ca\/wp-json\/wp\/v2\/comments?post=1112"}],"version-history":[{"count":5,"href":"https:\/\/grafstil.es\/ca\/wp-json\/wp\/v2\/pages\/1112\/revisions"}],"predecessor-version":[{"id":1118,"href":"https:\/\/grafstil.es\/ca\/wp-json\/wp\/v2\/pages\/1112\/revisions\/1118"}],"wp:attachment":[{"href":"https:\/\/grafstil.es\/ca\/wp-json\/wp\/v2\/media?parent=1112"}],"curies":[{"name":"wp","href":"https:\/\/api.w.org\/{rel}","templated":true}]}}