{"id":1119,"date":"2023-05-24T12:13:03","date_gmt":"2023-05-24T12:13:03","guid":{"rendered":"http:\/\/grafstil.es\/?page_id=1119"},"modified":"2023-05-24T12:16:50","modified_gmt":"2023-05-24T12:16:50","slug":"mapa-del-sitio","status":"publish","type":"page","link":"https:\/\/grafstil.es\/ca\/mapa-del-sitio\/","title":{"rendered":"Mapa web"},"content":{"rendered":"<div data-elementor-type=\"wp-page\" data-elementor-id=\"1119\" class=\"elementor elementor-1119\">\n\t\t\t\t\t\t\t\t\t<section class=\"elementor-section elementor-top-section elementor-element elementor-element-08e6c8f elementor-section-full_width elementor-section-height-min-height elementor-section-height-default elementor-section-items-middle\" data-id=\"08e6c8f\" data-element_type=\"section\" data-settings=\"{&quot;background_background&quot;:&quot;classic&quot;}\">\n\t\t\t\t\t\t\t<div class=\"elementor-background-overlay\"><\/div>\n\t\t\t\t\t\t\t<div class=\"elementor-container elementor-column-gap-default\">\n\t\t\t\t\t<div class=\"elementor-column elementor-col-100 elementor-top-column elementor-element elementor-element-8831a54\" data-id=\"8831a54\" data-element_type=\"column\">\n\t\t\t<div class=\"elementor-widget-wrap elementor-element-populated\">\n\t\t\t\t\t\t\t\t<div class=\"elementor-element elementor-element-51570ac5 elementor-widget elementor-widget-jkit_heading\" data-id=\"51570ac5\" data-element_type=\"widget\" data-settings=\"{&quot;motion_fx_motion_fx_scrolling&quot;:&quot;yes&quot;,&quot;motion_fx_devices&quot;:[&quot;desktop&quot;,&quot;tablet&quot;,&quot;mobile&quot;]}\" data-widget_type=\"jkit_heading.default\">\n\t\t\t\t<div class=\"elementor-widget-container\">\n\t\t\t<div  class=\"jeg-elementor-kit jkit-heading  align-center align-tablet- align-mobile- jeg_module___69e31fadef38e\" ><div class=\"heading-section-title  display-inline-block\"><h2 class=\"heading-title\">Mapa web<\/h2><\/div><div class=\"heading-section-separator\"><div class=\"separator-wrapper style-solid\"><\/div><\/div><\/div>\t\t<\/div>\n\t\t\t\t<\/div>\n\t\t\t\t\t<\/div>\n\t\t<\/div>\n\t\t\t\t\t\t\t<\/div>\n\t\t<\/section>\n\t\t\t\t<section class=\"elementor-section elementor-top-section elementor-element elementor-element-101f3b8e elementor-section-boxed elementor-section-height-default elementor-section-height-default\" data-id=\"101f3b8e\" data-element_type=\"section\">\n\t\t\t\t\t\t<div class=\"elementor-container elementor-column-gap-default\">\n\t\t\t\t\t<div class=\"elementor-column elementor-col-100 elementor-top-column elementor-element elementor-element-38dc8c76\" data-id=\"38dc8c76\" data-element_type=\"column\">\n\t\t\t<div class=\"elementor-widget-wrap elementor-element-populated\">\n\t\t\t\t\t\t\t\t<section class=\"elementor-section elementor-inner-section elementor-element elementor-element-689efd6 elementor-section-full_width elementor-section-height-default elementor-section-height-default\" data-id=\"689efd6\" data-element_type=\"section\">\n\t\t\t\t\t\t<div class=\"elementor-container elementor-column-gap-default\">\n\t\t\t\t\t<div class=\"elementor-column elementor-col-100 elementor-inner-column elementor-element elementor-element-f61518f\" data-id=\"f61518f\" data-element_type=\"column\">\n\t\t\t<div class=\"elementor-widget-wrap elementor-element-populated\">\n\t\t\t\t\t\t\t\t<div class=\"elementor-element elementor-element-80264fa elementor-widget elementor-widget-sitemap\" data-id=\"80264fa\" data-element_type=\"widget\" data-widget_type=\"sitemap.default\">\n\t\t\t\t<div class=\"elementor-widget-container\">\n\t\t\t<link rel=\"stylesheet\" href=\"https:\/\/grafstil.es\/wp-content\/plugins\/elementor-pro\/assets\/css\/widget-theme-elements.min.css\"><div class=\"elementor-sitemap-wrap\"><div class=\"elementor-sitemap-section\"><h2 class=\"elementor-sitemap-title elementor-sitemap-page-title\">P\u00e0gines<\/h2><ul class=\"elementor-sitemap-list elementor-sitemap-page-list\"><li class=\"elementor-sitemap-item elementor-sitemap-item-page page_item page-item-2387 menu-item\"><a href=\"https:\/\/grafstil.es\/ca\/plv-diseno-sabadell\/\" class=\"elementor-sitemap-item elementor-sitemap-item-page menu-link\">PLV disseny Sabadell<\/a><\/li><li class=\"elementor-sitemap-item elementor-sitemap-item-page page_item page-item-2382 menu-item\"><a href=\"https:\/\/grafstil.es\/ca\/plv-diseno-barcelona\/\" class=\"elementor-sitemap-item elementor-sitemap-item-page menu-link\">PLV disseny Barcelona<\/a><\/li><li class=\"elementor-sitemap-item elementor-sitemap-item-page page_item page-item-2363 menu-item\"><a href=\"https:\/\/grafstil.es\/ca\/fabricante-expositores\/fabricante-expositores-sabadell\/\" class=\"elementor-sitemap-item elementor-sitemap-item-page menu-link\">Fabricant expositors Sabadell<\/a><\/li><li class=\"elementor-sitemap-item elementor-sitemap-item-page page_item page-item-2357 menu-item\"><a href=\"https:\/\/grafstil.es\/ca\/fabricante-expositores\/fabricante-expositores-terrassa\/\" class=\"elementor-sitemap-item elementor-sitemap-item-page menu-link\">Fabricant expositors Terrassa<\/a><\/li><li class=\"elementor-sitemap-item elementor-sitemap-item-page page_item page-item-2352 menu-item\"><a href=\"https:\/\/grafstil.es\/ca\/fabricante-expositores\/fabricante-expositores-cornella\/\" class=\"elementor-sitemap-item elementor-sitemap-item-page menu-link\">Fabricant expositors Cornell\u00e0<\/a><\/li><li class=\"elementor-sitemap-item elementor-sitemap-item-page page_item page-item-2347 menu-item\"><a href=\"https:\/\/grafstil.es\/ca\/fabricante-expositores\/fabricante-expositores-sant-cugat\/\" class=\"elementor-sitemap-item elementor-sitemap-item-page menu-link\">Fabricant expositors Sant Cugat<\/a><\/li><li class=\"elementor-sitemap-item elementor-sitemap-item-page page_item page-item-2336 menu-item\"><a href=\"https:\/\/grafstil.es\/ca\/fabricante-expositores\/fabricante-expositores-barcelona\/\" class=\"elementor-sitemap-item elementor-sitemap-item-page menu-link\">Fabricant expositors Barcelona<\/a><\/li><li class=\"elementor-sitemap-item elementor-sitemap-item-page page_item page-item-2330 menu-item\"><a href=\"https:\/\/grafstil.es\/ca\/expositores-de-carton\/expositores-de-carton-sant-quirze-del-valles\/\" class=\"elementor-sitemap-item elementor-sitemap-item-page menu-link\">Expositors de cartr\u00f3 Sant Quirze del Vall\u00e8s<\/a><\/li><li class=\"elementor-sitemap-item elementor-sitemap-item-page page_item page-item-2324 menu-item\"><a href=\"https:\/\/grafstil.es\/ca\/expositores-de-carton\/expositores-de-carton-cornella\/\" class=\"elementor-sitemap-item elementor-sitemap-item-page menu-link\">Expositors de cartr\u00f3 Cornell\u00e0<\/a><\/li><li class=\"elementor-sitemap-item elementor-sitemap-item-page page_item page-item-2315 menu-item\"><a href=\"https:\/\/grafstil.es\/ca\/expositores-de-carton\/expositores-de-carton-terrassa\/\" class=\"elementor-sitemap-item elementor-sitemap-item-page menu-link\">Expositors de cartr\u00f3 Sant Cugat<\/a><\/li><li class=\"elementor-sitemap-item elementor-sitemap-item-page page_item page-item-2309 menu-item\"><a href=\"https:\/\/grafstil.es\/ca\/expositores-de-carton\/expositores-de-carton-sabadell\/\" class=\"elementor-sitemap-item elementor-sitemap-item-page menu-link\">Expositors de cartr\u00f3 Sabadell<\/a><\/li><li class=\"elementor-sitemap-item elementor-sitemap-item-page page_item page-item-2296 menu-item\"><a href=\"https:\/\/grafstil.es\/ca\/fabricacion-plv\/fabricacion-plv-cornella\/\" class=\"elementor-sitemap-item elementor-sitemap-item-page menu-link\">Fabricaci\u00f3 PLV Cornell\u00e0<\/a><\/li><li class=\"elementor-sitemap-item elementor-sitemap-item-page page_item page-item-2291 menu-item\"><a href=\"https:\/\/grafstil.es\/ca\/fabricacion-plv\/fabricacion-plv-sabadell\/\" class=\"elementor-sitemap-item elementor-sitemap-item-page menu-link\">Fabricaci\u00f3 PLV Sabadell\u00a0<\/a><\/li><li class=\"elementor-sitemap-item elementor-sitemap-item-page page_item page-item-2285 menu-item\"><a href=\"https:\/\/grafstil.es\/ca\/fabricacion-plv\/fabricacion-plv-terrassa\/\" class=\"elementor-sitemap-item elementor-sitemap-item-page menu-link\">Fabricaci\u00f3 PLV Terrassa<\/a><\/li><li class=\"elementor-sitemap-item elementor-sitemap-item-page page_item page-item-2280 menu-item\"><a href=\"https:\/\/grafstil.es\/ca\/fabricacion-plv\/fabricacion-plv-sant-cugat\/\" class=\"elementor-sitemap-item elementor-sitemap-item-page menu-link\">Fabricaci\u00f3 PLV Sant Cugat<\/a><\/li><li class=\"elementor-sitemap-item elementor-sitemap-item-page page_item page-item-2069 menu-item\"><a href=\"https:\/\/grafstil.es\/ca\/expositores-de-carton-barcelona\/\" class=\"elementor-sitemap-item elementor-sitemap-item-page menu-link\">Expositors de cartr\u00f3 Barcelona<\/a><\/li><li class=\"elementor-sitemap-item elementor-sitemap-item-page page_item page-item-2062 menu-item\"><a href=\"https:\/\/grafstil.es\/ca\/expositores-de-carton\/\" class=\"elementor-sitemap-item elementor-sitemap-item-page menu-link\">Expositors de cartr\u00f3<\/a><\/li><li class=\"elementor-sitemap-item elementor-sitemap-item-page page_item page-item-2026 menu-item\"><a href=\"https:\/\/grafstil.es\/ca\/fabricante-plv\/\" class=\"elementor-sitemap-item elementor-sitemap-item-page menu-link\">Fabricant PLV<\/a><\/li><li class=\"elementor-sitemap-item elementor-sitemap-item-page page_item page-item-2027 menu-item\"><a href=\"https:\/\/grafstil.es\/ca\/fabricante-expositores\/\" class=\"elementor-sitemap-item elementor-sitemap-item-page menu-link\">Fabricant expositors<\/a><\/li><li class=\"elementor-sitemap-item elementor-sitemap-item-page page_item page-item-2002 menu-item\"><a href=\"https:\/\/grafstil.es\/ca\/diseno-de-plv-barcelona\/\" class=\"elementor-sitemap-item elementor-sitemap-item-page menu-link\">Disseny de PLV Barcelona<\/a><\/li><li class=\"elementor-sitemap-item elementor-sitemap-item-page page_item page-item-1997 menu-item\"><a href=\"https:\/\/grafstil.es\/ca\/diseno-de-plv-sabadell\/\" class=\"elementor-sitemap-item elementor-sitemap-item-page menu-link\">PUNT de disseny-de-compra de Sabadell<\/a><\/li><li class=\"elementor-sitemap-item elementor-sitemap-item-page page_item page-item-1890 menu-item\"><a href=\"https:\/\/grafstil.es\/ca\/proyectos\/\" class=\"elementor-sitemap-item elementor-sitemap-item-page menu-link\">Projectes<\/a><\/li><li class=\"elementor-sitemap-item elementor-sitemap-item-page page_item page-item-1502 menu-item\"><a href=\"https:\/\/grafstil.es\/ca\/diseno-personalizado\/\" class=\"elementor-sitemap-item elementor-sitemap-item-page menu-link\">Disseny a mida<\/a><\/li><li class=\"elementor-sitemap-item elementor-sitemap-item-page page_item page-item-1497 menu-item\"><a href=\"https:\/\/grafstil.es\/ca\/maquetacion-y-prototipos\/\" class=\"elementor-sitemap-item elementor-sitemap-item-page menu-link\">Disseny i prototips<\/a><\/li><li class=\"elementor-sitemap-item elementor-sitemap-item-page page_item page-item-1492 menu-item\"><a href=\"https:\/\/grafstil.es\/ca\/rotulacion-e-impresion-digital\/\" class=\"elementor-sitemap-item elementor-sitemap-item-page menu-link\">Retolaci\u00f3 i impressi\u00f3 digital<\/a><\/li><li class=\"elementor-sitemap-item elementor-sitemap-item-page page_item page-item-1487 menu-item\"><a href=\"https:\/\/grafstil.es\/ca\/serigrafia-tampografia\/\" class=\"elementor-sitemap-item elementor-sitemap-item-page menu-link\">Serigrafiat \/ Tampografia<\/a><\/li><li class=\"elementor-sitemap-item elementor-sitemap-item-page page_item page-item-1482 menu-item\"><a href=\"https:\/\/grafstil.es\/ca\/corte-y-grabado-laser\/\" class=\"elementor-sitemap-item elementor-sitemap-item-page menu-link\">Tall i gravat l\u00e0ser<\/a><\/li><li class=\"elementor-sitemap-item elementor-sitemap-item-page page_item page-item-1471 menu-item\"><a href=\"https:\/\/grafstil.es\/ca\/fabricacion-plv-2\/\" class=\"elementor-sitemap-item elementor-sitemap-item-page menu-link\">Fabricaci\u00f3 de PLV<\/a><\/li><li class=\"elementor-sitemap-item elementor-sitemap-item-page page_item page-item-1251 menu-item\"><a href=\"https:\/\/grafstil.es\/ca\/display-carton\/\" class=\"elementor-sitemap-item elementor-sitemap-item-page menu-link\">Visualitzaci\u00f3 de cartr\u00f3<\/a><\/li><li class=\"elementor-sitemap-item elementor-sitemap-item-page page_item page-item-1241 menu-item\"><a href=\"https:\/\/grafstil.es\/ca\/tampografia\/\" class=\"elementor-sitemap-item elementor-sitemap-item-page menu-link\">Tampografia<\/a><\/li><li class=\"elementor-sitemap-item elementor-sitemap-item-page page_item page-item-1242 menu-item\"><a href=\"https:\/\/grafstil.es\/ca\/serigrafia\/\" class=\"elementor-sitemap-item elementor-sitemap-item-page menu-link\">Serigraph<\/a><\/li><li class=\"elementor-sitemap-item elementor-sitemap-item-page page_item page-item-1212 menu-item\"><a href=\"https:\/\/grafstil.es\/ca\/serigrafia-camisetas\/\" class=\"elementor-sitemap-item elementor-sitemap-item-page menu-link\">Serigrafia de samarretes<\/a><\/li><li class=\"elementor-sitemap-item elementor-sitemap-item-page page_item page-item-1207 menu-item\"><a href=\"https:\/\/grafstil.es\/ca\/merchandising\/\" class=\"elementor-sitemap-item elementor-sitemap-item-page menu-link\">Marxandatge<\/a><\/li><li class=\"elementor-sitemap-item elementor-sitemap-item-page page_item page-item-1210 menu-item\"><a href=\"https:\/\/grafstil.es\/ca\/fabricacion-plv\/\" class=\"elementor-sitemap-item elementor-sitemap-item-page menu-link\">Fabricaci\u00f3 de PLV<\/a><\/li><li class=\"elementor-sitemap-item elementor-sitemap-item-page page_item page-item-1211 menu-item\"><a href=\"https:\/\/grafstil.es\/ca\/expositores-para-tiendas\/\" class=\"elementor-sitemap-item elementor-sitemap-item-page menu-link\">Expositor per a botigues<\/a><\/li><li class=\"elementor-sitemap-item elementor-sitemap-item-page page_item page-item-1209 menu-item\"><a href=\"https:\/\/grafstil.es\/ca\/expositores-para-llaveros\/\" class=\"elementor-sitemap-item elementor-sitemap-item-page menu-link\">Expositors per clauers<\/a><\/li><li class=\"elementor-sitemap-item elementor-sitemap-item-page page_item page-item-1208 menu-item\"><a href=\"https:\/\/grafstil.es\/ca\/expositores-para-joyeria\/\" class=\"elementor-sitemap-item elementor-sitemap-item-page menu-link\">Expositors per a la joieria<\/a><\/li><li class=\"elementor-sitemap-item elementor-sitemap-item-page page_item page-item-1164 menu-item\"><a href=\"https:\/\/grafstil.es\/ca\/expositores-de-ropa-para-tiendas\/\" class=\"elementor-sitemap-item elementor-sitemap-item-page menu-link\">Expositors botigues de roba<\/a><\/li><li class=\"elementor-sitemap-item elementor-sitemap-item-page page_item page-item-1161 menu-item\"><a href=\"https:\/\/grafstil.es\/ca\/expositores-de-madera-para-tiendas\/\" class=\"elementor-sitemap-item elementor-sitemap-item-page menu-link\">Expositors de fusta per a botigues<\/a><\/li><li class=\"elementor-sitemap-item elementor-sitemap-item-page page_item page-item-1162 menu-item\"><a href=\"https:\/\/grafstil.es\/ca\/expositor-para-tiendas\/\" class=\"elementor-sitemap-item elementor-sitemap-item-page menu-link\">Expositor per a botigues<\/a><\/li><li class=\"elementor-sitemap-item elementor-sitemap-item-page page_item page-item-1163 menu-item\"><a href=\"https:\/\/grafstil.es\/ca\/expositor-para-pared\/\" class=\"elementor-sitemap-item elementor-sitemap-item-page menu-link\">Expositor de la paret<\/a><\/li><li class=\"elementor-sitemap-item elementor-sitemap-item-page page_item page-item-1160 menu-item\"><a href=\"https:\/\/grafstil.es\/ca\/display-para-exposiciones\/\" class=\"elementor-sitemap-item elementor-sitemap-item-page menu-link\">Pantalla per a la seva exposici\u00f3<\/a><\/li><li class=\"elementor-sitemap-item elementor-sitemap-item-page page_item page-item-1156 menu-item\"><a href=\"https:\/\/grafstil.es\/ca\/display-de-carton-para-exposiciones\/\" class=\"elementor-sitemap-item elementor-sitemap-item-page menu-link\">Visualitzaci\u00f3 de cartr\u00f3 per a exposicions<\/a><\/li><li class=\"elementor-sitemap-item elementor-sitemap-item-page page_item page-item-1159 menu-item\"><a href=\"https:\/\/grafstil.es\/ca\/diseno-de-rotulos\/\" class=\"elementor-sitemap-item elementor-sitemap-item-page menu-link\">El disseny de les etiquetes<\/a><\/li><li class=\"elementor-sitemap-item elementor-sitemap-item-page page_item page-item-1158 menu-item\"><a href=\"https:\/\/grafstil.es\/ca\/diseno-de-rotulos-para-negocios\/\" class=\"elementor-sitemap-item elementor-sitemap-item-page menu-link\">Disseny d&#039;etiquetes per a les empreses<\/a><\/li><li class=\"elementor-sitemap-item elementor-sitemap-item-page page_item page-item-1157 menu-item\"><a href=\"https:\/\/grafstil.es\/ca\/diseno-de-plv\/\" class=\"elementor-sitemap-item elementor-sitemap-item-page menu-link\">PUNT de disseny-de-compra<\/a><\/li><li class=\"elementor-sitemap-item elementor-sitemap-item-page page_item page-item-1155 menu-item\"><a href=\"https:\/\/grafstil.es\/ca\/diseno-de-display\/\" class=\"elementor-sitemap-item elementor-sitemap-item-page menu-link\">Disseny de display<\/a><\/li><li class=\"elementor-sitemap-item elementor-sitemap-item-page page_item page-item-1150 menu-item\"><a href=\"https:\/\/grafstil.es\/ca\/corte-laser\/\" class=\"elementor-sitemap-item elementor-sitemap-item-page menu-link\">Tall per l\u00e0ser<\/a><\/li><li class=\"elementor-sitemap-item elementor-sitemap-item-page page_item page-item-1119 menu-item\"><a href=\"https:\/\/grafstil.es\/ca\/mapa-del-sitio\/\" class=\"elementor-sitemap-item elementor-sitemap-item-page menu-link\">Mapa web<\/a><\/li><li class=\"elementor-sitemap-item elementor-sitemap-item-page page_item page-item-1112 menu-item\"><a href=\"https:\/\/grafstil.es\/ca\/declaracion-de-accesibilidad\/\" class=\"elementor-sitemap-item elementor-sitemap-item-page menu-link\">Declaraci\u00f3 d&#039;accessibilitat<\/a><\/li><li class=\"elementor-sitemap-item elementor-sitemap-item-page page_item page-item-1106 menu-item\"><a href=\"https:\/\/grafstil.es\/ca\/politica-de-proteccion-de-datos\/\" class=\"elementor-sitemap-item elementor-sitemap-item-page menu-link\">Pol\u00edtica de protecci\u00f3 de dades<\/a><\/li><li class=\"elementor-sitemap-item elementor-sitemap-item-page page_item page-item-1097 menu-item\"><a href=\"https:\/\/grafstil.es\/ca\/politica-de-cookies\/\" class=\"elementor-sitemap-item elementor-sitemap-item-page menu-link\">Galetes pol\u00edtica<\/a><\/li><li class=\"elementor-sitemap-item elementor-sitemap-item-page page_item page-item-1078 menu-item\"><a href=\"https:\/\/grafstil.es\/ca\/aviso-legal\/\" class=\"elementor-sitemap-item elementor-sitemap-item-page menu-link\">Av\u00eds Legal<\/a><\/li><li class=\"elementor-sitemap-item elementor-sitemap-item-page page_item page-item-1038 menu-item\"><a href=\"https:\/\/grafstil.es\/ca\/compromiso-medioambiental\/\" class=\"elementor-sitemap-item elementor-sitemap-item-page menu-link\">Comprom\u00eds amb el medi ambient<\/a><\/li><li class=\"elementor-sitemap-item elementor-sitemap-item-page page_item page-item-1032 menu-item\"><a href=\"https:\/\/grafstil.es\/ca\/maquinaria-cnc\/\" class=\"elementor-sitemap-item elementor-sitemap-item-page menu-link\">Maquin\u00e0ria (CNC)<\/a><\/li><li class=\"elementor-sitemap-item elementor-sitemap-item-page page_item page-item-1008 menu-item\"><a href=\"https:\/\/grafstil.es\/ca\/servicios\/\" class=\"elementor-sitemap-item elementor-sitemap-item-page menu-link\">Serveis<\/a><\/li><li class=\"elementor-sitemap-item elementor-sitemap-item-page page_item page-item-363 menu-item\"><a href=\"https:\/\/grafstil.es\/ca\/blog\/\" class=\"elementor-sitemap-item elementor-sitemap-item-page menu-link\">Blog<\/a><\/li><li class=\"elementor-sitemap-item elementor-sitemap-item-page page_item page-item-299 menu-item\"><a href=\"https:\/\/grafstil.es\/ca\/contacto\/\" class=\"elementor-sitemap-item elementor-sitemap-item-page menu-link\">Contacte<\/a><\/li><li class=\"elementor-sitemap-item elementor-sitemap-item-page page_item page-item-231 menu-item\"><a href=\"https:\/\/grafstil.es\/ca\/nosotros\/\" class=\"elementor-sitemap-item elementor-sitemap-item-page menu-link\">Nosaltres<\/a><\/li><li class=\"elementor-sitemap-item elementor-sitemap-item-page page_item page-item-96 menu-item\"><a href=\"https:\/\/grafstil.es\/ca\/\" class=\"elementor-sitemap-item elementor-sitemap-item-page menu-link\">Inici<\/a><\/li><\/ul><\/div><\/div>\t\t<\/div>\n\t\t\t\t<\/div>\n\t\t\t\t\t<\/div>\n\t\t<\/div>\n\t\t\t\t\t\t\t<\/div>\n\t\t<\/section>\n\t\t\t\t\t<\/div>\n\t\t<\/div>\n\t\t\t\t\t\t\t<\/div>\n\t\t<\/section>\n\t\t\t\t\t\t\t<\/div>","protected":false},"excerpt":{"rendered":"<p>Mapa web<\/p>","protected":false},"author":3,"featured_media":0,"parent":0,"menu_order":0,"comment_status":"closed","ping_status":"closed","template":"","meta":{"site-sidebar-layout":"no-sidebar","site-content-layout":"page-builder","ast-global-header-display":"","ast-banner-title-visibility":"","ast-main-header-display":"","ast-hfb-above-header-display":"","ast-hfb-below-header-display":"","ast-hfb-mobile-header-display":"","site-post-title":"disabled","ast-breadcrumbs-content":"","ast-featured-img":"disabled","footer-sml-layout":"","theme-transparent-header-meta":"default","adv-header-id-meta":"","stick-header-meta":"","header-above-stick-meta":"","header-main-stick-meta":"","header-below-stick-meta":"","footnotes":""},"class_list":["post-1119","page","type-page","status-publish","hentry"],"yoast_head":"<!-- This site is optimized with the Yoast SEO plugin v20.9 - https:\/\/yoast.com\/wordpress\/plugins\/seo\/ -->\n<title>Mapa del sitio - Grafstil Displays | Serigraf\u00eda e Impresi\u00f3n digital<\/title>\n<meta name=\"robots\" content=\"index, follow, max-snippet:-1, max-image-preview:large, max-video-preview:-1\" \/>\n<link rel=\"canonical\" href=\"https:\/\/grafstil.es\/ca\/mapa-del-sitio\/\" \/>\n<meta property=\"og:locale\" content=\"ca_ES\" \/>\n<meta property=\"og:type\" content=\"article\" \/>\n<meta property=\"og:title\" content=\"Mapa del sitio - Grafstil Displays | Serigraf\u00eda e Impresi\u00f3n digital\" \/>\n<meta property=\"og:description\" content=\"Mapa del sitio\" \/>\n<meta property=\"og:url\" content=\"https:\/\/grafstil.es\/ca\/mapa-del-sitio\/\" \/>\n<meta property=\"og:site_name\" content=\"Grafstil Displays | Serigraf\u00eda e Impresi\u00f3n digital\" \/>\n<meta property=\"article:modified_time\" content=\"2023-05-24T12:16:50+00:00\" \/>\n<meta name=\"twitter:card\" content=\"summary_large_image\" \/>\n<script type=\"application\/ld+json\" class=\"yoast-schema-graph\">{\"@context\":\"https:\/\/schema.org\",\"@graph\":[{\"@type\":\"WebPage\",\"@id\":\"https:\/\/grafstil.es\/ca\/mapa-del-sitio\/\",\"url\":\"https:\/\/grafstil.es\/ca\/mapa-del-sitio\/\",\"name\":\"Mapa del sitio - Grafstil Displays | Serigraf\u00eda e Impresi\u00f3n digital\",\"isPartOf\":{\"@id\":\"https:\/\/grafstil.es\/#website\"},\"datePublished\":\"2023-05-24T12:13:03+00:00\",\"dateModified\":\"2023-05-24T12:16:50+00:00\",\"breadcrumb\":{\"@id\":\"https:\/\/grafstil.es\/ca\/mapa-del-sitio\/#breadcrumb\"},\"inLanguage\":\"ca\",\"potentialAction\":[{\"@type\":\"ReadAction\",\"target\":[\"https:\/\/grafstil.es\/ca\/mapa-del-sitio\/\"]}]},{\"@type\":\"BreadcrumbList\",\"@id\":\"https:\/\/grafstil.es\/ca\/mapa-del-sitio\/#breadcrumb\",\"itemListElement\":[{\"@type\":\"ListItem\",\"position\":1,\"name\":\"Portada\",\"item\":\"https:\/\/grafstil.es\/\"},{\"@type\":\"ListItem\",\"position\":2,\"name\":\"Mapa del sitio\"}]},{\"@type\":\"WebSite\",\"@id\":\"https:\/\/grafstil.es\/#website\",\"url\":\"https:\/\/grafstil.es\/\",\"name\":\"Grafstil Displays | Serigraf\u00eda e Impresi\u00f3n digital\",\"description\":\"Estamos especializados en el dise\u00f1o y fabricaci\u00f3n de expositores de todo tipo, ofrecemos un gran surtido en cuanto a publicidad se refiere empleando para su desarrollo los sistemas de serigraf\u00eda, impresi\u00f3n digital, rotulaci\u00f3n, corte y grabado l\u00e1ser.\",\"potentialAction\":[{\"@type\":\"SearchAction\",\"target\":{\"@type\":\"EntryPoint\",\"urlTemplate\":\"https:\/\/grafstil.es\/?s={search_term_string}\"},\"query-input\":\"required name=search_term_string\"}],\"inLanguage\":\"ca\"}]}<\/script>\n<!-- \/ Yoast SEO plugin. -->","yoast_head_json":{"title":"Mapa del sitio - Grafstil Displays | Serigraf\u00eda e Impresi\u00f3n digital","robots":{"index":"index","follow":"follow","max-snippet":"max-snippet:-1","max-image-preview":"max-image-preview:large","max-video-preview":"max-video-preview:-1"},"canonical":"https:\/\/grafstil.es\/ca\/mapa-del-sitio\/","og_locale":"ca_ES","og_type":"article","og_title":"Mapa del sitio - Grafstil Displays | Serigraf\u00eda e Impresi\u00f3n digital","og_description":"Mapa del sitio","og_url":"https:\/\/grafstil.es\/ca\/mapa-del-sitio\/","og_site_name":"Grafstil Displays | Serigraf\u00eda e Impresi\u00f3n digital","article_modified_time":"2023-05-24T12:16:50+00:00","twitter_card":"summary_large_image","schema":{"@context":"https:\/\/schema.org","@graph":[{"@type":"WebPage","@id":"https:\/\/grafstil.es\/ca\/mapa-del-sitio\/","url":"https:\/\/grafstil.es\/ca\/mapa-del-sitio\/","name":"Mapa del sitio - Grafstil Displays | Serigraf\u00eda e Impresi\u00f3n digital","isPartOf":{"@id":"https:\/\/grafstil.es\/#website"},"datePublished":"2023-05-24T12:13:03+00:00","dateModified":"2023-05-24T12:16:50+00:00","breadcrumb":{"@id":"https:\/\/grafstil.es\/ca\/mapa-del-sitio\/#breadcrumb"},"inLanguage":"ca","potentialAction":[{"@type":"ReadAction","target":["https:\/\/grafstil.es\/ca\/mapa-del-sitio\/"]}]},{"@type":"BreadcrumbList","@id":"https:\/\/grafstil.es\/ca\/mapa-del-sitio\/#breadcrumb","itemListElement":[{"@type":"ListItem","position":1,"name":"Portada","item":"https:\/\/grafstil.es\/"},{"@type":"ListItem","position":2,"name":"Mapa del sitio"}]},{"@type":"WebSite","@id":"https:\/\/grafstil.es\/#website","url":"https:\/\/grafstil.es\/","name":"Grafstil Displays | Serigraf\u00eda e Impresi\u00f3n digital","description":"Estamos especializados en el dise\u00f1o y fabricaci\u00f3n de expositores de todo tipo, ofrecemos un gran surtido en cuanto a publicidad se refiere empleando para su desarrollo los sistemas de serigraf\u00eda, impresi\u00f3n digital, rotulaci\u00f3n, corte y grabado l\u00e1ser.","potentialAction":[{"@type":"SearchAction","target":{"@type":"EntryPoint","urlTemplate":"https:\/\/grafstil.es\/?s={search_term_string}"},"query-input":"required name=search_term_string"}],"inLanguage":"ca"}]}},"_links":{"self":[{"href":"https:\/\/grafstil.es\/ca\/wp-json\/wp\/v2\/pages\/1119","targetHints":{"allow":["GET"]}}],"collection":[{"href":"https:\/\/grafstil.es\/ca\/wp-json\/wp\/v2\/pages"}],"about":[{"href":"https:\/\/grafstil.es\/ca\/wp-json\/wp\/v2\/types\/page"}],"author":[{"embeddable":true,"href":"https:\/\/grafstil.es\/ca\/wp-json\/wp\/v2\/users\/3"}],"replies":[{"embeddable":true,"href":"https:\/\/grafstil.es\/ca\/wp-json\/wp\/v2\/comments?post=1119"}],"version-history":[{"count":5,"href":"https:\/\/grafstil.es\/ca\/wp-json\/wp\/v2\/pages\/1119\/revisions"}],"predecessor-version":[{"id":1127,"href":"https:\/\/grafstil.es\/ca\/wp-json\/wp\/v2\/pages\/1119\/revisions\/1127"}],"wp:attachment":[{"href":"https:\/\/grafstil.es\/ca\/wp-json\/wp\/v2\/media?parent=1119"}],"curies":[{"name":"wp","href":"https:\/\/api.w.org\/{rel}","templated":true}]}}