{"id":1502,"date":"2023-06-03T11:18:44","date_gmt":"2023-06-03T11:18:44","guid":{"rendered":"http:\/\/grafstil.es\/?page_id=1502"},"modified":"2024-01-05T08:36:53","modified_gmt":"2024-01-05T08:36:53","slug":"diseno-personalizado","status":"publish","type":"page","link":"https:\/\/grafstil.es\/ca\/diseno-personalizado\/","title":{"rendered":"Disseny a mida"},"content":{"rendered":"<div data-elementor-type=\"wp-page\" data-elementor-id=\"1502\" class=\"elementor elementor-1502\">\n\t\t\t\t\t\t\t\t\t<section class=\"elementor-section elementor-top-section elementor-element elementor-element-08e6c8f elementor-section-full_width elementor-section-height-min-height elementor-section-height-default elementor-section-items-middle\" data-id=\"08e6c8f\" data-element_type=\"section\" data-settings=\"{&quot;background_background&quot;:&quot;classic&quot;}\">\n\t\t\t\t\t\t\t<div class=\"elementor-background-overlay\"><\/div>\n\t\t\t\t\t\t\t<div class=\"elementor-container elementor-column-gap-default\">\n\t\t\t\t\t<div class=\"elementor-column elementor-col-100 elementor-top-column elementor-element elementor-element-8831a54\" data-id=\"8831a54\" data-element_type=\"column\">\n\t\t\t<div class=\"elementor-widget-wrap elementor-element-populated\">\n\t\t\t\t\t\t\t\t<div class=\"elementor-element elementor-element-51570ac5 elementor-widget elementor-widget-jkit_heading\" data-id=\"51570ac5\" data-element_type=\"widget\" data-settings=\"{&quot;motion_fx_motion_fx_scrolling&quot;:&quot;yes&quot;,&quot;motion_fx_devices&quot;:[&quot;desktop&quot;,&quot;tablet&quot;,&quot;mobile&quot;]}\" data-widget_type=\"jkit_heading.default\">\n\t\t\t\t<div class=\"elementor-widget-container\">\n\t\t\t<div  class=\"jeg-elementor-kit jkit-heading  align-center align-tablet- align-mobile- jeg_module___69e31ebb70b76\" ><div class=\"heading-section-title  display-inline-block\"><h2 class=\"heading-title\">Disseny a mida<\/h2><\/div><div class=\"heading-section-separator\"><div class=\"separator-wrapper style-solid\"><\/div><\/div><\/div>\t\t<\/div>\n\t\t\t\t<\/div>\n\t\t\t\t\t<\/div>\n\t\t<\/div>\n\t\t\t\t\t\t\t<\/div>\n\t\t<\/section>\n\t\t\t\t<section class=\"elementor-section elementor-top-section elementor-element elementor-element-101f3b8e elementor-section-boxed elementor-section-height-default elementor-section-height-default\" data-id=\"101f3b8e\" data-element_type=\"section\">\n\t\t\t\t\t\t<div class=\"elementor-container elementor-column-gap-default\">\n\t\t\t\t\t<div class=\"elementor-column elementor-col-50 elementor-top-column elementor-element elementor-element-38dc8c76\" data-id=\"38dc8c76\" data-element_type=\"column\">\n\t\t\t<div class=\"elementor-widget-wrap elementor-element-populated\">\n\t\t\t\t\t\t\t\t<section class=\"elementor-section elementor-inner-section elementor-element elementor-element-689efd6 elementor-section-full_width elementor-section-height-default elementor-section-height-default\" data-id=\"689efd6\" data-element_type=\"section\">\n\t\t\t\t\t\t<div class=\"elementor-container elementor-column-gap-default\">\n\t\t\t\t\t<div class=\"elementor-column elementor-col-100 elementor-inner-column elementor-element elementor-element-5cdd88f\" data-id=\"5cdd88f\" data-element_type=\"column\">\n\t\t\t<div class=\"elementor-widget-wrap elementor-element-populated\">\n\t\t\t\t\t\t\t\t<div class=\"elementor-element elementor-element-1db61b8 elementor-widget elementor-widget-image\" data-id=\"1db61b8\" data-element_type=\"widget\" data-widget_type=\"image.default\">\n\t\t\t\t<div class=\"elementor-widget-container\">\n\t\t\t<style>\/*! elementor - v3.13.3 - 28-05-2023 *\/\n.elementor-widget-image{text-align:center}.elementor-widget-image a{display:inline-block}.elementor-widget-image a img[src$=\".svg\"]{width:48px}.elementor-widget-image img{vertical-align:middle;display:inline-block}<\/style>\t\t\t\t\t\t\t\t\t\t\t\t<img loading=\"lazy\" decoding=\"async\" width=\"1024\" height=\"576\" src=\"https:\/\/grafstil.es\/wp-content\/uploads\/2023\/06\/DISENO-PERSONALIZADO-1024x576.jpg\" class=\"attachment-large size-large wp-image-1601\" alt=\"Creamos tu Dise\u00f1o Personalizado a tu medida y a tu gusto\" srcset=\"https:\/\/grafstil.es\/wp-content\/uploads\/2023\/06\/DISENO-PERSONALIZADO-1024x576.jpg 1024w, https:\/\/grafstil.es\/wp-content\/uploads\/2023\/06\/DISENO-PERSONALIZADO-300x169.jpg 300w, https:\/\/grafstil.es\/wp-content\/uploads\/2023\/06\/DISENO-PERSONALIZADO-768x432.jpg 768w, https:\/\/grafstil.es\/wp-content\/uploads\/2023\/06\/DISENO-PERSONALIZADO-1536x864.jpg 1536w, https:\/\/grafstil.es\/wp-content\/uploads\/2023\/06\/DISENO-PERSONALIZADO-18x10.jpg 18w, https:\/\/grafstil.es\/wp-content\/uploads\/2023\/06\/DISENO-PERSONALIZADO.jpg 1920w\" sizes=\"auto, (max-width: 1024px) 100vw, 1024px\" \/>\t\t\t\t\t\t\t\t\t\t\t\t\t\t\t<\/div>\n\t\t\t\t<\/div>\n\t\t\t\t\t<\/div>\n\t\t<\/div>\n\t\t\t\t\t\t\t<\/div>\n\t\t<\/section>\n\t\t\t\t\t<\/div>\n\t\t<\/div>\n\t\t\t\t<div class=\"elementor-column elementor-col-50 elementor-top-column elementor-element elementor-element-7a491be\" data-id=\"7a491be\" data-element_type=\"column\">\n\t\t\t<div class=\"elementor-widget-wrap elementor-element-populated\">\n\t\t\t\t\t\t\t\t<section class=\"elementor-section elementor-inner-section elementor-element elementor-element-1944600 elementor-section-full_width elementor-section-height-default elementor-section-height-default\" data-id=\"1944600\" data-element_type=\"section\">\n\t\t\t\t\t\t<div class=\"elementor-container elementor-column-gap-default\">\n\t\t\t\t\t<div class=\"elementor-column elementor-col-100 elementor-inner-column elementor-element elementor-element-a4e7118\" data-id=\"a4e7118\" data-element_type=\"column\">\n\t\t\t<div class=\"elementor-widget-wrap elementor-element-populated\">\n\t\t\t\t\t\t\t\t<div class=\"elementor-element elementor-element-30d57d1 elementor-invisible elementor-widget elementor-widget-text-editor\" data-id=\"30d57d1\" data-element_type=\"widget\" data-settings=\"{&quot;_animation&quot;:&quot;fadeIn&quot;}\" data-widget_type=\"text-editor.default\">\n\t\t\t\t<div class=\"elementor-widget-container\">\n\t\t\t<style>\/*! elementor - v3.13.3 - 28-05-2023 *\/\n.elementor-widget-text-editor.elementor-drop-cap-view-stacked .elementor-drop-cap{background-color:#69727d;color:#fff}.elementor-widget-text-editor.elementor-drop-cap-view-framed .elementor-drop-cap{color:#69727d;border:3px solid;background-color:transparent}.elementor-widget-text-editor:not(.elementor-drop-cap-view-default) .elementor-drop-cap{margin-top:8px}.elementor-widget-text-editor:not(.elementor-drop-cap-view-default) .elementor-drop-cap-letter{width:1em;height:1em}.elementor-widget-text-editor .elementor-drop-cap{float:left;text-align:center;line-height:1;font-size:50px}.elementor-widget-text-editor .elementor-drop-cap-letter{display:inline-block}<\/style>\t\t\t\t<p>En Grafstil Mostra, oferim disseny a mida de serveis per ajudar a destacar en el mercat. El nostre equip de dissenyadors s\u00f3n altament creatiu treballa estretament amb vost\u00e8 per entendre els seus objectius i desenvolupament de solucions que s\u00f3n, \u00fanica i atractiva que encaixa a la seva marca d&#039;identitat.<\/p><p>Des del disseny de logotips i la creaci\u00f3 de materials publicitaris, per al desenvolupament de packaging impactant, estem compromesos a proporcionar dissenys innovadors i d&#039;alta qualitat que es capta l&#039;atenci\u00f3 del seu p\u00fablic objectiu.<\/p><p>Utilitzem les eines i programari de disseny avantguardista per materialitzar les seves idees i convertir-les en realitat. Confi\u00ef en nosaltres per crear una imatge de marca que reflecteix la seva visi\u00f3 i atraure els clients potencials.<\/p>\t\t\t\t\t\t<\/div>\n\t\t\t\t<\/div>\n\t\t\t\t<div class=\"elementor-element elementor-element-c24160a elementor-align-center elementor-mobile-align-center elementor-invisible elementor-widget elementor-widget-button\" data-id=\"c24160a\" data-element_type=\"widget\" data-settings=\"{&quot;_animation&quot;:&quot;fadeIn&quot;}\" data-widget_type=\"button.default\">\n\t\t\t\t<div class=\"elementor-widget-container\">\n\t\t\t\t\t<div class=\"elementor-button-wrapper\">\n\t\t\t<a href=\"https:\/\/grafstil.es\/ca\/contacto\/\" class=\"elementor-button-link elementor-button elementor-size-sm\" role=\"button\">\n\t\t\t\t\t\t<span class=\"elementor-button-content-wrapper\">\n\t\t\t\t\t\t<span class=\"elementor-button-text\">CONTACTE<\/span>\n\t\t<\/span>\n\t\t\t\t\t<\/a>\n\t\t<\/div>\n\t\t\t\t<\/div>\n\t\t\t\t<\/div>\n\t\t\t\t\t<\/div>\n\t\t<\/div>\n\t\t\t\t\t\t\t<\/div>\n\t\t<\/section>\n\t\t\t\t\t<\/div>\n\t\t<\/div>\n\t\t\t\t\t\t\t<\/div>\n\t\t<\/section>\n\t\t\t\t\t\t\t<\/div>","protected":false},"excerpt":{"rendered":"<p>Disseny personalitzat A Grafstil Displays, oferim serveis de disseny personalitzat per ajudar-te a destacar al mercat. El nostre equip de dissenyadors altament creatius treballa estretament amb tu per comprendre els teus objectius i desenvolupar solucions \u00faniques i atractives que s&#039;adaptin a la teva identitat de marca. Des del disseny de logotips i la creaci\u00f3 de material publicitari\u2026<\/p>\n<p class=\"read-more\"> <a class=\"\" href=\"https:\/\/grafstil.es\/ca\/diseno-personalizado\/\"> <span class=\"screen-reader-text\">Disseny a mida<\/span> Llegeix m\u00e9s \u00bb<\/a><\/p>","protected":false},"author":3,"featured_media":0,"parent":0,"menu_order":0,"comment_status":"closed","ping_status":"closed","template":"","meta":{"site-sidebar-layout":"no-sidebar","site-content-layout":"page-builder","ast-global-header-display":"","ast-banner-title-visibility":"","ast-main-header-display":"","ast-hfb-above-header-display":"","ast-hfb-below-header-display":"","ast-hfb-mobile-header-display":"","site-post-title":"disabled","ast-breadcrumbs-content":"","ast-featured-img":"disabled","footer-sml-layout":"","theme-transparent-header-meta":"default","adv-header-id-meta":"","stick-header-meta":"","header-above-stick-meta":"","header-main-stick-meta":"","header-below-stick-meta":"","footnotes":""},"class_list":["post-1502","page","type-page","status-publish","hentry"],"yoast_head":"<!-- This site is optimized with the Yoast SEO plugin v20.9 - https:\/\/yoast.com\/wordpress\/plugins\/seo\/ -->\n<title>Dise\u00f1o personalizado - Grafstil Displays | Serigraf\u00eda e Impresi\u00f3n digital<\/title>\n<meta name=\"robots\" content=\"index, follow, max-snippet:-1, max-image-preview:large, max-video-preview:-1\" \/>\n<link rel=\"canonical\" href=\"https:\/\/grafstil.es\/ca\/diseno-personalizado\/\" \/>\n<meta property=\"og:locale\" content=\"ca_ES\" \/>\n<meta property=\"og:type\" content=\"article\" \/>\n<meta property=\"og:title\" content=\"Dise\u00f1o personalizado - Grafstil Displays | Serigraf\u00eda e Impresi\u00f3n digital\" \/>\n<meta property=\"og:description\" content=\"Dise\u00f1o personalizado En Grafstil Displays, ofrecemos servicios de dise\u00f1o personalizado para ayudarte a destacar en el mercado. Nuestro equipo de dise\u00f1adores altamente creativos trabaja estrechamente contigo para comprender tus objetivos y desarrollar soluciones \u00fanicas y atractivas que se adapten a tu identidad de marca. Desde el dise\u00f1o de logotipos y la creaci\u00f3n de material publicitario &hellip; Dise\u00f1o personalizado Llegeix m\u00e9s &raquo;\" \/>\n<meta property=\"og:url\" content=\"https:\/\/grafstil.es\/ca\/diseno-personalizado\/\" \/>\n<meta property=\"og:site_name\" content=\"Grafstil Displays | Serigraf\u00eda e Impresi\u00f3n digital\" \/>\n<meta property=\"article:modified_time\" content=\"2024-01-05T08:36:53+00:00\" \/>\n<meta property=\"og:image\" content=\"http:\/\/grafstil.es\/wp-content\/uploads\/2023\/06\/DISENO-PERSONALIZADO-1024x576.jpg\" \/>\n<meta name=\"twitter:card\" content=\"summary_large_image\" \/>\n<meta name=\"twitter:label1\" content=\"Temps estimat de lectura\" \/>\n\t<meta name=\"twitter:data1\" content=\"1 minut\" \/>\n<script type=\"application\/ld+json\" class=\"yoast-schema-graph\">{\"@context\":\"https:\/\/schema.org\",\"@graph\":[{\"@type\":\"WebPage\",\"@id\":\"https:\/\/grafstil.es\/diseno-personalizado\/\",\"url\":\"https:\/\/grafstil.es\/diseno-personalizado\/\",\"name\":\"Dise\u00f1o personalizado - Grafstil Displays | Serigraf\u00eda e Impresi\u00f3n digital\",\"isPartOf\":{\"@id\":\"https:\/\/grafstil.es\/#website\"},\"datePublished\":\"2023-06-03T11:18:44+00:00\",\"dateModified\":\"2024-01-05T08:36:53+00:00\",\"breadcrumb\":{\"@id\":\"https:\/\/grafstil.es\/diseno-personalizado\/#breadcrumb\"},\"inLanguage\":\"ca\",\"potentialAction\":[{\"@type\":\"ReadAction\",\"target\":[\"https:\/\/grafstil.es\/diseno-personalizado\/\"]}]},{\"@type\":\"BreadcrumbList\",\"@id\":\"https:\/\/grafstil.es\/diseno-personalizado\/#breadcrumb\",\"itemListElement\":[{\"@type\":\"ListItem\",\"position\":1,\"name\":\"Portada\",\"item\":\"https:\/\/grafstil.es\/\"},{\"@type\":\"ListItem\",\"position\":2,\"name\":\"Dise\u00f1o personalizado\"}]},{\"@type\":\"WebSite\",\"@id\":\"https:\/\/grafstil.es\/#website\",\"url\":\"https:\/\/grafstil.es\/\",\"name\":\"Grafstil Displays | Serigraf\u00eda e Impresi\u00f3n digital\",\"description\":\"Estamos especializados en el dise\u00f1o y fabricaci\u00f3n de expositores de todo tipo, ofrecemos un gran surtido en cuanto a publicidad se refiere empleando para su desarrollo los sistemas de serigraf\u00eda, impresi\u00f3n digital, rotulaci\u00f3n, corte y grabado l\u00e1ser.\",\"potentialAction\":[{\"@type\":\"SearchAction\",\"target\":{\"@type\":\"EntryPoint\",\"urlTemplate\":\"https:\/\/grafstil.es\/?s={search_term_string}\"},\"query-input\":\"required name=search_term_string\"}],\"inLanguage\":\"ca\"}]}<\/script>\n<!-- \/ Yoast SEO plugin. -->","yoast_head_json":{"title":"Dise\u00f1o personalizado - Grafstil Displays | Serigraf\u00eda e Impresi\u00f3n digital","robots":{"index":"index","follow":"follow","max-snippet":"max-snippet:-1","max-image-preview":"max-image-preview:large","max-video-preview":"max-video-preview:-1"},"canonical":"https:\/\/grafstil.es\/ca\/diseno-personalizado\/","og_locale":"ca_ES","og_type":"article","og_title":"Dise\u00f1o personalizado - Grafstil Displays | Serigraf\u00eda e Impresi\u00f3n digital","og_description":"Dise\u00f1o personalizado En Grafstil Displays, ofrecemos servicios de dise\u00f1o personalizado para ayudarte a destacar en el mercado. Nuestro equipo de dise\u00f1adores altamente creativos trabaja estrechamente contigo para comprender tus objetivos y desarrollar soluciones \u00fanicas y atractivas que se adapten a tu identidad de marca. Desde el dise\u00f1o de logotipos y la creaci\u00f3n de material publicitario &hellip; Dise\u00f1o personalizado Llegeix m\u00e9s &raquo;","og_url":"https:\/\/grafstil.es\/ca\/diseno-personalizado\/","og_site_name":"Grafstil Displays | Serigraf\u00eda e Impresi\u00f3n digital","article_modified_time":"2024-01-05T08:36:53+00:00","og_image":[{"url":"http:\/\/grafstil.es\/wp-content\/uploads\/2023\/06\/DISENO-PERSONALIZADO-1024x576.jpg"}],"twitter_card":"summary_large_image","twitter_misc":{"Temps estimat de lectura":"1 minut"},"schema":{"@context":"https:\/\/schema.org","@graph":[{"@type":"WebPage","@id":"https:\/\/grafstil.es\/diseno-personalizado\/","url":"https:\/\/grafstil.es\/diseno-personalizado\/","name":"Dise\u00f1o personalizado - Grafstil Displays | Serigraf\u00eda e Impresi\u00f3n digital","isPartOf":{"@id":"https:\/\/grafstil.es\/#website"},"datePublished":"2023-06-03T11:18:44+00:00","dateModified":"2024-01-05T08:36:53+00:00","breadcrumb":{"@id":"https:\/\/grafstil.es\/diseno-personalizado\/#breadcrumb"},"inLanguage":"ca","potentialAction":[{"@type":"ReadAction","target":["https:\/\/grafstil.es\/diseno-personalizado\/"]}]},{"@type":"BreadcrumbList","@id":"https:\/\/grafstil.es\/diseno-personalizado\/#breadcrumb","itemListElement":[{"@type":"ListItem","position":1,"name":"Portada","item":"https:\/\/grafstil.es\/"},{"@type":"ListItem","position":2,"name":"Dise\u00f1o personalizado"}]},{"@type":"WebSite","@id":"https:\/\/grafstil.es\/#website","url":"https:\/\/grafstil.es\/","name":"Grafstil Displays | Serigraf\u00eda e Impresi\u00f3n digital","description":"Estamos especializados en el dise\u00f1o y fabricaci\u00f3n de expositores de todo tipo, ofrecemos un gran surtido en cuanto a publicidad se refiere empleando para su desarrollo los sistemas de serigraf\u00eda, impresi\u00f3n digital, rotulaci\u00f3n, corte y grabado l\u00e1ser.","potentialAction":[{"@type":"SearchAction","target":{"@type":"EntryPoint","urlTemplate":"https:\/\/grafstil.es\/?s={search_term_string}"},"query-input":"required name=search_term_string"}],"inLanguage":"ca"}]}},"_links":{"self":[{"href":"https:\/\/grafstil.es\/ca\/wp-json\/wp\/v2\/pages\/1502","targetHints":{"allow":["GET"]}}],"collection":[{"href":"https:\/\/grafstil.es\/ca\/wp-json\/wp\/v2\/pages"}],"about":[{"href":"https:\/\/grafstil.es\/ca\/wp-json\/wp\/v2\/types\/page"}],"author":[{"embeddable":true,"href":"https:\/\/grafstil.es\/ca\/wp-json\/wp\/v2\/users\/3"}],"replies":[{"embeddable":true,"href":"https:\/\/grafstil.es\/ca\/wp-json\/wp\/v2\/comments?post=1502"}],"version-history":[{"count":16,"href":"https:\/\/grafstil.es\/ca\/wp-json\/wp\/v2\/pages\/1502\/revisions"}],"predecessor-version":[{"id":2120,"href":"https:\/\/grafstil.es\/ca\/wp-json\/wp\/v2\/pages\/1502\/revisions\/2120"}],"wp:attachment":[{"href":"https:\/\/grafstil.es\/ca\/wp-json\/wp\/v2\/media?parent=1502"}],"curies":[{"name":"wp","href":"https:\/\/api.w.org\/{rel}","templated":true}]}}