{"id":1890,"date":"2023-07-24T09:07:25","date_gmt":"2023-07-24T09:07:25","guid":{"rendered":"https:\/\/grafstil.es\/?page_id=1890"},"modified":"2023-07-24T10:49:57","modified_gmt":"2023-07-24T10:49:57","slug":"proyectos","status":"publish","type":"page","link":"https:\/\/grafstil.es\/ca\/proyectos\/","title":{"rendered":"Projectes"},"content":{"rendered":"<div data-elementor-type=\"wp-page\" data-elementor-id=\"1890\" class=\"elementor elementor-1890\">\n\t\t\t\t\t\t\t\t\t<section class=\"elementor-section elementor-top-section elementor-element elementor-element-bae719f elementor-section-boxed elementor-section-height-default elementor-section-height-default\" data-id=\"bae719f\" data-element_type=\"section\">\n\t\t\t\t\t\t\t<div class=\"elementor-background-overlay\"><\/div>\n\t\t\t\t\t\t\t<div class=\"elementor-container elementor-column-gap-default\">\n\t\t\t\t\t<div class=\"elementor-column elementor-col-100 elementor-top-column elementor-element elementor-element-3235f20\" data-id=\"3235f20\" data-element_type=\"column\">\n\t\t\t<div class=\"elementor-widget-wrap elementor-element-populated\">\n\t\t\t\t\t\t\t\t<div class=\"elementor-element elementor-element-3af8702 elementor-widget elementor-widget-spacer\" data-id=\"3af8702\" data-element_type=\"widget\" data-widget_type=\"spacer.default\">\n\t\t\t\t<div class=\"elementor-widget-container\">\n\t\t\t<style>\/*! elementor - v3.13.3 - 28-05-2023 *\/\n.elementor-column .elementor-spacer-inner{height:var(--spacer-size)}.e-con{--container-widget-width:100%}.e-con-inner>.elementor-widget-spacer,.e-con>.elementor-widget-spacer{width:var(--container-widget-width,var(--spacer-size));--align-self:var(--container-widget-align-self,initial);--flex-shrink:0}.e-con-inner>.elementor-widget-spacer>.elementor-widget-container,.e-con-inner>.elementor-widget-spacer>.elementor-widget-container>.elementor-spacer,.e-con>.elementor-widget-spacer>.elementor-widget-container,.e-con>.elementor-widget-spacer>.elementor-widget-container>.elementor-spacer{height:100%}.e-con-inner>.elementor-widget-spacer>.elementor-widget-container>.elementor-spacer>.elementor-spacer-inner,.e-con>.elementor-widget-spacer>.elementor-widget-container>.elementor-spacer>.elementor-spacer-inner{height:var(--container-widget-height,var(--spacer-size))}<\/style>\t\t<div class=\"elementor-spacer\">\n\t\t\t<div class=\"elementor-spacer-inner\"><\/div>\n\t\t<\/div>\n\t\t\t\t<\/div>\n\t\t\t\t<\/div>\n\t\t\t\t\t<\/div>\n\t\t<\/div>\n\t\t\t\t\t\t\t<\/div>\n\t\t<\/section>\n\t\t\t\t<section class=\"elementor-section elementor-top-section elementor-element elementor-element-2c46405 elementor-section-boxed elementor-section-height-default elementor-section-height-default\" data-id=\"2c46405\" data-element_type=\"section\">\n\t\t\t\t\t\t<div class=\"elementor-container elementor-column-gap-default\">\n\t\t\t\t\t<div class=\"elementor-column elementor-col-100 elementor-top-column elementor-element elementor-element-17f4c25\" data-id=\"17f4c25\" data-element_type=\"column\">\n\t\t\t<div class=\"elementor-widget-wrap elementor-element-populated\">\n\t\t\t\t\t\t\t\t<div class=\"elementor-element elementor-element-c52cecf elementor-widget elementor-widget-spacer\" data-id=\"c52cecf\" data-element_type=\"widget\" data-widget_type=\"spacer.default\">\n\t\t\t\t<div class=\"elementor-widget-container\">\n\t\t\t\t\t<div class=\"elementor-spacer\">\n\t\t\t<div class=\"elementor-spacer-inner\"><\/div>\n\t\t<\/div>\n\t\t\t\t<\/div>\n\t\t\t\t<\/div>\n\t\t\t\t<div class=\"elementor-element elementor-element-8559eac elementor-widget elementor-widget-text-editor\" data-id=\"8559eac\" data-element_type=\"widget\" data-widget_type=\"text-editor.default\">\n\t\t\t\t<div class=\"elementor-widget-container\">\n\t\t\t<style>\/*! elementor - v3.13.3 - 28-05-2023 *\/\n.elementor-widget-text-editor.elementor-drop-cap-view-stacked .elementor-drop-cap{background-color:#69727d;color:#fff}.elementor-widget-text-editor.elementor-drop-cap-view-framed .elementor-drop-cap{color:#69727d;border:3px solid;background-color:transparent}.elementor-widget-text-editor:not(.elementor-drop-cap-view-default) .elementor-drop-cap{margin-top:8px}.elementor-widget-text-editor:not(.elementor-drop-cap-view-default) .elementor-drop-cap-letter{width:1em;height:1em}.elementor-widget-text-editor .elementor-drop-cap{float:left;text-align:center;line-height:1;font-size:50px}.elementor-widget-text-editor .elementor-drop-cap-letter{display:inline-block}<\/style>\t\t\t\t<h3>Impressi\u00f3 Digital<\/h3>\t\t\t\t\t\t<\/div>\n\t\t\t\t<\/div>\n\t\t\t\t<div class=\"elementor-element elementor-element-9e5f0b8 elementor-arrows-position-inside elementor-pagination-position-outside elementor-widget elementor-widget-image-carousel\" data-id=\"9e5f0b8\" data-element_type=\"widget\" data-settings=\"{&quot;navigation&quot;:&quot;both&quot;,&quot;autoplay&quot;:&quot;yes&quot;,&quot;pause_on_hover&quot;:&quot;yes&quot;,&quot;pause_on_interaction&quot;:&quot;yes&quot;,&quot;autoplay_speed&quot;:5000,&quot;infinite&quot;:&quot;yes&quot;,&quot;speed&quot;:500}\" data-widget_type=\"image-carousel.default\">\n\t\t\t\t<div class=\"elementor-widget-container\">\n\t\t\t<style>\/*! elementor - v3.13.3 - 28-05-2023 *\/\n.elementor-widget-image-carousel .swiper,.elementor-widget-image-carousel .swiper-container{position:static}.elementor-widget-image-carousel .swiper-container .swiper-slide figure,.elementor-widget-image-carousel .swiper .swiper-slide figure{line-height:inherit}.elementor-widget-image-carousel .swiper-slide{text-align:center}.elementor-image-carousel-wrapper:not(.swiper-container-initialized):not(.swiper-initialized) .swiper-slide{max-width:calc(100% \/ var(--e-image-carousel-slides-to-show, 3))}<\/style>\t\t<div class=\"elementor-image-carousel-wrapper swiper\" dir=\"ltr\">\n\t\t\t<div class=\"elementor-image-carousel swiper-wrapper\">\n\t\t\t\t\t\t\t\t<div class=\"swiper-slide\"><figure class=\"swiper-slide-inner\"><img decoding=\"async\" class=\"swiper-slide-image\" src=\"https:\/\/grafstil.es\/wp-content\/uploads\/2023\/07\/1DE50_19053-metacrilato-con-vinilo-dicroico-300x208.jpg\" alt=\"Expositor PLV metacrilato con vinilo dicroico\" \/><\/figure><\/div><div class=\"swiper-slide\"><figure class=\"swiper-slide-inner\"><img decoding=\"async\" class=\"swiper-slide-image\" src=\"https:\/\/grafstil.es\/wp-content\/uploads\/2023\/07\/1DE50_19053_2metacrilato-con-vinilo-dicroico-300x249.jpg\" alt=\"Expositor PLV Metracrilato con vinilo dicroico donde se puede apreciar lo llamativo que es el dise\u00f1o\" \/><\/figure><\/div><div class=\"swiper-slide\"><figure class=\"swiper-slide-inner\"><img decoding=\"async\" class=\"swiper-slide-image\" src=\"https:\/\/grafstil.es\/wp-content\/uploads\/2023\/07\/CFOC_22095_1-pvc-espumado-vinilado-con-vinilo-impreso-300x168.jpg\" alt=\"Expositor Espumado Vinilo Impreso de la marca compagnie francaise donde se puede apreciar las luces encendidas que hay en la tienda\" \/><\/figure><\/div><div class=\"swiper-slide\"><figure class=\"swiper-slide-inner\"><img decoding=\"async\" class=\"swiper-slide-image\" src=\"https:\/\/grafstil.es\/wp-content\/uploads\/2023\/07\/CFOC_22095_2pvc-espumado-vinilado-con-vinilo-impreso-300x157.jpg\" alt=\"Expositor Espumado Vinilo Impreso de la marca compagnie francaise\" \/><\/figure><\/div><div class=\"swiper-slide\"><figure class=\"swiper-slide-inner\"><img decoding=\"async\" class=\"swiper-slide-image\" src=\"https:\/\/grafstil.es\/wp-content\/uploads\/2023\/07\/CFOC_22095_3pvc-espumado-vinilado-con-vinilo-impreso-300x158.jpg\" alt=\"Expositor Espumado Vinilo Impreso de la marca compagnie francaise\" \/><\/figure><\/div><div class=\"swiper-slide\"><figure class=\"swiper-slide-inner\"><img decoding=\"async\" class=\"swiper-slide-image\" src=\"https:\/\/grafstil.es\/wp-content\/uploads\/2023\/07\/LOUBOUTIN_20115_7-impresion-digital-uvi-223x300.jpg\" alt=\"Louboutin expositor PLV de navidad con elementos decorativos y llamativos\" \/><\/figure><\/div>\t\t\t<\/div>\n\t\t\t\t\t\t\t\t\t\t\t\t<div class=\"swiper-pagination\"><\/div>\n\t\t\t\t\t\t\t\t\t\t\t\t\t<div class=\"elementor-swiper-button elementor-swiper-button-prev\" role=\"button\" tabindex=\"0\">\n\t\t\t\t\t\t<i aria-hidden=\"true\" class=\"eicon-chevron-left\"><\/i>\t\t\t\t\t\t<span class=\"elementor-screen-only\">Previous image<\/span>\n\t\t\t\t\t<\/div>\n\t\t\t\t\t<div class=\"elementor-swiper-button elementor-swiper-button-next\" role=\"button\" tabindex=\"0\">\n\t\t\t\t\t\t<i aria-hidden=\"true\" class=\"eicon-chevron-right\"><\/i>\t\t\t\t\t\t<span class=\"elementor-screen-only\">Next image<\/span>\n\t\t\t\t\t<\/div>\n\t\t\t\t\t\t\t\t\t<\/div>\n\t\t\t\t<\/div>\n\t\t\t\t<\/div>\n\t\t\t\t<div class=\"elementor-element elementor-element-0cc10d8 elementor-widget elementor-widget-spacer\" data-id=\"0cc10d8\" data-element_type=\"widget\" data-widget_type=\"spacer.default\">\n\t\t\t\t<div class=\"elementor-widget-container\">\n\t\t\t\t\t<div class=\"elementor-spacer\">\n\t\t\t<div class=\"elementor-spacer-inner\"><\/div>\n\t\t<\/div>\n\t\t\t\t<\/div>\n\t\t\t\t<\/div>\n\t\t\t\t\t<\/div>\n\t\t<\/div>\n\t\t\t\t\t\t\t<\/div>\n\t\t<\/section>\n\t\t\t\t<section class=\"elementor-section elementor-top-section elementor-element elementor-element-e477d63 elementor-section-boxed elementor-section-height-default elementor-section-height-default\" data-id=\"e477d63\" data-element_type=\"section\">\n\t\t\t\t\t\t<div class=\"elementor-container elementor-column-gap-default\">\n\t\t\t\t\t<div class=\"elementor-column elementor-col-100 elementor-top-column elementor-element elementor-element-026f199\" data-id=\"026f199\" data-element_type=\"column\">\n\t\t\t<div class=\"elementor-widget-wrap elementor-element-populated\">\n\t\t\t\t\t\t\t\t<div class=\"elementor-element elementor-element-6d8331b elementor-widget elementor-widget-text-editor\" data-id=\"6d8331b\" data-element_type=\"widget\" data-widget_type=\"text-editor.default\">\n\t\t\t\t<div class=\"elementor-widget-container\">\n\t\t\t\t\t\t\t<h3>Plv<\/h3>\t\t\t\t\t\t<\/div>\n\t\t\t\t<\/div>\n\t\t\t\t<div class=\"elementor-element elementor-element-28cc04b elementor-arrows-position-inside elementor-pagination-position-outside elementor-widget elementor-widget-image-carousel\" data-id=\"28cc04b\" data-element_type=\"widget\" data-settings=\"{&quot;navigation&quot;:&quot;both&quot;,&quot;autoplay&quot;:&quot;yes&quot;,&quot;pause_on_hover&quot;:&quot;yes&quot;,&quot;pause_on_interaction&quot;:&quot;yes&quot;,&quot;autoplay_speed&quot;:5000,&quot;infinite&quot;:&quot;yes&quot;,&quot;speed&quot;:500}\" data-widget_type=\"image-carousel.default\">\n\t\t\t\t<div class=\"elementor-widget-container\">\n\t\t\t\t\t<div class=\"elementor-image-carousel-wrapper swiper\" dir=\"ltr\">\n\t\t\t<div class=\"elementor-image-carousel swiper-wrapper\">\n\t\t\t\t\t\t\t\t<div class=\"swiper-slide\"><figure class=\"swiper-slide-inner\"><img decoding=\"async\" class=\"swiper-slide-image\" src=\"https:\/\/grafstil.es\/wp-content\/uploads\/2023\/07\/CHANEL_18139_1-expositor-plv-base-metacrilato-incoloro-con-piezas-en-metacrilato-vinilado-300x210.jpg\" alt=\"Amplia variedad de expositores PLV base metacrilato incoloro con piezas en metacrilato vinilado\" \/><\/figure><\/div><div class=\"swiper-slide\"><figure class=\"swiper-slide-inner\"><img decoding=\"async\" class=\"swiper-slide-image\" src=\"https:\/\/grafstil.es\/wp-content\/uploads\/2023\/07\/CHANEL_18139_2expositor-plv-base-metacrilato-incoloro-con-piezas-en-metacrilato-vinilado-225x300.jpg\" alt=\"Amplia variedad de expositores PLV base metacrilato incoloro con piezas en metacrilato vinilado de la marca Chanel\" \/><\/figure><\/div><div class=\"swiper-slide\"><figure class=\"swiper-slide-inner\"><img decoding=\"async\" class=\"swiper-slide-image\" src=\"https:\/\/grafstil.es\/wp-content\/uploads\/2023\/07\/CHANEL_19208_1expositor-plv-base-metacrilato-incoloro-con-piezas-en-metacrilato-vinilado-300x239.jpg\" alt=\"Expositor PLV de colonias de la marca Chanel\" \/><\/figure><\/div><div class=\"swiper-slide\"><figure class=\"swiper-slide-inner\"><img decoding=\"async\" class=\"swiper-slide-image\" src=\"https:\/\/grafstil.es\/wp-content\/uploads\/2023\/07\/OPTIC_2000_18013-expositor-plv-300x274.jpg\" alt=\"Expositor PLV de la marca Optic 2ooo que destaca por la luminosidad de su dise\u00f1o PLV\" \/><\/figure><\/div><div class=\"swiper-slide\"><figure class=\"swiper-slide-inner\"><img decoding=\"async\" class=\"swiper-slide-image\" src=\"https:\/\/grafstil.es\/wp-content\/uploads\/2023\/07\/MO_18071expositor-plv-300x225.jpg\" alt=\"Diferentes expositores PLV con diferentes rotulaciones en el dise\u00f1o\" \/><\/figure><\/div><div class=\"swiper-slide\"><figure class=\"swiper-slide-inner\"><img decoding=\"async\" class=\"swiper-slide-image\" src=\"https:\/\/grafstil.es\/wp-content\/uploads\/2023\/07\/LA-MER_22125_3-225x300.jpg\" alt=\"Expositor PLV Metacrilato llamativo de la marca La Mer con virutas blancas repartidas entre el suelo verde simulando que es nieve\" \/><\/figure><\/div><div class=\"swiper-slide\"><figure class=\"swiper-slide-inner\"><img decoding=\"async\" class=\"swiper-slide-image\" src=\"https:\/\/grafstil.es\/wp-content\/uploads\/2023\/07\/LA-MER_22125_2expositor-plv-metacrilato-con-base-vinilada-en-verde-225x300.jpg\" alt=\"Expositor PLV Metacrilato llamativo de la marca la Mer\" \/><\/figure><\/div><div class=\"swiper-slide\"><figure class=\"swiper-slide-inner\"><img decoding=\"async\" class=\"swiper-slide-image\" src=\"https:\/\/grafstil.es\/wp-content\/uploads\/2023\/07\/CHANEL_19208_3expositor-plv-231x300.jpg\" alt=\"Expositor PLV de colonias de una tienda Chanel donde se puede apreciar el llamativo dise\u00f1o de las letras blancas Chanel\" \/><\/figure><\/div><div class=\"swiper-slide\"><figure class=\"swiper-slide-inner\"><img decoding=\"async\" class=\"swiper-slide-image\" src=\"https:\/\/grafstil.es\/wp-content\/uploads\/2023\/07\/CHANEL_19208_2-expositor-plv-250x300.jpg\" alt=\"Expositor PLV de colonias de la marca Chanel\" \/><\/figure><\/div><div class=\"swiper-slide\"><figure class=\"swiper-slide-inner\"><img decoding=\"async\" class=\"swiper-slide-image\" src=\"https:\/\/grafstil.es\/wp-content\/uploads\/2023\/07\/VICTORIA_22015_3-cubo-pvc-espumado-vinilado-300x228.jpg\" alt=\"Expositor PLV cubo PVC Espumado vinilado de la marca Victoria de vestidos de mujer\" \/><\/figure><\/div><div class=\"swiper-slide\"><figure class=\"swiper-slide-inner\"><img decoding=\"async\" class=\"swiper-slide-image\" src=\"https:\/\/grafstil.es\/wp-content\/uploads\/2023\/07\/VICTORIA_22015_1-plancha-policarbonato-celular-vinilada-a-color-300x300.jpg\" alt=\"Expositor PLV cubo PVC Espumado vinilado con luces fluorescentes de la marca Victoria de vestidos de mujer\" \/><\/figure><\/div><div class=\"swiper-slide\"><figure class=\"swiper-slide-inner\"><img decoding=\"async\" class=\"swiper-slide-image\" src=\"https:\/\/grafstil.es\/wp-content\/uploads\/2023\/07\/LOUBOUTIN_20115_5-236x300.jpg\" alt=\"Diferentes expositores PLV de la marca LoubeWorld que se encuentran en diferentes expositores transparentes\" \/><\/figure><\/div><div class=\"swiper-slide\"><figure class=\"swiper-slide-inner\"><img decoding=\"async\" class=\"swiper-slide-image\" src=\"https:\/\/grafstil.es\/wp-content\/uploads\/2023\/07\/LOUBOUTIN_20115_1-expositor-plv-metacrilato-y-cartelas-traseras-300x189.jpg\" alt=\"Diferentes expositores PLV metacrilato y cartelas traseras llamativas con dise\u00f1os decorativos de Navidad que se encuentran en una tienda de LOUBOUTIN\" \/><\/figure><\/div>\t\t\t<\/div>\n\t\t\t\t\t\t\t\t\t\t\t\t<div class=\"swiper-pagination\"><\/div>\n\t\t\t\t\t\t\t\t\t\t\t\t\t<div class=\"elementor-swiper-button elementor-swiper-button-prev\" role=\"button\" tabindex=\"0\">\n\t\t\t\t\t\t<i aria-hidden=\"true\" class=\"eicon-chevron-left\"><\/i>\t\t\t\t\t\t<span class=\"elementor-screen-only\">Previous image<\/span>\n\t\t\t\t\t<\/div>\n\t\t\t\t\t<div class=\"elementor-swiper-button elementor-swiper-button-next\" role=\"button\" tabindex=\"0\">\n\t\t\t\t\t\t<i aria-hidden=\"true\" class=\"eicon-chevron-right\"><\/i>\t\t\t\t\t\t<span class=\"elementor-screen-only\">Next image<\/span>\n\t\t\t\t\t<\/div>\n\t\t\t\t\t\t\t\t\t<\/div>\n\t\t\t\t<\/div>\n\t\t\t\t<\/div>\n\t\t\t\t<div class=\"elementor-element elementor-element-0fed4f3 elementor-widget elementor-widget-spacer\" data-id=\"0fed4f3\" data-element_type=\"widget\" data-widget_type=\"spacer.default\">\n\t\t\t\t<div class=\"elementor-widget-container\">\n\t\t\t\t\t<div class=\"elementor-spacer\">\n\t\t\t<div class=\"elementor-spacer-inner\"><\/div>\n\t\t<\/div>\n\t\t\t\t<\/div>\n\t\t\t\t<\/div>\n\t\t\t\t\t<\/div>\n\t\t<\/div>\n\t\t\t\t\t\t\t<\/div>\n\t\t<\/section>\n\t\t\t\t\t\t\t<\/div>","protected":false},"excerpt":{"rendered":"<p>Impressi\u00f3 digital Imatge anterior Imatge seg\u00fcent Plv Imatge anterior Imatge seg\u00fcent<\/p>","protected":false},"author":3,"featured_media":0,"parent":0,"menu_order":0,"comment_status":"closed","ping_status":"closed","template":"","meta":{"site-sidebar-layout":"no-sidebar","site-content-layout":"page-builder","ast-global-header-display":"","ast-banner-title-visibility":"","ast-main-header-display":"","ast-hfb-above-header-display":"","ast-hfb-below-header-display":"","ast-hfb-mobile-header-display":"","site-post-title":"disabled","ast-breadcrumbs-content":"","ast-featured-img":"disabled","footer-sml-layout":"","theme-transparent-header-meta":"","adv-header-id-meta":"","stick-header-meta":"","header-above-stick-meta":"","header-main-stick-meta":"","header-below-stick-meta":"","footnotes":""},"class_list":["post-1890","page","type-page","status-publish","hentry"],"yoast_head":"<!-- This site is optimized with the Yoast SEO plugin v20.9 - https:\/\/yoast.com\/wordpress\/plugins\/seo\/ -->\n<title>Proyectos - Grafstil Displays | Serigraf\u00eda e Impresi\u00f3n digital<\/title>\n<meta name=\"robots\" content=\"index, follow, max-snippet:-1, max-image-preview:large, max-video-preview:-1\" \/>\n<link rel=\"canonical\" href=\"https:\/\/grafstil.es\/ca\/proyectos\/\" \/>\n<meta property=\"og:locale\" content=\"ca_ES\" \/>\n<meta property=\"og:type\" content=\"article\" \/>\n<meta property=\"og:title\" content=\"Proyectos - Grafstil Displays | Serigraf\u00eda e Impresi\u00f3n digital\" \/>\n<meta property=\"og:description\" content=\"Impresi\u00f3n digital Imagen anterior Imagen siguiente Plv Imagen anterior Imagen siguiente\" \/>\n<meta property=\"og:url\" content=\"https:\/\/grafstil.es\/ca\/proyectos\/\" \/>\n<meta property=\"og:site_name\" content=\"Grafstil Displays | Serigraf\u00eda e Impresi\u00f3n digital\" \/>\n<meta property=\"article:modified_time\" content=\"2023-07-24T10:49:57+00:00\" \/>\n<meta property=\"og:image\" content=\"http:\/\/grafstil.es\/wp-content\/uploads\/2023\/07\/1DE50_19053-metacrilato-con-vinilo-dicroico-300x208.jpg\" \/>\n<meta name=\"twitter:card\" content=\"summary_large_image\" \/>\n<meta name=\"twitter:label1\" content=\"Temps estimat de lectura\" \/>\n\t<meta name=\"twitter:data1\" content=\"7 minuts\" \/>\n<script type=\"application\/ld+json\" class=\"yoast-schema-graph\">{\"@context\":\"https:\/\/schema.org\",\"@graph\":[{\"@type\":\"WebPage\",\"@id\":\"https:\/\/grafstil.es\/proyectos\/\",\"url\":\"https:\/\/grafstil.es\/proyectos\/\",\"name\":\"Proyectos - Grafstil Displays | Serigraf\u00eda e Impresi\u00f3n digital\",\"isPartOf\":{\"@id\":\"https:\/\/grafstil.es\/#website\"},\"datePublished\":\"2023-07-24T09:07:25+00:00\",\"dateModified\":\"2023-07-24T10:49:57+00:00\",\"breadcrumb\":{\"@id\":\"https:\/\/grafstil.es\/proyectos\/#breadcrumb\"},\"inLanguage\":\"ca\",\"potentialAction\":[{\"@type\":\"ReadAction\",\"target\":[\"https:\/\/grafstil.es\/proyectos\/\"]}]},{\"@type\":\"BreadcrumbList\",\"@id\":\"https:\/\/grafstil.es\/proyectos\/#breadcrumb\",\"itemListElement\":[{\"@type\":\"ListItem\",\"position\":1,\"name\":\"Portada\",\"item\":\"https:\/\/grafstil.es\/\"},{\"@type\":\"ListItem\",\"position\":2,\"name\":\"Proyectos\"}]},{\"@type\":\"WebSite\",\"@id\":\"https:\/\/grafstil.es\/#website\",\"url\":\"https:\/\/grafstil.es\/\",\"name\":\"Grafstil Displays | Serigraf\u00eda e Impresi\u00f3n digital\",\"description\":\"Estamos especializados en el dise\u00f1o y fabricaci\u00f3n de expositores de todo tipo, ofrecemos un gran surtido en cuanto a publicidad se refiere empleando para su desarrollo los sistemas de serigraf\u00eda, impresi\u00f3n digital, rotulaci\u00f3n, corte y grabado l\u00e1ser.\",\"potentialAction\":[{\"@type\":\"SearchAction\",\"target\":{\"@type\":\"EntryPoint\",\"urlTemplate\":\"https:\/\/grafstil.es\/?s={search_term_string}\"},\"query-input\":\"required name=search_term_string\"}],\"inLanguage\":\"ca\"}]}<\/script>\n<!-- \/ Yoast SEO plugin. -->","yoast_head_json":{"title":"Proyectos - Grafstil Displays | Serigraf\u00eda e Impresi\u00f3n digital","robots":{"index":"index","follow":"follow","max-snippet":"max-snippet:-1","max-image-preview":"max-image-preview:large","max-video-preview":"max-video-preview:-1"},"canonical":"https:\/\/grafstil.es\/ca\/proyectos\/","og_locale":"ca_ES","og_type":"article","og_title":"Proyectos - Grafstil Displays | Serigraf\u00eda e Impresi\u00f3n digital","og_description":"Impresi\u00f3n digital Imagen anterior Imagen siguiente Plv Imagen anterior Imagen siguiente","og_url":"https:\/\/grafstil.es\/ca\/proyectos\/","og_site_name":"Grafstil Displays | Serigraf\u00eda e Impresi\u00f3n digital","article_modified_time":"2023-07-24T10:49:57+00:00","og_image":[{"url":"http:\/\/grafstil.es\/wp-content\/uploads\/2023\/07\/1DE50_19053-metacrilato-con-vinilo-dicroico-300x208.jpg"}],"twitter_card":"summary_large_image","twitter_misc":{"Temps estimat de lectura":"7 minuts"},"schema":{"@context":"https:\/\/schema.org","@graph":[{"@type":"WebPage","@id":"https:\/\/grafstil.es\/proyectos\/","url":"https:\/\/grafstil.es\/proyectos\/","name":"Proyectos - Grafstil Displays | Serigraf\u00eda e Impresi\u00f3n digital","isPartOf":{"@id":"https:\/\/grafstil.es\/#website"},"datePublished":"2023-07-24T09:07:25+00:00","dateModified":"2023-07-24T10:49:57+00:00","breadcrumb":{"@id":"https:\/\/grafstil.es\/proyectos\/#breadcrumb"},"inLanguage":"ca","potentialAction":[{"@type":"ReadAction","target":["https:\/\/grafstil.es\/proyectos\/"]}]},{"@type":"BreadcrumbList","@id":"https:\/\/grafstil.es\/proyectos\/#breadcrumb","itemListElement":[{"@type":"ListItem","position":1,"name":"Portada","item":"https:\/\/grafstil.es\/"},{"@type":"ListItem","position":2,"name":"Proyectos"}]},{"@type":"WebSite","@id":"https:\/\/grafstil.es\/#website","url":"https:\/\/grafstil.es\/","name":"Grafstil Displays | Serigraf\u00eda e Impresi\u00f3n digital","description":"Estamos especializados en el dise\u00f1o y fabricaci\u00f3n de expositores de todo tipo, ofrecemos un gran surtido en cuanto a publicidad se refiere empleando para su desarrollo los sistemas de serigraf\u00eda, impresi\u00f3n digital, rotulaci\u00f3n, corte y grabado l\u00e1ser.","potentialAction":[{"@type":"SearchAction","target":{"@type":"EntryPoint","urlTemplate":"https:\/\/grafstil.es\/?s={search_term_string}"},"query-input":"required name=search_term_string"}],"inLanguage":"ca"}]}},"_links":{"self":[{"href":"https:\/\/grafstil.es\/ca\/wp-json\/wp\/v2\/pages\/1890","targetHints":{"allow":["GET"]}}],"collection":[{"href":"https:\/\/grafstil.es\/ca\/wp-json\/wp\/v2\/pages"}],"about":[{"href":"https:\/\/grafstil.es\/ca\/wp-json\/wp\/v2\/types\/page"}],"author":[{"embeddable":true,"href":"https:\/\/grafstil.es\/ca\/wp-json\/wp\/v2\/users\/3"}],"replies":[{"embeddable":true,"href":"https:\/\/grafstil.es\/ca\/wp-json\/wp\/v2\/comments?post=1890"}],"version-history":[{"count":25,"href":"https:\/\/grafstil.es\/ca\/wp-json\/wp\/v2\/pages\/1890\/revisions"}],"predecessor-version":[{"id":1948,"href":"https:\/\/grafstil.es\/ca\/wp-json\/wp\/v2\/pages\/1890\/revisions\/1948"}],"wp:attachment":[{"href":"https:\/\/grafstil.es\/ca\/wp-json\/wp\/v2\/media?parent=1890"}],"curies":[{"name":"wp","href":"https:\/\/api.w.org\/{rel}","templated":true}]}}