{"id":363,"date":"2023-05-14T08:35:21","date_gmt":"2023-05-14T08:35:21","guid":{"rendered":"http:\/\/manuelacosta.es.s111-117.furanet.com\/?page_id=363"},"modified":"2023-05-23T21:04:45","modified_gmt":"2023-05-23T21:04:45","slug":"blog","status":"publish","type":"page","link":"https:\/\/grafstil.es\/ca\/blog\/","title":{"rendered":"Blog"},"content":{"rendered":"<div data-elementor-type=\"wp-page\" data-elementor-id=\"363\" class=\"elementor elementor-363\">\n\t\t\t\t\t\t\t\t\t<section class=\"elementor-section elementor-top-section elementor-element elementor-element-1bb1e27c elementor-section-full_width elementor-section-height-min-height elementor-section-height-default elementor-section-items-middle\" data-id=\"1bb1e27c\" data-element_type=\"section\" data-settings=\"{&quot;background_background&quot;:&quot;classic&quot;}\">\n\t\t\t\t\t\t\t<div class=\"elementor-background-overlay\"><\/div>\n\t\t\t\t\t\t\t<div class=\"elementor-container elementor-column-gap-default\">\n\t\t\t\t\t<div class=\"elementor-column elementor-col-100 elementor-top-column elementor-element elementor-element-cb52a68\" data-id=\"cb52a68\" data-element_type=\"column\">\n\t\t\t<div class=\"elementor-widget-wrap elementor-element-populated\">\n\t\t\t\t\t\t\t\t<div class=\"elementor-element elementor-element-2184627a elementor-widget elementor-widget-jkit_heading\" data-id=\"2184627a\" data-element_type=\"widget\" data-settings=\"{&quot;motion_fx_motion_fx_scrolling&quot;:&quot;yes&quot;,&quot;motion_fx_devices&quot;:[&quot;desktop&quot;,&quot;tablet&quot;,&quot;mobile&quot;]}\" data-widget_type=\"jkit_heading.default\">\n\t\t\t\t<div class=\"elementor-widget-container\">\n\t\t\t<div  class=\"jeg-elementor-kit jkit-heading  align-center align-tablet- align-mobile- jeg_module___69e7391962178\" ><div class=\"heading-section-title  display-inline-block\"><h2 class=\"heading-title\">BLOG<\/h2><\/div><div class=\"heading-section-separator\"><div class=\"separator-wrapper style-solid\"><\/div><\/div><\/div>\t\t<\/div>\n\t\t\t\t<\/div>\n\t\t\t\t\t<\/div>\n\t\t<\/div>\n\t\t\t\t\t\t\t<\/div>\n\t\t<\/section>\n\t\t\t\t<section class=\"elementor-section elementor-top-section elementor-element elementor-element-f9d4b90 elementor-section-boxed elementor-section-height-default elementor-section-height-default\" data-id=\"f9d4b90\" data-element_type=\"section\">\n\t\t\t\t\t\t<div class=\"elementor-container elementor-column-gap-default\">\n\t\t\t\t\t<div class=\"elementor-column elementor-col-100 elementor-top-column elementor-element elementor-element-8b44db2\" data-id=\"8b44db2\" data-element_type=\"column\">\n\t\t\t<div class=\"elementor-widget-wrap elementor-element-populated\">\n\t\t\t\t\t\t\t\t<div class=\"elementor-element elementor-element-1e5732a elementor-grid-3 elementor-grid-tablet-2 elementor-grid-mobile-1 elementor-posts--thumbnail-top elementor-card-shadow-yes elementor-posts__hover-gradient elementor-widget elementor-widget-posts\" data-id=\"1e5732a\" data-element_type=\"widget\" data-settings=\"{&quot;pagination_type&quot;:&quot;numbers_and_prev_next&quot;,&quot;cards_columns&quot;:&quot;3&quot;,&quot;cards_columns_tablet&quot;:&quot;2&quot;,&quot;cards_columns_mobile&quot;:&quot;1&quot;,&quot;cards_row_gap&quot;:{&quot;unit&quot;:&quot;px&quot;,&quot;size&quot;:35,&quot;sizes&quot;:[]},&quot;cards_row_gap_tablet&quot;:{&quot;unit&quot;:&quot;px&quot;,&quot;size&quot;:&quot;&quot;,&quot;sizes&quot;:[]},&quot;cards_row_gap_mobile&quot;:{&quot;unit&quot;:&quot;px&quot;,&quot;size&quot;:&quot;&quot;,&quot;sizes&quot;:[]}}\" data-widget_type=\"posts.cards\">\n\t\t\t\t<div class=\"elementor-widget-container\">\n\t\t\t<link rel=\"stylesheet\" href=\"https:\/\/grafstil.es\/wp-content\/plugins\/elementor-pro\/assets\/css\/widget-posts.min.css\">\t\t<div class=\"elementor-posts-container elementor-posts elementor-posts--skin-cards elementor-grid\">\n\t\t\t\t<article class=\"elementor-post elementor-grid-item post-2828 post type-post status-publish format-standard hentry category-sin-categoria\">\n\t\t\t<div class=\"elementor-post__card\">\n\t\t\t\t<div class=\"elementor-post__text\">\n\t\t\t\t<h3 class=\"elementor-post__title\">\n\t\t\t<a href=\"https:\/\/grafstil.es\/ca\/mrbit-ro\/\" >\n\t\t\t\tMrBit Casino: Descoper\u0103 Ofertele Exclusive cu Rotiri \u0219i Bonusuri F\u0103r\u0103 Depunere\t\t\t<\/a>\n\t\t<\/h3>\n\t\t\t\t<div class=\"elementor-post__excerpt\">\n\t\t\t<p>MrBit este una dintre platformele de cazinou online care atrage juc\u0103torii rom\u00e2ni prin promo\u021biile generoase \u0219i interfa\u021ba prietenoas\u0103. Fie c\u0103 e\u0219ti un \u00eencep\u0103tor sau un<\/p>\n\t\t<\/div>\n\t\t\n\t\t<a class=\"elementor-post__read-more\" href=\"https:\/\/grafstil.es\/ca\/mrbit-ro\/\" aria-label=\"Read more about MrBit Casino: Descoper\u0103 Ofertele Exclusive cu Rotiri \u0219i Bonusuri F\u0103r\u0103 Depunere\" >\n\t\t\tLLEGIR M\u00c9S &#034;\t\t<\/a>\n\n\t\t\t\t<\/div>\n\t\t\t\t\t<\/div>\n\t\t<\/article>\n\t\t\t\t<article class=\"elementor-post elementor-grid-item post-2826 post type-post status-publish format-standard hentry category-sin-categoria\">\n\t\t\t<div class=\"elementor-post__card\">\n\t\t\t\t<div class=\"elementor-post__text\">\n\t\t\t\t<h3 class=\"elementor-post__title\">\n\t\t\t<a href=\"https:\/\/grafstil.es\/ca\/20bet-brasil\/\" >\n\t\t\t\t20bet Brasil: An\u00e1lise Completa do Cassino Online e Apostas Esportivas\t\t\t<\/a>\n\t\t<\/h3>\n\t\t\t\t<div class=\"elementor-post__excerpt\">\n\t\t\t<p>Se voc\u00ea est\u00e1 procurando uma plataforma de apostas confi\u00e1vel e emocionante no mercado brasileiro, a 20bet Brasil se destaca como uma excelente op\u00e7\u00e3o. Com uma<\/p>\n\t\t<\/div>\n\t\t\n\t\t<a class=\"elementor-post__read-more\" href=\"https:\/\/grafstil.es\/ca\/20bet-brasil\/\" aria-label=\"Read more about 20bet Brasil: An\u00e1lise Completa do Cassino Online e Apostas Esportivas\" >\n\t\t\tLLEGIR M\u00c9S &#034;\t\t<\/a>\n\n\t\t\t\t<\/div>\n\t\t\t\t\t<\/div>\n\t\t<\/article>\n\t\t\t\t<article class=\"elementor-post elementor-grid-item post-2824 post type-post status-publish format-standard hentry category-sin-categoria\">\n\t\t\t<div class=\"elementor-post__card\">\n\t\t\t\t<div class=\"elementor-post__text\">\n\t\t\t\t<h3 class=\"elementor-post__title\">\n\t\t\t<a href=\"https:\/\/grafstil.es\/ca\/boabet-hu-2\/\" >\n\t\t\t\tBoabet Casino: Fedezd fel a legfrissebb szerencsej\u00e1t\u00e9k-\u00e9lm\u00e9nyt!\t\t\t<\/a>\n\t\t<\/h3>\n\t\t\t\t<div class=\"elementor-post__excerpt\">\n\t\t\t<p>A Boabet Casino gyorsan a magyar szerencsej\u00e1t\u00e9kosok kedvence lett, k\u00f6sz\u00f6nhet\u0151en a sz\u00e9les j\u00e1t\u00e9kk\u00edn\u00e1latnak \u00e9s a vonz\u00f3 b\u00f3nuszoknak. Ha m\u00e9g nem pr\u00f3b\u00e1ltad, itt az id\u0151, hogy<\/p>\n\t\t<\/div>\n\t\t\n\t\t<a class=\"elementor-post__read-more\" href=\"https:\/\/grafstil.es\/ca\/boabet-hu-2\/\" aria-label=\"Read more about Boabet Casino: Fedezd fel a legfrissebb szerencsej\u00e1t\u00e9k-\u00e9lm\u00e9nyt!\" >\n\t\t\tLLEGIR M\u00c9S &#034;\t\t<\/a>\n\n\t\t\t\t<\/div>\n\t\t\t\t\t<\/div>\n\t\t<\/article>\n\t\t\t\t<article class=\"elementor-post elementor-grid-item post-2822 post type-post status-publish format-standard hentry category-sin-categoria\">\n\t\t\t<div class=\"elementor-post__card\">\n\t\t\t\t<div class=\"elementor-post__text\">\n\t\t\t\t<h3 class=\"elementor-post__title\">\n\t\t\t<a href=\"https:\/\/grafstil.es\/ca\/rizk-hr\/\" >\n\t\t\t\tRizk HR Casino: Ultimativno iskustvo online kockanja\t\t\t<\/a>\n\t\t<\/h3>\n\t\t\t\t<div class=\"elementor-post__excerpt\">\n\t\t\t<p>Rizk HR casino je jedna od najpopularnijih platformi za online kockanje u Hrvatskoj, poznata po svom jedinstvenom pristupu i bogatoj ponudi igara. Ovaj casino donosi<\/p>\n\t\t<\/div>\n\t\t\n\t\t<a class=\"elementor-post__read-more\" href=\"https:\/\/grafstil.es\/ca\/rizk-hr\/\" aria-label=\"Read more about Rizk HR Casino: Ultimativno iskustvo online kockanja\" >\n\t\t\tLLEGIR M\u00c9S &#034;\t\t<\/a>\n\n\t\t\t\t<\/div>\n\t\t\t\t\t<\/div>\n\t\t<\/article>\n\t\t\t\t<article class=\"elementor-post elementor-grid-item post-2820 post type-post status-publish format-standard hentry category-sin-categoria\">\n\t\t\t<div class=\"elementor-post__card\">\n\t\t\t\t<div class=\"elementor-post__text\">\n\t\t\t\t<h3 class=\"elementor-post__title\">\n\t\t\t<a href=\"https:\/\/grafstil.es\/ca\/bet7-ro\/\" >\n\t\t\t\tBet7: Casino online cu promo\u021bii irezistibile \u0219i jocuri captivante\t\t\t<\/a>\n\t\t<\/h3>\n\t\t\t\t<div class=\"elementor-post__excerpt\">\n\t\t\t<p>Bet7 se remarc\u0103 pe pia\u021ba cazinourilor online din Rom\u00e2nia prin oferta sa generoas\u0103 \u0219i interfa\u021ba modern\u0103, potrivit\u0103 at\u00e2t pentru \u00eencep\u0103tori, c\u00e2t \u0219i pentru juc\u0103torii experimenta\u021bi.<\/p>\n\t\t<\/div>\n\t\t\n\t\t<a class=\"elementor-post__read-more\" href=\"https:\/\/grafstil.es\/ca\/bet7-ro\/\" aria-label=\"Read more about Bet7: Casino online cu promo\u021bii irezistibile \u0219i jocuri captivante\" >\n\t\t\tLLEGIR M\u00c9S &#034;\t\t<\/a>\n\n\t\t\t\t<\/div>\n\t\t\t\t\t<\/div>\n\t\t<\/article>\n\t\t\t\t<article class=\"elementor-post elementor-grid-item post-2818 post type-post status-publish format-standard hentry category-sin-categoria\">\n\t\t\t<div class=\"elementor-post__card\">\n\t\t\t\t<div class=\"elementor-post__text\">\n\t\t\t\t<h3 class=\"elementor-post__title\">\n\t\t\t<a href=\"https:\/\/grafstil.es\/ca\/eurojackpot-sk\/\" >\n\t\t\t\tEurojackpot: Najnov\u0161ie trendy a tipy pre \u00faspe\u0161n\u00e9 hry\t\t\t<\/a>\n\t\t<\/h3>\n\t\t\t\t<div class=\"elementor-post__excerpt\">\n\t\t\t<p>Eurojackpot je jednou z najpopul\u00e1rnej\u0161\u00edch lot\u00e9ri\u00ed v Eur\u00f3pe, ktor\u00e1 l\u00e1ka mili\u00f3ny hr\u00e1\u010dov svojimi obrovsk\u00fdmi jackpotmi a vzru\u0161uj\u00facimi \u017erebovaniami. Ka\u017ed\u00fd t\u00fd\u017ede\u0148 sa hr\u00e1\u010di te\u0161ia na \u0161ancu<\/p>\n\t\t<\/div>\n\t\t\n\t\t<a class=\"elementor-post__read-more\" href=\"https:\/\/grafstil.es\/ca\/eurojackpot-sk\/\" aria-label=\"Read more about Eurojackpot: Najnov\u0161ie trendy a tipy pre \u00faspe\u0161n\u00e9 hry\" >\n\t\t\tLLEGIR M\u00c9S &#034;\t\t<\/a>\n\n\t\t\t\t<\/div>\n\t\t\t\t\t<\/div>\n\t\t<\/article>\n\t\t\t\t<\/div>\n\t\t\n\t\t\t\t<div class=\"e-load-more-anchor\" data-page=\"1\" data-max-page=\"41\" data-next-page=\"https:\/\/grafstil.es\/ca\/wp-json\/wp\/v2\/pages\/363\/page\/2\/\"><\/div>\n\t\t\t\t<nav class=\"elementor-pagination\" aria-label=\"Pagination\">\n\t\t\t<span class=\"page-numbers prev\">&#034;Anterior<\/span>\n<span aria-current=\"page\" class=\"page-numbers current\"><span class=\"elementor-screen-only\">Page<\/span>1<\/span>\n<a class=\"page-numbers\" href=\"https:\/\/grafstil.es\/ca\/wp-json\/wp\/v2\/pages\/363\/page\/2\/\"><span class=\"elementor-screen-only\">Page<\/span>2<\/a>\n<a class=\"page-numbers\" href=\"https:\/\/grafstil.es\/ca\/wp-json\/wp\/v2\/pages\/363\/page\/3\/\"><span class=\"elementor-screen-only\">Page<\/span>3<\/a>\n<a class=\"page-numbers\" href=\"https:\/\/grafstil.es\/ca\/wp-json\/wp\/v2\/pages\/363\/page\/4\/\"><span class=\"elementor-screen-only\">Page<\/span>4<\/a>\n<a class=\"page-numbers\" href=\"https:\/\/grafstil.es\/ca\/wp-json\/wp\/v2\/pages\/363\/page\/5\/\"><span class=\"elementor-screen-only\">Page<\/span>5<\/a>\n<a class=\"page-numbers next\" href=\"https:\/\/grafstil.es\/ca\/wp-json\/wp\/v2\/pages\/363\/page\/2\/\">Seg\u00fcent &#034;<\/a>\t\t<\/nav>\n\t\t\t\t<\/div>\n\t\t\t\t<\/div>\n\t\t\t\t\t<\/div>\n\t\t<\/div>\n\t\t\t\t\t\t\t<\/div>\n\t\t<\/section>\n\t\t\t\t\t\t\t<\/div>","protected":false},"excerpt":{"rendered":"<p>BLOG<\/p>","protected":false},"author":1,"featured_media":0,"parent":0,"menu_order":0,"comment_status":"closed","ping_status":"closed","template":"","meta":{"site-sidebar-layout":"no-sidebar","site-content-layout":"page-builder","ast-global-header-display":"","ast-banner-title-visibility":"","ast-main-header-display":"","ast-hfb-above-header-display":"","ast-hfb-below-header-display":"","ast-hfb-mobile-header-display":"","site-post-title":"disabled","ast-breadcrumbs-content":"","ast-featured-img":"disabled","footer-sml-layout":"","theme-transparent-header-meta":"default","adv-header-id-meta":"","stick-header-meta":"","header-above-stick-meta":"","header-main-stick-meta":"","header-below-stick-meta":"","footnotes":""},"class_list":["post-363","page","type-page","status-publish","hentry"],"yoast_head":"<!-- This site is optimized with the Yoast SEO plugin v20.9 - https:\/\/yoast.com\/wordpress\/plugins\/seo\/ -->\n<title>Blog | Empresa de fabricaci\u00f3n de PLV - Grafstil<\/title>\n<meta name=\"description\" content=\"Explora el blog de Grafstil para consejos y tendencias en publicidad y dise\u00f1o. Encuentra inspiraci\u00f3n y conocimiento para potenciar tu negocio.\" \/>\n<meta name=\"robots\" content=\"index, follow, max-snippet:-1, max-image-preview:large, max-video-preview:-1\" \/>\n<link rel=\"canonical\" href=\"https:\/\/grafstil.es\/ca\/blog\/\" \/>\n<meta property=\"og:locale\" content=\"ca_ES\" \/>\n<meta property=\"og:type\" content=\"article\" \/>\n<meta property=\"og:title\" content=\"Blog | Empresa de fabricaci\u00f3n de PLV - Grafstil\" \/>\n<meta property=\"og:description\" content=\"Explora el blog de Grafstil para consejos y tendencias en publicidad y dise\u00f1o. Encuentra inspiraci\u00f3n y conocimiento para potenciar tu negocio.\" \/>\n<meta property=\"og:url\" content=\"https:\/\/grafstil.es\/ca\/blog\/\" \/>\n<meta property=\"og:site_name\" content=\"Grafstil Displays | Serigraf\u00eda e Impresi\u00f3n digital\" \/>\n<meta property=\"article:modified_time\" content=\"2023-05-23T21:04:45+00:00\" \/>\n<meta name=\"twitter:card\" content=\"summary_large_image\" \/>\n<script type=\"application\/ld+json\" class=\"yoast-schema-graph\">{\"@context\":\"https:\/\/schema.org\",\"@graph\":[{\"@type\":\"WebPage\",\"@id\":\"https:\/\/grafstil.es\/blog\/\",\"url\":\"https:\/\/grafstil.es\/blog\/\",\"name\":\"Blog | Empresa de fabricaci\u00f3n de PLV - Grafstil\",\"isPartOf\":{\"@id\":\"https:\/\/grafstil.es\/#website\"},\"datePublished\":\"2023-05-14T08:35:21+00:00\",\"dateModified\":\"2023-05-23T21:04:45+00:00\",\"description\":\"Explora el blog de Grafstil para consejos y tendencias en publicidad y dise\u00f1o. Encuentra inspiraci\u00f3n y conocimiento para potenciar tu negocio.\",\"breadcrumb\":{\"@id\":\"https:\/\/grafstil.es\/blog\/#breadcrumb\"},\"inLanguage\":\"ca\",\"potentialAction\":[{\"@type\":\"ReadAction\",\"target\":[\"https:\/\/grafstil.es\/blog\/\"]}]},{\"@type\":\"BreadcrumbList\",\"@id\":\"https:\/\/grafstil.es\/blog\/#breadcrumb\",\"itemListElement\":[{\"@type\":\"ListItem\",\"position\":1,\"name\":\"Portada\",\"item\":\"https:\/\/grafstil.es\/\"},{\"@type\":\"ListItem\",\"position\":2,\"name\":\"Blog\"}]},{\"@type\":\"WebSite\",\"@id\":\"https:\/\/grafstil.es\/#website\",\"url\":\"https:\/\/grafstil.es\/\",\"name\":\"Grafstil Displays | Serigraf\u00eda e Impresi\u00f3n digital\",\"description\":\"Estamos especializados en el dise\u00f1o y fabricaci\u00f3n de expositores de todo tipo, ofrecemos un gran surtido en cuanto a publicidad se refiere empleando para su desarrollo los sistemas de serigraf\u00eda, impresi\u00f3n digital, rotulaci\u00f3n, corte y grabado l\u00e1ser.\",\"potentialAction\":[{\"@type\":\"SearchAction\",\"target\":{\"@type\":\"EntryPoint\",\"urlTemplate\":\"https:\/\/grafstil.es\/?s={search_term_string}\"},\"query-input\":\"required name=search_term_string\"}],\"inLanguage\":\"ca\"}]}<\/script>\n<!-- \/ Yoast SEO plugin. -->","yoast_head_json":{"title":"Blog | Empresa de fabricaci\u00f3n de PLV - Grafstil","description":"Explora el blog de Grafstil para consejos y tendencias en publicidad y dise\u00f1o. Encuentra inspiraci\u00f3n y conocimiento para potenciar tu negocio.","robots":{"index":"index","follow":"follow","max-snippet":"max-snippet:-1","max-image-preview":"max-image-preview:large","max-video-preview":"max-video-preview:-1"},"canonical":"https:\/\/grafstil.es\/ca\/blog\/","og_locale":"ca_ES","og_type":"article","og_title":"Blog | Empresa de fabricaci\u00f3n de PLV - Grafstil","og_description":"Explora el blog de Grafstil para consejos y tendencias en publicidad y dise\u00f1o. Encuentra inspiraci\u00f3n y conocimiento para potenciar tu negocio.","og_url":"https:\/\/grafstil.es\/ca\/blog\/","og_site_name":"Grafstil Displays | Serigraf\u00eda e Impresi\u00f3n digital","article_modified_time":"2023-05-23T21:04:45+00:00","twitter_card":"summary_large_image","schema":{"@context":"https:\/\/schema.org","@graph":[{"@type":"WebPage","@id":"https:\/\/grafstil.es\/blog\/","url":"https:\/\/grafstil.es\/blog\/","name":"Blog | Empresa de fabricaci\u00f3n de PLV - Grafstil","isPartOf":{"@id":"https:\/\/grafstil.es\/#website"},"datePublished":"2023-05-14T08:35:21+00:00","dateModified":"2023-05-23T21:04:45+00:00","description":"Explora el blog de Grafstil para consejos y tendencias en publicidad y dise\u00f1o. Encuentra inspiraci\u00f3n y conocimiento para potenciar tu negocio.","breadcrumb":{"@id":"https:\/\/grafstil.es\/blog\/#breadcrumb"},"inLanguage":"ca","potentialAction":[{"@type":"ReadAction","target":["https:\/\/grafstil.es\/blog\/"]}]},{"@type":"BreadcrumbList","@id":"https:\/\/grafstil.es\/blog\/#breadcrumb","itemListElement":[{"@type":"ListItem","position":1,"name":"Portada","item":"https:\/\/grafstil.es\/"},{"@type":"ListItem","position":2,"name":"Blog"}]},{"@type":"WebSite","@id":"https:\/\/grafstil.es\/#website","url":"https:\/\/grafstil.es\/","name":"Grafstil Displays | Serigraf\u00eda e Impresi\u00f3n digital","description":"Estamos especializados en el dise\u00f1o y fabricaci\u00f3n de expositores de todo tipo, ofrecemos un gran surtido en cuanto a publicidad se refiere empleando para su desarrollo los sistemas de serigraf\u00eda, impresi\u00f3n digital, rotulaci\u00f3n, corte y grabado l\u00e1ser.","potentialAction":[{"@type":"SearchAction","target":{"@type":"EntryPoint","urlTemplate":"https:\/\/grafstil.es\/?s={search_term_string}"},"query-input":"required name=search_term_string"}],"inLanguage":"ca"}]}},"_links":{"self":[{"href":"https:\/\/grafstil.es\/ca\/wp-json\/wp\/v2\/pages\/363","targetHints":{"allow":["GET"]}}],"collection":[{"href":"https:\/\/grafstil.es\/ca\/wp-json\/wp\/v2\/pages"}],"about":[{"href":"https:\/\/grafstil.es\/ca\/wp-json\/wp\/v2\/types\/page"}],"author":[{"embeddable":true,"href":"https:\/\/grafstil.es\/ca\/wp-json\/wp\/v2\/users\/1"}],"replies":[{"embeddable":true,"href":"https:\/\/grafstil.es\/ca\/wp-json\/wp\/v2\/comments?post=363"}],"version-history":[{"count":19,"href":"https:\/\/grafstil.es\/ca\/wp-json\/wp\/v2\/pages\/363\/revisions"}],"predecessor-version":[{"id":967,"href":"https:\/\/grafstil.es\/ca\/wp-json\/wp\/v2\/pages\/363\/revisions\/967"}],"wp:attachment":[{"href":"https:\/\/grafstil.es\/ca\/wp-json\/wp\/v2\/media?parent=363"}],"curies":[{"name":"wp","href":"https:\/\/api.w.org\/{rel}","templated":true}]}}